{"id":8,"date":"2016-06-25T19:10:58","date_gmt":"2016-06-25T17:10:58","guid":{"rendered":"http:\/\/dertheatermacher.ch\/theaterobertor\/?page_id=8"},"modified":"2026-01-06T08:59:01","modified_gmt":"2026-01-06T07:59:01","slug":"tickets","status":"publish","type":"page","link":"https:\/\/dertheatermacher.ch\/theaterobertor\/tickets\/","title":{"rendered":"Tickets"},"content":{"rendered":"\n<p><\/p>\n\n\n\n<p id=\"block-3ae6028e-bd34-4134-ad61-35de65e58e27\"><strong>\u00abMarius\u00bb und \u00abFanny\u00bb vom 8. bis 21. September 2025 im ref. Kirchgemeindehaus Winterthur-Veltheim, Feldstrasse 6 (Bus 2 bis Tellstrasse)<\/strong><\/p>\n\n\n\n<p class=\"has-text-align-left\">Liebe Theaterbesucherin, lieber Theaterbesucher<\/p>\n\n\n\n<p class=\"has-text-align-left\">Hier k\u00f6nnen Sie Pl\u00e4tze f\u00fcr die Auff\u00fchrungen von \u00abFanny\u00bb und \u00abMarius\u00bb bestellen. Die Pl\u00e4tze sind nicht nummeriert. Der regul\u00e4re Eintritt kostet 30 Franken, Studierende, Sch\u00fclerinnen und Sch\u00fcler bezahlen 20 Franken. Das Kombi-Ticket f\u00fcr beide Auff\u00fchrungen kostet 50 bzw. 35 Franken. Die Tickets k\u00f6nnen nur an der Kasse bezahlt werden (Bargeld und Twint).<\/p>\n\n\n\n<p class=\"has-text-align-left\">Im Anschluss an Ihre Bestellung erhalten Sie eine Best\u00e4tigung per E-Mail. Bitte holen Sie Ihre Karten 20 Minuten vor Vorstellungsbeginn an der Kasse ab. Sollten Sie trotz Bestellung verhindert sein, bitten wir Sie um Abmeldung unter theater@dertexter.ch, damit wir die Pl\u00e4tze wieder freigeben k\u00f6nnen. Herzlichen Dank.<\/p>\n\n\n\n<p><strong>Auffu\u0308hrungsdaten 2025 (in Klammern Besetzung):<\/strong><br>Montag, 8. September, 20 Uhr: \u00abMarius\u00bb (1)<br>Dienstag, 9. September, 20 Uhr: \u00abFanny\u00bb (1)<br>Mittwoch, 10. September, 20 Uhr: \u00abMarius\u00bb (2)<br>Freitag, 12. September, 20 Uhr: \u00abFanny\u00bb (2)<br>Samstag, 13. September, 14 Uhr: \u00abMarius\u00bb (1)<br>Samstag, 13. September, 20 Uhr: \u00abFanny\u00bb (1)<br>Sonntag, 14. September, 11 Uhr: \u00abMarius\u00bb (2)<br>Sonntag, 14. September, 15.30 Uhr: \u00abFanny\u00bb (2)<br>Sonntag, 14. September, 20 Uhr: \u00abMarius\u00bb (1)<br>Montag, 15. September, 20 Uhr: \u00abFanny\u00bb (1)<br>Donnerstag, 18. September, 20 Uhr: \u00abMarius\u00bb (2)<br>Freitag, 19. September, 20 Uhr: \u00abFanny\u00bb (2)<br>Samstag, 20. September, 14 Uhr: \u00abMarius\u00bb (1)<br>Samstag, 20. September, 20 Uhr: \u00abFanny\u00bb (1)<br>Sonntag, 21. September, 14 Uhr: \u00abMarius\u00bb (2)<br>Sonntag, 21. September, 19 Uhr: \u00abFanny\u00bb (2)<\/p>\n\n\n\n<div style=\"display:none\" class=\"fm-form-container fm-theme47\"><div id=\"fm-pages10\" class=\"fm-pages wdform_page_navigation \" show_title=\"false\" show_numbers=\"true\" type=\"none\"><\/div><form name=\"form10\" action=\"\/theaterobertor\/wp-json\/wp\/v2\/pages\/8\" method=\"post\" id=\"form10\" class=\"fm-form form10  \" enctype=\"multipart\/form-data\"><input type=\"hidden\" id=\"fm_page_id10\" value=\"8\" name=\"fm_page_id10\" \/><input type=\"hidden\" id=\"fm_current_post_type10\" value=\"page\" name=\"fm_current_post_type10\" \/><input type=\"hidden\" id=\"counter10\" value=\"11\" name=\"counter10\" \/><input type=\"hidden\" id=\"Itemid10\" value=\"\" name=\"Itemid10\" \/><input type=\"hidden\" id=\"fm_shake10\" value=\"1\" name=\"fm_shake10\" \/><input type=\"text\" class=\"fm-hide\" id=\"fm_empty_field_validation10\" value=\"\" name=\"fm_empty_field_validation10\" data-value=\"bd736efb144d599cf463541431fbf5c4\" \/><div class=\"wdform-page-and-images fm-form-builder\" style=\"display:table; border-top:0px solid black;\"><div id=\"10form_view1\" class=\"wdform_page\" page_title=\"Untitled page\" next_title=\"Next\" next_type=\"text\" next_class=\"wdform-page-button\" next_checkable=\"false\" previous_title=\"Previous\" previous_type=\"text\" previous_class=\"wdform-page-button\" previous_checkable=\"false\"><div class=\"wdform_section fm-col-1\"><div class=\"wdform_column\"><div style=\"\" class=\"wdform_row\" wdid=\"8\"><div type=\"type_name\" class=\"wdform-field wd-width-100 wd-flex wd-flex-row fm-type_name\" ><div class=\"wdform-label-section wd-width-30  wd-flex-row\" style=\"max-width: 200px;\">    <label  for=\"wdform_8_element_first10\" class=\"wdform-label\">Reservation f\u00fcr:<\/label><span class=\"wdform-required\">*<\/span><\/div><div class=\"wdform-element-section wd-flex  wd-flex-row wd-width-70\" style=\"max-width: 160px;\"><div class=\"wd-flex wd-flex-column wd-width-50\"><input type=\"text\" class=\"wd-width-100\" id=\"wdform_8_element_first10\" name=\"wdform_8_element_first10\" data-value=\"\" value=\"\" title=\"\" placeholder=\"\"  \/><label class=\"mini_label\" for=\"wdform_8_element_first10\">Vorname<\/label><\/div><div class=\"wd-flex wd-flex-column wd-name-separator\"><\/div><div class=\"wd-flex wd-flex-column wd-width-50\"><input type=\"text\" class=\"wd-width-100\" id=\"wdform_8_element_last10\" name=\"wdform_8_element_last10\" data-value=\"\" value=\"\" title=\"\" placeholder=\"\"  \/><label class=\"mini_label\" for=\"wdform_8_element_last10\">Nachname<\/label><\/div><\/div><\/div><\/div><\/div><div class=\"wdform_column\"><div style=\"\" class=\"wdform_row\" wdid=\"10\"><div type=\"type_phone\" class=\"wdform-field wd-width-100 wd-flex wd-flex-row fm-type_phone\" ><div class=\"wdform-label-section wd-width-30  wd-flex-row\" style=\"max-width: 200px;\">    <label  for=\"wdform_10_element_first10\" class=\"wdform-label\">Telefon:<\/label><span class=\"wdform-required\">*<\/span><\/div><div class=\"wdform-element-section wd-flex  wd-flex-row wd-width-70\" style=\"max-width: 260px;\"><div class=\"wd-flex wd-flex-column wd-width-20\">                <input type=\"text\" class=\"wd-phone-first\" id=\"wdform_10_element_first10\" name=\"wdform_10_element_first10\" value=\"\" title=\"\" placeholder=\"\" >                <label for=\"wdform_10_element_first10\" class=\"mini_label wd-flex-column\">Vorwahl<\/label>              <\/div>              <div>                <div class=\"wd-flex wd-flex-column \">&nbsp;-&nbsp;<\/div>              <\/div>              <div class=\"wd-flex wd-flex-column wd-width-80\">                <input type=\"text\" class=\"wd-flex-column wd-width-100\" id=\"wdform_10_element_last10\" name=\"wdform_10_element_last10\" value=\"\" title=\"\" placeholder=\"\"  \/>                <label for=\"wdform_10_element_last10\" class=\"wd-flex-column mini_label\">Nummer<\/label>              <\/div><\/div><\/div><\/div><\/div><div class=\"wdform_column\"><div style=\"\" class=\"wdform_row\" wdid=\"9\"><div type=\"type_submitter_mail\" class=\"wdform-field wd-width-100 wd-flex wd-flex-row fm-type_submitter_mail\" ><div class=\"wdform-label-section wd-width-30  wd-flex-row\" style=\"max-width: 200px;\">    <label  for=\"wdform_9_element10\" class=\"wdform-label\">E-Mail:<\/label><span class=\"wdform-required\">*<\/span><\/div><div class=\"wdform-element-section wd-flex  wd-flex-row wd-width-70\" style=\"max-width: 325px;\"><input type=\"text\" class=\"wd-width-100\" id=\"wdform_9_element10\" name=\"wdform_9_element10\" data-value=\"\" value=\"\" title=\"\" placeholder=\"\"   onchange=\"wd_check_email('9', '10', 'Dies ist keine g\u00fcltige E-Mail-Adresse.')\" \/><\/div><\/div><\/div><\/div><div class=\"wdform_column\"><div wdid=\"3\" class=\"wdform_row\" style=\"position: relative; left: 0px; top: 0px;\"><div type=\"type_radio\" class=\"wdform-field wd-width-100 wd-flex wd-flex-row fm-type_radio\" ><div class=\"wdform-label-section wd-width-30  wd-flex-wrap wd-flex-column\" style=\"max-width: 200px;\">    <label  class=\"wdform-label\">Auff\u00fchrungsdatum:<\/label><span class=\"wdform-required\">*<\/span><\/div><div class=\"wdform-element-section wd-flex  wd-flex-wrap wd-flex-column wd-width-70\" ><div class=\"wd-flex wd-flex-column\"><input type=\"hidden\" name=\"wdform_3_element10\" value=\"\" \/><div class=\"radio-div wd-choice wd-flex wd-flex-row\"><input type=\"radio\"  id=\"wdform_3_element100\" name=\"wdform_3_element10\" value=\"Mo, 8. Sept., 20 Uhr (\u00abMarius\u00bb, 1)\" onclick=\"set_default(&quot;wdform_3&quot;,&quot;0&quot;,&quot;10&quot;); \"   attribute=value \/><label class=\"wd-align-items-center wd-flex wd-flex-row\" for=\"wdform_3_element100\"><span><\/span>Mo, 8. Sept., 20 Uhr (\u00abMarius\u00bb, 1)<\/label><\/div><div class=\"radio-div wd-choice wd-flex wd-flex-row\"><input type=\"radio\"  id=\"wdform_3_element101\" name=\"wdform_3_element10\" value=\"Di, 9. Sept., 20 Uhr (\u00abFanny\u00bb, 1)\" onclick=\"set_default(&quot;wdform_3&quot;,&quot;1&quot;,&quot;10&quot;); \"   attribute=value \/><label class=\"wd-align-items-center wd-flex wd-flex-row\" for=\"wdform_3_element101\"><span><\/span>Di, 9. Sept., 20 Uhr (\u00abFanny\u00bb, 1)<\/label><\/div><div class=\"radio-div wd-choice wd-flex wd-flex-row\"><input type=\"radio\"  id=\"wdform_3_element102\" name=\"wdform_3_element10\" value=\"Mi, 10. Sept., 20 Uhr (\u00abMarius\u00bb, 2)\" onclick=\"set_default(&quot;wdform_3&quot;,&quot;2&quot;,&quot;10&quot;); \"   attribute=value \/><label class=\"wd-align-items-center wd-flex wd-flex-row\" for=\"wdform_3_element102\"><span><\/span>Mi, 10. Sept., 20 Uhr (\u00abMarius\u00bb, 2)<\/label><\/div><div class=\"radio-div wd-choice wd-flex wd-flex-row\"><input type=\"radio\"  id=\"wdform_3_element103\" name=\"wdform_3_element10\" value=\"Fr, 12. Sept., 20 Uhr (\u00abFanny\u00bb, 2)\" onclick=\"set_default(&quot;wdform_3&quot;,&quot;3&quot;,&quot;10&quot;); \"   attribute=value \/><label class=\"wd-align-items-center wd-flex wd-flex-row\" for=\"wdform_3_element103\"><span><\/span>Fr, 12. Sept., 20 Uhr (\u00abFanny\u00bb, 2)<\/label><\/div><div class=\"radio-div wd-choice wd-flex wd-flex-row\"><input type=\"radio\"  id=\"wdform_3_element104\" name=\"wdform_3_element10\" value=\"Sa, 13. Sept., 14 Uhr (\u00abMarius\u00bb, 1)\" onclick=\"set_default(&quot;wdform_3&quot;,&quot;4&quot;,&quot;10&quot;); \"   attribute=value \/><label class=\"wd-align-items-center wd-flex wd-flex-row\" for=\"wdform_3_element104\"><span><\/span>Sa, 13. Sept., 14 Uhr (\u00abMarius\u00bb, 1)<\/label><\/div><div class=\"radio-div wd-choice wd-flex wd-flex-row\"><input type=\"radio\"  id=\"wdform_3_element105\" name=\"wdform_3_element10\" value=\"Sa, 13. Sept., 20 Uhr (\u00abFanny\u00bb, 1)\" onclick=\"set_default(&quot;wdform_3&quot;,&quot;5&quot;,&quot;10&quot;); \"   attribute=value \/><label class=\"wd-align-items-center wd-flex wd-flex-row\" for=\"wdform_3_element105\"><span><\/span>Sa, 13. Sept., 20 Uhr (\u00abFanny\u00bb, 1)<\/label><\/div><div class=\"radio-div wd-choice wd-flex wd-flex-row\"><input type=\"radio\"  id=\"wdform_3_element106\" name=\"wdform_3_element10\" value=\"So, 14. Sept., 11 Uhr (\u00abMarius\u00bb, 2)\" onclick=\"set_default(&quot;wdform_3&quot;,&quot;6&quot;,&quot;10&quot;); \"   attribute=value \/><label class=\"wd-align-items-center wd-flex wd-flex-row\" for=\"wdform_3_element106\"><span><\/span>So, 14. Sept., 11 Uhr (\u00abMarius\u00bb, 2)<\/label><\/div><div class=\"radio-div wd-choice wd-flex wd-flex-row\"><input type=\"radio\"  id=\"wdform_3_element107\" name=\"wdform_3_element10\" value=\"So, 14. Sept., 15.30 Uhr (\u00abFanny\u00bb, 2)\" onclick=\"set_default(&quot;wdform_3&quot;,&quot;7&quot;,&quot;10&quot;); \"   attribute=value \/><label class=\"wd-align-items-center wd-flex wd-flex-row\" for=\"wdform_3_element107\"><span><\/span>So, 14. Sept., 15.30 Uhr (\u00abFanny\u00bb, 2)<\/label><\/div><div class=\"radio-div wd-choice wd-flex wd-flex-row\"><input type=\"radio\"  id=\"wdform_3_element108\" name=\"wdform_3_element10\" value=\"So, 14. Sept., 20 Uhr (\u00abMarius\u00bb, 1)\" onclick=\"set_default(&quot;wdform_3&quot;,&quot;8&quot;,&quot;10&quot;); \"   attribute=value \/><label class=\"wd-align-items-center wd-flex wd-flex-row\" for=\"wdform_3_element108\"><span><\/span>So, 14. Sept., 20 Uhr (\u00abMarius\u00bb, 1)<\/label><\/div><div class=\"radio-div wd-choice wd-flex wd-flex-row\"><input type=\"radio\"  id=\"wdform_3_element109\" name=\"wdform_3_element10\" value=\"Mo, 15. Sept., 20 Uhr (\u00abFanny\u00bb, 1)\" onclick=\"set_default(&quot;wdform_3&quot;,&quot;9&quot;,&quot;10&quot;); \"   attribute=value \/><label class=\"wd-align-items-center wd-flex wd-flex-row\" for=\"wdform_3_element109\"><span><\/span>Mo, 15. Sept., 20 Uhr (\u00abFanny\u00bb, 1)<\/label><\/div><div class=\"radio-div wd-choice wd-flex wd-flex-row\"><input type=\"radio\"  id=\"wdform_3_element1010\" name=\"wdform_3_element10\" value=\"Do, 18. Sept., 20 Uhr (\u00abMarius\u00bb, 2)\" onclick=\"set_default(&quot;wdform_3&quot;,&quot;10&quot;,&quot;10&quot;); \"   attribute=value \/><label class=\"wd-align-items-center wd-flex wd-flex-row\" for=\"wdform_3_element1010\"><span><\/span>Do, 18. Sept., 20 Uhr (\u00abMarius\u00bb, 2)<\/label><\/div><div class=\"radio-div wd-choice wd-flex wd-flex-row\"><input type=\"radio\"  id=\"wdform_3_element1011\" name=\"wdform_3_element10\" value=\"Fr, 19. Sept., 20 Uhr (\u00abFanny\u00bb, 2)\" onclick=\"set_default(&quot;wdform_3&quot;,&quot;11&quot;,&quot;10&quot;); \"   attribute=value \/><label class=\"wd-align-items-center wd-flex wd-flex-row\" for=\"wdform_3_element1011\"><span><\/span>Fr, 19. Sept., 20 Uhr (\u00abFanny\u00bb, 2)<\/label><\/div><div class=\"radio-div wd-choice wd-flex wd-flex-row\"><input type=\"radio\"  id=\"wdform_3_element1012\" name=\"wdform_3_element10\" value=\"Sa, 20. Sept., 14 Uhr (\u00abMarius\u00bb, 1)\" onclick=\"set_default(&quot;wdform_3&quot;,&quot;12&quot;,&quot;10&quot;); \"   attribute=value \/><label class=\"wd-align-items-center wd-flex wd-flex-row\" for=\"wdform_3_element1012\"><span><\/span>Sa, 20. Sept., 14 Uhr (\u00abMarius\u00bb, 1)<\/label><\/div><div class=\"radio-div wd-choice wd-flex wd-flex-row\"><input type=\"radio\"  id=\"wdform_3_element1013\" name=\"wdform_3_element10\" value=\"Sa, 20. Sept., 20 Uhr (\u00abFanny\u00bb, 1)\" onclick=\"set_default(&quot;wdform_3&quot;,&quot;13&quot;,&quot;10&quot;); \"   attribute=value \/><label class=\"wd-align-items-center wd-flex wd-flex-row\" for=\"wdform_3_element1013\"><span><\/span>Sa, 20. Sept., 20 Uhr (\u00abFanny\u00bb, 1)<\/label><\/div><div class=\"radio-div wd-choice wd-flex wd-flex-row\"><input type=\"radio\"  id=\"wdform_3_element1014\" name=\"wdform_3_element10\" value=\"So, 21. Sept. 14 Uhr (\u00abMarius\u00bb, 2)\" onclick=\"set_default(&quot;wdform_3&quot;,&quot;14&quot;,&quot;10&quot;); \"   attribute=value \/><label class=\"wd-align-items-center wd-flex wd-flex-row\" for=\"wdform_3_element1014\"><span><\/span>So, 21. Sept. 14 Uhr (\u00abMarius\u00bb, 2)<\/label><\/div><div class=\"radio-div wd-choice wd-flex wd-flex-row\"><input type=\"radio\"  id=\"wdform_3_element1015\" name=\"wdform_3_element10\" value=\"So, 21. Sept., 19 Uhr (\u00abFanny\u00bb, 2)\" onclick=\"set_default(&quot;wdform_3&quot;,&quot;15&quot;,&quot;10&quot;); \"   attribute=value \/><label class=\"wd-align-items-center wd-flex wd-flex-row\" for=\"wdform_3_element1015\"><span><\/span>So, 21. Sept., 19 Uhr (\u00abFanny\u00bb, 2)<\/label><\/div><\/div><\/div><\/div><\/div><\/div><div class=\"wdform_column\"><div style=\"\" wdid=\"2\" class=\"wdform_row\"><div type=\"type_own_select\" class=\"wdform-field wd-width-100 wd-flex wd-flex-row fm-type_own_select\" ><div class=\"wdform-label-section wd-width-30 wdform_select wd-flex-row\" style=\"max-width: 200px;\">    <label  for=\"wdform_2_element10\" class=\"wdform-label\">Anzahl Tickets:<\/label><span class=\"wdform-required\">*<\/span><\/div><div class=\"wdform-element-section wd-flex wdform_select wd-flex-row wd-width-70\" style=\"max-width: 200px;\"><select class=\"wd-width-100\" id=\"wdform_2_element10\" name=\"wdform_2_element10\" ><option value=\"1\" selected=\"selected\">1<\/option><option value=\"2\" >2<\/option><option value=\"3\" >3<\/option><option value=\"4\" >4<\/option><option value=\"5\" >5<\/option><option value=\"6\" >6<\/option><option value=\"7\" >7<\/option><option value=\"8\" >8<\/option><option value=\"9\" >9<\/option><option value=\"10\" >10<\/option><option value=\"11\" >11<\/option><option value=\"12\" >12<\/option><option value=\"13\" >13<\/option><option value=\"14\" >14<\/option><option value=\"15\" >15<\/option><option value=\"16\" >16<\/option><option value=\"17\" >17<\/option><option value=\"18\" >18<\/option><option value=\"19\" >19<\/option><option value=\"20\" >20<\/option><option value=\"21\" >21<\/option><option value=\"22\" >22<\/option><option value=\"23\" >23<\/option><option value=\"24\" >24<\/option><option value=\"25\" >25<\/option><option value=\"26\" >26<\/option><option value=\"27\" >27<\/option><option value=\"28\" >28<\/option><option value=\"29\" >29<\/option><option value=\"30\" >30<\/option><option value=\"31\" >31<\/option><option value=\"32\" >32<\/option><option value=\"33\" >33<\/option><option value=\"34\" >34<\/option><option value=\"35\" >35<\/option><\/select><\/div><\/div><\/div><\/div><div class=\"wdform_column\"><div wdid=\"6\" class=\"wdform_row\"><div type=\"type_textarea\" class=\"wdform-field wd-width-100 wd-flex wd-flex-column fm-type_textarea\" ><div class=\"wdform-label-section wd-width-100 \" style=\"max-width: 200px;\">    <label  for=\"wdform_6_element10\" class=\"wdform-label\">Mitteilungen:<\/label><\/div><div class=\"wdform-element-section wd-flex  wd-width-100\" style=\"max-width: 560px;\"><textarea class=\"wd-width-100\"                      id=\"wdform_6_element10\"                      name=\"wdform_6_element10\"                      placeholder=\"\"                      data-value=\"\"                      maxlength=\"\"                      style=\"height: 100px;\"                      ><\/textarea><\/div><\/div><\/div><\/div><div class=\"wdform_column\"><div wdid=\"7\" class=\"wdform_row\"><div type=\"type_submit_reset\" class=\"wdform-field wd-width-100 wd-flex wd-flex-column fm-type_submit_reset\" ><div class=\"wdform-element-section wd-flex  wd-flex-row wd-justify-content-right wd-width-100\" ><button  type=\"button\" class=\"button-submit\" onclick=\"fm_submit_form('10');\"  data-ajax=\"0\"><span class=\"fm-submit-loading spinner fm-ico-spinner\"><\/span>bestellen<\/button><button  type=\"button\" class=\"button-reset wd-hidden\" onclick=\"fm_reset_form(10);\" >Reset<\/button><\/div><\/div><\/div><\/div><\/div><div valign=\"top\" class=\"wdform_footer\" style=\"width: 100%;\"><div style=\"width: 100%;\"><div style=\"width: 100%; display: table;\"><div style=\"display: table-row-group;\"><div id=\"10page_nav1\" style=\"display: table-row;\"><\/div><\/div><\/div><\/div><\/div><\/div><\/div><div class=\"wdform_preload\"><\/div><input type=\"hidden\" name=\"fm-current-page\" value=\"https:\/\/dertheatermacher.ch\/theaterobertor\/wp-json\/wp\/v2\/pages\/8\" \/><\/form><\/div>\n","protected":false},"excerpt":{"rendered":"<p>\u00abMarius\u00bb und \u00abFanny\u00bb vom 8. bis 21. September 2025 im ref. Kirchgemeindehaus Winterthur-Veltheim, Feldstrasse 6 (Bus 2 bis Tellstrasse) Liebe Theaterbesucherin, lieber Theaterbesucher Hier k\u00f6nnen Sie Pl\u00e4tze f\u00fcr die Auff\u00fchrungen von \u00abFanny\u00bb und \u00abMarius\u00bb bestellen. Die Pl\u00e4tze sind nicht nummeriert. Der regul\u00e4re Eintritt kostet 30 Franken, Studierende, Sch\u00fclerinnen und Sch\u00fcler bezahlen 20 Franken. Das Kombi-Ticket [&#8230;]<\/p>\n<p><a class=\"btn btn-secondary understrap-read-more-link\" href=\"https:\/\/dertheatermacher.ch\/theaterobertor\/tickets\/\">Weiterlesen\u00a0\u2026<span class=\"screen-reader-text\"> from Tickets<\/span><\/a><\/p>\n","protected":false},"author":1,"featured_media":0,"parent":0,"menu_order":3,"comment_status":"closed","ping_status":"closed","template":"","meta":[],"_links":{"self":[{"href":"https:\/\/dertheatermacher.ch\/theaterobertor\/wp-json\/wp\/v2\/pages\/8"}],"collection":[{"href":"https:\/\/dertheatermacher.ch\/theaterobertor\/wp-json\/wp\/v2\/pages"}],"about":[{"href":"https:\/\/dertheatermacher.ch\/theaterobertor\/wp-json\/wp\/v2\/types\/page"}],"author":[{"embeddable":true,"href":"https:\/\/dertheatermacher.ch\/theaterobertor\/wp-json\/wp\/v2\/users\/1"}],"replies":[{"embeddable":true,"href":"https:\/\/dertheatermacher.ch\/theaterobertor\/wp-json\/wp\/v2\/comments?post=8"}],"version-history":[{"count":38,"href":"https:\/\/dertheatermacher.ch\/theaterobertor\/wp-json\/wp\/v2\/pages\/8\/revisions"}],"predecessor-version":[{"id":3492,"href":"https:\/\/dertheatermacher.ch\/theaterobertor\/wp-json\/wp\/v2\/pages\/8\/revisions\/3492"}],"wp:attachment":[{"href":"https:\/\/dertheatermacher.ch\/theaterobertor\/wp-json\/wp\/v2\/media?parent=8"}],"curies":[{"name":"wp","href":"https:\/\/api.w.org\/{rel}","templated":true}]}}