{"id":3236,"date":"2025-03-17T12:01:22","date_gmt":"2025-03-17T11:01:22","guid":{"rendered":"http:\/\/dertheatermacher.ch\/theaterobertor\/?page_id=3236"},"modified":"2026-01-07T17:01:53","modified_gmt":"2026-01-07T16:01:53","slug":"2025-marius-und-fanny-von-marcel-pagnol","status":"publish","type":"page","link":"https:\/\/dertheatermacher.ch\/theaterobertor\/2025-marius-und-fanny-von-marcel-pagnol\/","title":{"rendered":"2025: \u00abMarius\u00bb und \u00abFanny\u00bb von Marcel Pagnol"},"content":{"rendered":"\n<figure class=\"wp-block-gallery has-nested-images columns-3 is-cropped wp-block-gallery-1 is-layout-flex\">\n<figure class=\"wp-block-image size-large\"><img decoding=\"async\" loading=\"lazy\" width=\"700\" height=\"467\" data-id=\"3568\"  src=\"https:\/\/dertheatermacher.ch\/theaterobertor\/wp-content\/uploads\/2026\/01\/Marius10-2-700x467.jpg\" alt=\"\" class=\"wp-image-3568\" srcset=\"https:\/\/dertheatermacher.ch\/theaterobertor\/wp-content\/uploads\/2026\/01\/Marius10-2-700x467.jpg 700w, https:\/\/dertheatermacher.ch\/theaterobertor\/wp-content\/uploads\/2026\/01\/Marius10-2-300x200.jpg 300w, https:\/\/dertheatermacher.ch\/theaterobertor\/wp-content\/uploads\/2026\/01\/Marius10-2-768x512.jpg 768w, https:\/\/dertheatermacher.ch\/theaterobertor\/wp-content\/uploads\/2026\/01\/Marius10-2-1536x1024.jpg 1536w, https:\/\/dertheatermacher.ch\/theaterobertor\/wp-content\/uploads\/2026\/01\/Marius10-2-2048x1365.jpg 2048w\" sizes=\"(max-width: 700px) 100vw, 700px\" \/><\/figure>\n\n\n\n<figure class=\"wp-block-image size-large\"><img decoding=\"async\" loading=\"lazy\" width=\"700\" height=\"467\" data-id=\"3589\"  src=\"https:\/\/dertheatermacher.ch\/theaterobertor\/wp-content\/uploads\/2026\/01\/Fanny84-700x467.jpeg\" alt=\"\" class=\"wp-image-3589\" srcset=\"https:\/\/dertheatermacher.ch\/theaterobertor\/wp-content\/uploads\/2026\/01\/Fanny84-700x467.jpeg 700w, https:\/\/dertheatermacher.ch\/theaterobertor\/wp-content\/uploads\/2026\/01\/Fanny84-300x200.jpeg 300w, https:\/\/dertheatermacher.ch\/theaterobertor\/wp-content\/uploads\/2026\/01\/Fanny84-768x512.jpeg 768w, https:\/\/dertheatermacher.ch\/theaterobertor\/wp-content\/uploads\/2026\/01\/Fanny84-1536x1024.jpeg 1536w, https:\/\/dertheatermacher.ch\/theaterobertor\/wp-content\/uploads\/2026\/01\/Fanny84-2048x1365.jpeg 2048w\" sizes=\"(max-width: 700px) 100vw, 700px\" \/><\/figure>\n\n\n\n<figure class=\"wp-block-image size-large\"><img decoding=\"async\" loading=\"lazy\" width=\"700\" height=\"467\" data-id=\"3576\"  src=\"https:\/\/dertheatermacher.ch\/theaterobertor\/wp-content\/uploads\/2026\/01\/Marius25-1-700x467.jpg\" alt=\"\" class=\"wp-image-3576\" srcset=\"https:\/\/dertheatermacher.ch\/theaterobertor\/wp-content\/uploads\/2026\/01\/Marius25-1-700x467.jpg 700w, https:\/\/dertheatermacher.ch\/theaterobertor\/wp-content\/uploads\/2026\/01\/Marius25-1-300x200.jpg 300w, https:\/\/dertheatermacher.ch\/theaterobertor\/wp-content\/uploads\/2026\/01\/Marius25-1-768x512.jpg 768w, https:\/\/dertheatermacher.ch\/theaterobertor\/wp-content\/uploads\/2026\/01\/Marius25-1-1536x1024.jpg 1536w, https:\/\/dertheatermacher.ch\/theaterobertor\/wp-content\/uploads\/2026\/01\/Marius25-1-2048x1365.jpg 2048w\" sizes=\"(max-width: 700px) 100vw, 700px\" \/><\/figure>\n\n\n\n<figure class=\"wp-block-image size-large\"><img decoding=\"async\" loading=\"lazy\" width=\"700\" height=\"467\" data-id=\"3577\"  src=\"https:\/\/dertheatermacher.ch\/theaterobertor\/wp-content\/uploads\/2026\/01\/Marius59-700x467.jpg\" alt=\"\" class=\"wp-image-3577\" srcset=\"https:\/\/dertheatermacher.ch\/theaterobertor\/wp-content\/uploads\/2026\/01\/Marius59-700x467.jpg 700w, https:\/\/dertheatermacher.ch\/theaterobertor\/wp-content\/uploads\/2026\/01\/Marius59-300x200.jpg 300w, https:\/\/dertheatermacher.ch\/theaterobertor\/wp-content\/uploads\/2026\/01\/Marius59-768x512.jpg 768w, https:\/\/dertheatermacher.ch\/theaterobertor\/wp-content\/uploads\/2026\/01\/Marius59-1536x1024.jpg 1536w, https:\/\/dertheatermacher.ch\/theaterobertor\/wp-content\/uploads\/2026\/01\/Marius59-2048x1365.jpg 2048w\" sizes=\"(max-width: 700px) 100vw, 700px\" \/><\/figure>\n\n\n\n<figure class=\"wp-block-image size-large\"><img decoding=\"async\" loading=\"lazy\" width=\"700\" height=\"467\" data-id=\"3573\"  src=\"https:\/\/dertheatermacher.ch\/theaterobertor\/wp-content\/uploads\/2026\/01\/Marius11-1-700x467.jpg\" alt=\"\" class=\"wp-image-3573\" srcset=\"https:\/\/dertheatermacher.ch\/theaterobertor\/wp-content\/uploads\/2026\/01\/Marius11-1-700x467.jpg 700w, https:\/\/dertheatermacher.ch\/theaterobertor\/wp-content\/uploads\/2026\/01\/Marius11-1-300x200.jpg 300w, https:\/\/dertheatermacher.ch\/theaterobertor\/wp-content\/uploads\/2026\/01\/Marius11-1-768x512.jpg 768w, https:\/\/dertheatermacher.ch\/theaterobertor\/wp-content\/uploads\/2026\/01\/Marius11-1-1536x1024.jpg 1536w, https:\/\/dertheatermacher.ch\/theaterobertor\/wp-content\/uploads\/2026\/01\/Marius11-1-2048x1365.jpg 2048w\" sizes=\"(max-width: 700px) 100vw, 700px\" \/><\/figure>\n\n\n\n<figure class=\"wp-block-image size-large\"><img decoding=\"async\" loading=\"lazy\" width=\"700\" height=\"467\" data-id=\"3578\"  src=\"https:\/\/dertheatermacher.ch\/theaterobertor\/wp-content\/uploads\/2026\/01\/Marius61-700x467.jpg\" alt=\"\" class=\"wp-image-3578\" srcset=\"https:\/\/dertheatermacher.ch\/theaterobertor\/wp-content\/uploads\/2026\/01\/Marius61-700x467.jpg 700w, https:\/\/dertheatermacher.ch\/theaterobertor\/wp-content\/uploads\/2026\/01\/Marius61-300x200.jpg 300w, https:\/\/dertheatermacher.ch\/theaterobertor\/wp-content\/uploads\/2026\/01\/Marius61-768x512.jpg 768w, https:\/\/dertheatermacher.ch\/theaterobertor\/wp-content\/uploads\/2026\/01\/Marius61-1536x1024.jpg 1536w, https:\/\/dertheatermacher.ch\/theaterobertor\/wp-content\/uploads\/2026\/01\/Marius61-2048x1366.jpg 2048w\" sizes=\"(max-width: 700px) 100vw, 700px\" \/><\/figure>\n\n\n\n<figure class=\"wp-block-image size-large\"><img decoding=\"async\" loading=\"lazy\" width=\"700\" height=\"393\" data-id=\"3580\"  src=\"https:\/\/dertheatermacher.ch\/theaterobertor\/wp-content\/uploads\/2026\/01\/Marius80-700x393.jpg\" alt=\"\" class=\"wp-image-3580\" srcset=\"https:\/\/dertheatermacher.ch\/theaterobertor\/wp-content\/uploads\/2026\/01\/Marius80-700x393.jpg 700w, https:\/\/dertheatermacher.ch\/theaterobertor\/wp-content\/uploads\/2026\/01\/Marius80-300x169.jpg 300w, https:\/\/dertheatermacher.ch\/theaterobertor\/wp-content\/uploads\/2026\/01\/Marius80-768x432.jpg 768w, https:\/\/dertheatermacher.ch\/theaterobertor\/wp-content\/uploads\/2026\/01\/Marius80-1536x863.jpg 1536w, https:\/\/dertheatermacher.ch\/theaterobertor\/wp-content\/uploads\/2026\/01\/Marius80-2048x1151.jpg 2048w\" sizes=\"(max-width: 700px) 100vw, 700px\" \/><\/figure>\n\n\n\n<figure class=\"wp-block-image size-large\"><img decoding=\"async\" loading=\"lazy\" width=\"700\" height=\"467\" data-id=\"3579\"  src=\"https:\/\/dertheatermacher.ch\/theaterobertor\/wp-content\/uploads\/2026\/01\/Marius71-700x467.jpg\" alt=\"\" class=\"wp-image-3579\" srcset=\"https:\/\/dertheatermacher.ch\/theaterobertor\/wp-content\/uploads\/2026\/01\/Marius71-700x467.jpg 700w, https:\/\/dertheatermacher.ch\/theaterobertor\/wp-content\/uploads\/2026\/01\/Marius71-300x200.jpg 300w, https:\/\/dertheatermacher.ch\/theaterobertor\/wp-content\/uploads\/2026\/01\/Marius71-768x512.jpg 768w, https:\/\/dertheatermacher.ch\/theaterobertor\/wp-content\/uploads\/2026\/01\/Marius71-1536x1024.jpg 1536w, https:\/\/dertheatermacher.ch\/theaterobertor\/wp-content\/uploads\/2026\/01\/Marius71-2048x1365.jpg 2048w\" sizes=\"(max-width: 700px) 100vw, 700px\" \/><\/figure>\n\n\n\n<figure class=\"wp-block-image size-large\"><img decoding=\"async\" loading=\"lazy\" width=\"700\" height=\"467\" data-id=\"3581\"  src=\"https:\/\/dertheatermacher.ch\/theaterobertor\/wp-content\/uploads\/2026\/01\/Marius99-700x467.jpg\" alt=\"\" class=\"wp-image-3581\" srcset=\"https:\/\/dertheatermacher.ch\/theaterobertor\/wp-content\/uploads\/2026\/01\/Marius99-700x467.jpg 700w, https:\/\/dertheatermacher.ch\/theaterobertor\/wp-content\/uploads\/2026\/01\/Marius99-300x200.jpg 300w, https:\/\/dertheatermacher.ch\/theaterobertor\/wp-content\/uploads\/2026\/01\/Marius99-768x512.jpg 768w, https:\/\/dertheatermacher.ch\/theaterobertor\/wp-content\/uploads\/2026\/01\/Marius99-1536x1024.jpg 1536w, https:\/\/dertheatermacher.ch\/theaterobertor\/wp-content\/uploads\/2026\/01\/Marius99-2048x1366.jpg 2048w\" sizes=\"(max-width: 700px) 100vw, 700px\" \/><\/figure>\n\n\n\n<figure class=\"wp-block-image size-large\"><img decoding=\"async\" loading=\"lazy\" width=\"700\" height=\"467\" data-id=\"3582\"  src=\"https:\/\/dertheatermacher.ch\/theaterobertor\/wp-content\/uploads\/2026\/01\/Fanny05-700x467.jpg\" alt=\"\" class=\"wp-image-3582\" srcset=\"https:\/\/dertheatermacher.ch\/theaterobertor\/wp-content\/uploads\/2026\/01\/Fanny05-700x467.jpg 700w, https:\/\/dertheatermacher.ch\/theaterobertor\/wp-content\/uploads\/2026\/01\/Fanny05-300x200.jpg 300w, https:\/\/dertheatermacher.ch\/theaterobertor\/wp-content\/uploads\/2026\/01\/Fanny05-768x512.jpg 768w, https:\/\/dertheatermacher.ch\/theaterobertor\/wp-content\/uploads\/2026\/01\/Fanny05-1536x1024.jpg 1536w, https:\/\/dertheatermacher.ch\/theaterobertor\/wp-content\/uploads\/2026\/01\/Fanny05-2048x1365.jpg 2048w\" sizes=\"(max-width: 700px) 100vw, 700px\" \/><\/figure>\n\n\n\n<figure class=\"wp-block-image size-large\"><img decoding=\"async\" loading=\"lazy\" width=\"700\" height=\"467\" data-id=\"3583\"  src=\"https:\/\/dertheatermacher.ch\/theaterobertor\/wp-content\/uploads\/2026\/01\/Fanny10-700x467.jpg\" alt=\"\" class=\"wp-image-3583\" srcset=\"https:\/\/dertheatermacher.ch\/theaterobertor\/wp-content\/uploads\/2026\/01\/Fanny10-700x467.jpg 700w, https:\/\/dertheatermacher.ch\/theaterobertor\/wp-content\/uploads\/2026\/01\/Fanny10-300x200.jpg 300w, https:\/\/dertheatermacher.ch\/theaterobertor\/wp-content\/uploads\/2026\/01\/Fanny10-768x512.jpg 768w, https:\/\/dertheatermacher.ch\/theaterobertor\/wp-content\/uploads\/2026\/01\/Fanny10-1536x1024.jpg 1536w, https:\/\/dertheatermacher.ch\/theaterobertor\/wp-content\/uploads\/2026\/01\/Fanny10-2048x1365.jpg 2048w\" sizes=\"(max-width: 700px) 100vw, 700px\" \/><\/figure>\n\n\n\n<figure class=\"wp-block-image size-large\"><img decoding=\"async\" loading=\"lazy\" width=\"700\" height=\"467\" data-id=\"3584\"  src=\"https:\/\/dertheatermacher.ch\/theaterobertor\/wp-content\/uploads\/2026\/01\/Fanny39-700x467.jpg\" alt=\"\" class=\"wp-image-3584\" srcset=\"https:\/\/dertheatermacher.ch\/theaterobertor\/wp-content\/uploads\/2026\/01\/Fanny39-700x467.jpg 700w, https:\/\/dertheatermacher.ch\/theaterobertor\/wp-content\/uploads\/2026\/01\/Fanny39-300x200.jpg 300w, https:\/\/dertheatermacher.ch\/theaterobertor\/wp-content\/uploads\/2026\/01\/Fanny39-768x512.jpg 768w, https:\/\/dertheatermacher.ch\/theaterobertor\/wp-content\/uploads\/2026\/01\/Fanny39-1536x1024.jpg 1536w, https:\/\/dertheatermacher.ch\/theaterobertor\/wp-content\/uploads\/2026\/01\/Fanny39-2048x1365.jpg 2048w\" sizes=\"(max-width: 700px) 100vw, 700px\" \/><\/figure>\n\n\n\n<figure class=\"wp-block-image size-large\"><img decoding=\"async\" loading=\"lazy\" width=\"700\" height=\"467\" data-id=\"3585\"  src=\"https:\/\/dertheatermacher.ch\/theaterobertor\/wp-content\/uploads\/2026\/01\/Fanny43-700x467.jpg\" alt=\"\" class=\"wp-image-3585\" srcset=\"https:\/\/dertheatermacher.ch\/theaterobertor\/wp-content\/uploads\/2026\/01\/Fanny43-700x467.jpg 700w, https:\/\/dertheatermacher.ch\/theaterobertor\/wp-content\/uploads\/2026\/01\/Fanny43-300x200.jpg 300w, https:\/\/dertheatermacher.ch\/theaterobertor\/wp-content\/uploads\/2026\/01\/Fanny43-768x512.jpg 768w, https:\/\/dertheatermacher.ch\/theaterobertor\/wp-content\/uploads\/2026\/01\/Fanny43-1536x1024.jpg 1536w, https:\/\/dertheatermacher.ch\/theaterobertor\/wp-content\/uploads\/2026\/01\/Fanny43-2048x1365.jpg 2048w\" sizes=\"(max-width: 700px) 100vw, 700px\" \/><\/figure>\n\n\n\n<figure class=\"wp-block-image size-large\"><img decoding=\"async\" loading=\"lazy\" width=\"700\" height=\"467\" data-id=\"3586\"  src=\"https:\/\/dertheatermacher.ch\/theaterobertor\/wp-content\/uploads\/2026\/01\/Fanny50-700x467.jpg\" alt=\"\" class=\"wp-image-3586\" srcset=\"https:\/\/dertheatermacher.ch\/theaterobertor\/wp-content\/uploads\/2026\/01\/Fanny50-700x467.jpg 700w, https:\/\/dertheatermacher.ch\/theaterobertor\/wp-content\/uploads\/2026\/01\/Fanny50-300x200.jpg 300w, https:\/\/dertheatermacher.ch\/theaterobertor\/wp-content\/uploads\/2026\/01\/Fanny50-768x512.jpg 768w, https:\/\/dertheatermacher.ch\/theaterobertor\/wp-content\/uploads\/2026\/01\/Fanny50-1536x1024.jpg 1536w, https:\/\/dertheatermacher.ch\/theaterobertor\/wp-content\/uploads\/2026\/01\/Fanny50-2048x1365.jpg 2048w\" sizes=\"(max-width: 700px) 100vw, 700px\" \/><\/figure>\n\n\n\n<figure class=\"wp-block-image size-large\"><img decoding=\"async\" loading=\"lazy\" width=\"700\" height=\"467\" data-id=\"3587\"  src=\"https:\/\/dertheatermacher.ch\/theaterobertor\/wp-content\/uploads\/2026\/01\/Fanny78-700x467.jpeg\" alt=\"\" class=\"wp-image-3587\" srcset=\"https:\/\/dertheatermacher.ch\/theaterobertor\/wp-content\/uploads\/2026\/01\/Fanny78-700x467.jpeg 700w, https:\/\/dertheatermacher.ch\/theaterobertor\/wp-content\/uploads\/2026\/01\/Fanny78-300x200.jpeg 300w, https:\/\/dertheatermacher.ch\/theaterobertor\/wp-content\/uploads\/2026\/01\/Fanny78-768x512.jpeg 768w, https:\/\/dertheatermacher.ch\/theaterobertor\/wp-content\/uploads\/2026\/01\/Fanny78-1536x1024.jpeg 1536w, https:\/\/dertheatermacher.ch\/theaterobertor\/wp-content\/uploads\/2026\/01\/Fanny78-2048x1365.jpeg 2048w\" sizes=\"(max-width: 700px) 100vw, 700px\" \/><\/figure>\n\n\n\n<figure class=\"wp-block-image size-large\"><img decoding=\"async\" loading=\"lazy\" width=\"700\" height=\"467\" data-id=\"3588\"  src=\"https:\/\/dertheatermacher.ch\/theaterobertor\/wp-content\/uploads\/2026\/01\/Fanny79-700x467.jpg\" alt=\"\" class=\"wp-image-3588\" srcset=\"https:\/\/dertheatermacher.ch\/theaterobertor\/wp-content\/uploads\/2026\/01\/Fanny79-700x467.jpg 700w, https:\/\/dertheatermacher.ch\/theaterobertor\/wp-content\/uploads\/2026\/01\/Fanny79-300x200.jpg 300w, https:\/\/dertheatermacher.ch\/theaterobertor\/wp-content\/uploads\/2026\/01\/Fanny79-768x512.jpg 768w, https:\/\/dertheatermacher.ch\/theaterobertor\/wp-content\/uploads\/2026\/01\/Fanny79-1536x1024.jpg 1536w, https:\/\/dertheatermacher.ch\/theaterobertor\/wp-content\/uploads\/2026\/01\/Fanny79-2048x1365.jpg 2048w\" sizes=\"(max-width: 700px) 100vw, 700px\" \/><\/figure>\n\n\n\n<figure class=\"wp-block-image size-large\"><img decoding=\"async\" loading=\"lazy\" width=\"700\" height=\"467\" data-id=\"3589\"  src=\"https:\/\/dertheatermacher.ch\/theaterobertor\/wp-content\/uploads\/2026\/01\/Fanny84-700x467.jpeg\" alt=\"\" class=\"wp-image-3589\" srcset=\"https:\/\/dertheatermacher.ch\/theaterobertor\/wp-content\/uploads\/2026\/01\/Fanny84-700x467.jpeg 700w, https:\/\/dertheatermacher.ch\/theaterobertor\/wp-content\/uploads\/2026\/01\/Fanny84-300x200.jpeg 300w, https:\/\/dertheatermacher.ch\/theaterobertor\/wp-content\/uploads\/2026\/01\/Fanny84-768x512.jpeg 768w, https:\/\/dertheatermacher.ch\/theaterobertor\/wp-content\/uploads\/2026\/01\/Fanny84-1536x1024.jpeg 1536w, https:\/\/dertheatermacher.ch\/theaterobertor\/wp-content\/uploads\/2026\/01\/Fanny84-2048x1365.jpeg 2048w\" sizes=\"(max-width: 700px) 100vw, 700px\" \/><\/figure>\n\n\n\n<figure class=\"wp-block-image size-large\"><img decoding=\"async\" loading=\"lazy\" width=\"700\" height=\"467\" data-id=\"3590\"  src=\"https:\/\/dertheatermacher.ch\/theaterobertor\/wp-content\/uploads\/2026\/01\/Fanny89-700x467.jpeg\" alt=\"\" class=\"wp-image-3590\" srcset=\"https:\/\/dertheatermacher.ch\/theaterobertor\/wp-content\/uploads\/2026\/01\/Fanny89-700x467.jpeg 700w, https:\/\/dertheatermacher.ch\/theaterobertor\/wp-content\/uploads\/2026\/01\/Fanny89-300x200.jpeg 300w, https:\/\/dertheatermacher.ch\/theaterobertor\/wp-content\/uploads\/2026\/01\/Fanny89-768x512.jpeg 768w, https:\/\/dertheatermacher.ch\/theaterobertor\/wp-content\/uploads\/2026\/01\/Fanny89-1536x1024.jpeg 1536w, https:\/\/dertheatermacher.ch\/theaterobertor\/wp-content\/uploads\/2026\/01\/Fanny89-2048x1365.jpeg 2048w\" sizes=\"(max-width: 700px) 100vw, 700px\" \/><\/figure>\n<\/figure>\n\n\n\n<figure class=\"wp-block-video\"><video controls src=\"http:\/\/dertheatermacher.ch\/theaterobertor\/wp-content\/uploads\/2025\/08\/Trailer-Marius.mp4\"><\/video><\/figure>\n\n\n<div class=\"wp-block-image\">\n<figure class=\"alignleft size-large is-resized\"><img decoding=\"async\" loading=\"lazy\" src=\"http:\/\/dertheatermacher.ch\/theaterobertor\/wp-content\/uploads\/2025\/05\/Pagnol-Flyer-Vorderseite-700x1402.jpg\" alt=\"\" class=\"wp-image-3333\" width=\"217\" height=\"513\"\/><\/figure><\/div>\n\n\n<p>Nach dem technisch sehr aufw\u00e4ndigen Jubil\u00e4umsst\u00fcck \u00abPerseus \u2013 ein Heldenmusical\u00bb spielen wir dieses Jahr wieder klassisches Theater \u2013&nbsp;und das gleich in extremis: Weil ein Theaterst\u00fcck immer nur eine beschr\u00e4nkte Anzahl guter Rollen aufweist, wir aber viele Leute sind, arbeiten wir gleich an zwei St\u00fccken. So kriegen alle tolle Aufgaben. Nat\u00fcrlich stehen die beiden St\u00fccke in einem tollen Zusammenhang: Sie sind Teil der ber\u00fchmten Marseille-Trilogie von Marcel Pagnol. Jedes funktioniert f\u00fcr sich, aber \u00abFanny\u00bb ist die inhaltliche Fortsetzung von \u00abMarius\u00bb \u2013 und beides sind romantische, lustige, kluge Kom\u00f6dien, die viel zu selten zu sehen sind. In diesem September haben Sie aber endlich Gelegenheit, all die kurligen, rauhbeinigen, liebevollen, verzweifelten, fr\u00f6hlichen Charaktere kennenzulernen, die Marcel Pagnol vor rund 100 Jahren schuf \u2013 und die Sie kaum wieder vergessen werden. Weil die beiden St\u00fccke in einer Bar am Marseiller Hafen spielen, verwandeln wir unseren Zuschauerraum in eine grosse Terrasse.<\/p>\n\n\n\n<p><\/p>\n","protected":false},"excerpt":{"rendered":"<p>Nach dem technisch sehr aufw\u00e4ndigen Jubil\u00e4umsst\u00fcck \u00abPerseus \u2013 ein Heldenmusical\u00bb spielen wir dieses Jahr wieder klassisches Theater \u2013&nbsp;und das gleich in extremis: Weil ein Theaterst\u00fcck immer nur eine beschr\u00e4nkte Anzahl guter Rollen aufweist, wir aber viele Leute sind, arbeiten wir gleich an zwei St\u00fccken. So kriegen alle tolle Aufgaben. Nat\u00fcrlich stehen die beiden St\u00fccke in [&#8230;]<\/p>\n<p><a class=\"btn btn-secondary understrap-read-more-link\" href=\"https:\/\/dertheatermacher.ch\/theaterobertor\/2025-marius-und-fanny-von-marcel-pagnol\/\">Weiterlesen\u00a0\u2026<span class=\"screen-reader-text\"> from 2025: \u00abMarius\u00bb und \u00abFanny\u00bb von Marcel Pagnol<\/span><\/a><\/p>\n","protected":false},"author":2,"featured_media":0,"parent":0,"menu_order":8,"comment_status":"closed","ping_status":"closed","template":"","meta":[],"_links":{"self":[{"href":"https:\/\/dertheatermacher.ch\/theaterobertor\/wp-json\/wp\/v2\/pages\/3236"}],"collection":[{"href":"https:\/\/dertheatermacher.ch\/theaterobertor\/wp-json\/wp\/v2\/pages"}],"about":[{"href":"https:\/\/dertheatermacher.ch\/theaterobertor\/wp-json\/wp\/v2\/types\/page"}],"author":[{"embeddable":true,"href":"https:\/\/dertheatermacher.ch\/theaterobertor\/wp-json\/wp\/v2\/users\/2"}],"replies":[{"embeddable":true,"href":"https:\/\/dertheatermacher.ch\/theaterobertor\/wp-json\/wp\/v2\/comments?post=3236"}],"version-history":[{"count":26,"href":"https:\/\/dertheatermacher.ch\/theaterobertor\/wp-json\/wp\/v2\/pages\/3236\/revisions"}],"predecessor-version":[{"id":3608,"href":"https:\/\/dertheatermacher.ch\/theaterobertor\/wp-json\/wp\/v2\/pages\/3236\/revisions\/3608"}],"wp:attachment":[{"href":"https:\/\/dertheatermacher.ch\/theaterobertor\/wp-json\/wp\/v2\/media?parent=3236"}],"curies":[{"name":"wp","href":"https:\/\/api.w.org\/{rel}","templated":true}]}}