{"id":2227,"date":"2023-03-20T19:22:30","date_gmt":"2023-03-20T18:22:30","guid":{"rendered":"http:\/\/dertheatermacher.ch\/theaterobertor\/?page_id=2227"},"modified":"2026-01-10T16:20:59","modified_gmt":"2026-01-10T15:20:59","slug":"startseite","status":"publish","type":"page","link":"https:\/\/dertheatermacher.ch\/theaterobertor\/","title":{"rendered":"Startseite"},"content":{"rendered":"\n<p>&nbsp;<\/p>\n\n\n\n<div class=\"wp-block-columns is-layout-flex wp-container-6\">\n<div class=\"wp-block-column is-layout-flow\" style=\"flex-basis:66.66%\">\n<figure class=\"wp-block-video\"><video autoplay controls muted preload=\"auto\" src=\"https:\/\/dertheatermacher.ch\/theaterobertor\/wp-content\/uploads\/videotrailer\/Werbefilm-Obertor.m4v\"><\/video><\/figure>\n<\/div>\n\n\n\n<div class=\"wp-block-column is-layout-flow\" style=\"flex-basis:33.33%\">\n<div class=\"wp-block-columns is-layout-flex wp-container-4\">\n<div class=\"wp-block-column is-layout-flow\"><a href=\"\/theaterobertor\/2025-marius-und-fanny-von-marcel-pagnol\/\" class=\"theaterteaser\">\r\n        <h5 class=\"card-title\">Aktuelle Produktion<\/h5>\r\n        <div class=\"shadow-theater-teaser\"><\/div>\r\n        <\/a>\n\n\n<a href=\"\/theaterobertor\/tickets\/\/\" class=\"theaterteaser\">\r\n        <h5 class=\"card-title\">Tickets<\/h5>\r\n        <div class=\"shadow-theater-teaser\"><\/div>\r\n        <\/a>\n<\/div>\n\n\n\n<div class=\"wp-block-column is-layout-flow\"><a href=\"\/theaterobertor\/theaterkurs\/\" class=\"theaterteaser\">\r\n        <h5 class=\"card-title\">Theaterkurs<\/h5>\r\n        <div class=\"shadow-theater-teaser\"><\/div>\r\n        <\/a>\n\n\n<a href=\"\/theaterobertor\/bisherige-produktionen-neu\/\" class=\"theaterteaser\">\r\n        <h5 class=\"card-title\">Was bisher geschah<\/h5>\r\n        <div class=\"shadow-theater-teaser\"><\/div>\r\n        <\/a>\n<\/div>\n<\/div>\n<\/div>\n<\/div>\n\n\n\n<h2 class=\"wp-block-heading\">Das Theaterensemble<\/h2>\n\n\n\n<div class=\"wp-block-columns is-layout-flex wp-container-9\">\n<div class=\"wp-block-column is-layout-flow\">\n<p>Das Theaterensemble Obertor besteht aus den rund 35 Teilnehmenden eines Theaterkurses. Er dauert jeweils von Oktober bis September und findet w\u00f6chentlich in Winterthur statt. H\u00f6hepunkt des Kursjahrs sind die hochstehenden Auff\u00fchrungen eines St\u00fccks, das wir zusammen erarbeiten.<\/p>\n<\/div>\n\n\n\n<div class=\"wp-block-column is-layout-flow\">\n<p>Zu den vielf\u00e4ltigen Kursinhalten geh\u00f6ren Sprech- und Atemtechnik, Improvisation und Schulung der B\u00fchnenpr\u00e4senz. Schliessen Sie sich an \u2013 denn Theaterspielen macht enorm Spass und verbessert Selbsteinsch\u00e4tzung, Auftrittskompetenz, Aussprache und Ged\u00e4chtnisleistung.<\/p>\n<\/div>\n<\/div>\n","protected":false},"excerpt":{"rendered":"<p>&nbsp; Das Theaterensemble Das Theaterensemble Obertor besteht aus den rund 35 Teilnehmenden eines Theaterkurses. Er dauert jeweils von Oktober bis September und findet w\u00f6chentlich in Winterthur statt. H\u00f6hepunkt des Kursjahrs sind die hochstehenden Auff\u00fchrungen eines St\u00fccks, das wir zusammen erarbeiten. Zu den vielf\u00e4ltigen Kursinhalten geh\u00f6ren Sprech- und Atemtechnik, Improvisation und Schulung der B\u00fchnenpr\u00e4senz. Schliessen Sie [&#8230;]<\/p>\n<p><a class=\"btn btn-secondary understrap-read-more-link\" href=\"https:\/\/dertheatermacher.ch\/theaterobertor\/\">Weiterlesen\u00a0\u2026<span class=\"screen-reader-text\"> from Startseite<\/span><\/a><\/p>\n","protected":false},"author":2,"featured_media":0,"parent":0,"menu_order":2,"comment_status":"closed","ping_status":"closed","template":"","meta":[],"_links":{"self":[{"href":"https:\/\/dertheatermacher.ch\/theaterobertor\/wp-json\/wp\/v2\/pages\/2227"}],"collection":[{"href":"https:\/\/dertheatermacher.ch\/theaterobertor\/wp-json\/wp\/v2\/pages"}],"about":[{"href":"https:\/\/dertheatermacher.ch\/theaterobertor\/wp-json\/wp\/v2\/types\/page"}],"author":[{"embeddable":true,"href":"https:\/\/dertheatermacher.ch\/theaterobertor\/wp-json\/wp\/v2\/users\/2"}],"replies":[{"embeddable":true,"href":"https:\/\/dertheatermacher.ch\/theaterobertor\/wp-json\/wp\/v2\/comments?post=2227"}],"version-history":[{"count":54,"href":"https:\/\/dertheatermacher.ch\/theaterobertor\/wp-json\/wp\/v2\/pages\/2227\/revisions"}],"predecessor-version":[{"id":3616,"href":"https:\/\/dertheatermacher.ch\/theaterobertor\/wp-json\/wp\/v2\/pages\/2227\/revisions\/3616"}],"wp:attachment":[{"href":"https:\/\/dertheatermacher.ch\/theaterobertor\/wp-json\/wp\/v2\/media?parent=2227"}],"curies":[{"name":"wp","href":"https:\/\/api.w.org\/{rel}","templated":true}]}}