{"id":13,"date":"2016-06-25T19:29:00","date_gmt":"2016-06-25T17:29:00","guid":{"rendered":"http:\/\/dertheatermacher.ch\/theaterobertor\/?page_id=13"},"modified":"2025-06-11T11:54:48","modified_gmt":"2025-06-11T09:54:48","slug":"auffuehrung","status":"publish","type":"page","link":"https:\/\/dertheatermacher.ch\/theaterobertor\/auffuehrung\/","title":{"rendered":"2016: \u00abDer Drache\u00bb von Jewgeni Schwarz"},"content":{"rendered":"<div id=\"content\">\n<div id=\"post-1861\" class=\"post\">\n<p>\u00abDer Drache\u00bb erz\u00e4hlt die klassische Geschichte vom b\u00f6sen Ungeheuer, dem eine Jungfrau geopfert werden soll \u2013 und vom wackeren Ritter, der sich in diese Jungfrau verliebt und sie retten will. Allerdings ist das St\u00fcck in drei Akten weit mehr als ein simples Heldenepos. Es entstand 1943 unter dem Eindruck der Belagerung von Leningrad durch deutsche und finnische Truppen. In m\u00e4rchenhafter Form und in satirischem Ton behandelt es das Zusammenspiel von Tyrannei und Anbiederung. Kein Wunder, konnte \u00abDer Drache\u00bb unter Stalin nie aufgef\u00fchrt werden \u2013 erst 1961 war das St\u00fcck auf der B\u00fchne zu sehen. Jewgeni Lwowitsch Schwarz kam 1896 in Kasan zur Welt und starb 1958 in Leningrad. Nach dem Ersten Weltkrieg tingelte er als Schauspieler durch die Provinz, danach wurde er Redaktor von Kinderzeitschriften und Theaterautor. Er verfasste rund 30 M\u00e4rchenst\u00fccke; die meisten davon prangern politische und ideologische Verh\u00e4ltnisse an und fielen deshalb in der Sowjetunion der Zensur zum Opfer.<\/p>\n<p>&nbsp;<\/p>\n<div class=\"entry\">\n<h5>Aufgef\u00fchrt vom 9. bis 25. September 2016 im Theater Veltheim in Winterthur.<\/h5>\n<p>&nbsp;<\/p>\n<div id='gallery-1' class='gallery galleryid-13 gallery-columns-3 gallery-size-thumbnail'><figure class='gallery-item'>\n\t\t\t<div class='gallery-icon landscape'>\n\t\t\t\t<a href='https:\/\/dertheatermacher.ch\/theaterobertor\/auffuehrung\/derdrache1\/'><img width=\"150\" height=\"150\" src=\"https:\/\/dertheatermacher.ch\/theaterobertor\/wp-content\/uploads\/2016\/06\/DerDrache1-150x150.jpg\" class=\"attachment-thumbnail size-thumbnail\" alt=\"\" decoding=\"async\" loading=\"lazy\" srcset=\"https:\/\/dertheatermacher.ch\/theaterobertor\/wp-content\/uploads\/2016\/06\/DerDrache1-150x150.jpg 150w, https:\/\/dertheatermacher.ch\/theaterobertor\/wp-content\/uploads\/2016\/06\/DerDrache1-960x960.jpg 960w, https:\/\/dertheatermacher.ch\/theaterobertor\/wp-content\/uploads\/2016\/06\/DerDrache1-480x480.jpg 480w, https:\/\/dertheatermacher.ch\/theaterobertor\/wp-content\/uploads\/2016\/06\/DerDrache1-320x320.jpg 320w, https:\/\/dertheatermacher.ch\/theaterobertor\/wp-content\/uploads\/2016\/06\/DerDrache1-240x240.jpg 240w\" sizes=\"(max-width: 150px) 100vw, 150px\" \/><\/a>\n\t\t\t<\/div><\/figure><figure class='gallery-item'>\n\t\t\t<div class='gallery-icon landscape'>\n\t\t\t\t<a href='https:\/\/dertheatermacher.ch\/theaterobertor\/auffuehrung\/derdrache2\/'><img width=\"150\" height=\"150\" src=\"https:\/\/dertheatermacher.ch\/theaterobertor\/wp-content\/uploads\/2016\/06\/DerDrache2-150x150.jpg\" class=\"attachment-thumbnail size-thumbnail\" alt=\"\" decoding=\"async\" loading=\"lazy\" srcset=\"https:\/\/dertheatermacher.ch\/theaterobertor\/wp-content\/uploads\/2016\/06\/DerDrache2-150x150.jpg 150w, https:\/\/dertheatermacher.ch\/theaterobertor\/wp-content\/uploads\/2016\/06\/DerDrache2-960x960.jpg 960w, https:\/\/dertheatermacher.ch\/theaterobertor\/wp-content\/uploads\/2016\/06\/DerDrache2-480x480.jpg 480w, https:\/\/dertheatermacher.ch\/theaterobertor\/wp-content\/uploads\/2016\/06\/DerDrache2-320x320.jpg 320w, https:\/\/dertheatermacher.ch\/theaterobertor\/wp-content\/uploads\/2016\/06\/DerDrache2-240x240.jpg 240w\" sizes=\"(max-width: 150px) 100vw, 150px\" \/><\/a>\n\t\t\t<\/div><\/figure><figure class='gallery-item'>\n\t\t\t<div class='gallery-icon landscape'>\n\t\t\t\t<a href='https:\/\/dertheatermacher.ch\/theaterobertor\/auffuehrung\/derdrache3\/'><img width=\"150\" height=\"150\" src=\"https:\/\/dertheatermacher.ch\/theaterobertor\/wp-content\/uploads\/2016\/06\/DerDrache3-150x150.jpg\" class=\"attachment-thumbnail size-thumbnail\" alt=\"\" decoding=\"async\" loading=\"lazy\" srcset=\"https:\/\/dertheatermacher.ch\/theaterobertor\/wp-content\/uploads\/2016\/06\/DerDrache3-150x150.jpg 150w, https:\/\/dertheatermacher.ch\/theaterobertor\/wp-content\/uploads\/2016\/06\/DerDrache3-960x960.jpg 960w, https:\/\/dertheatermacher.ch\/theaterobertor\/wp-content\/uploads\/2016\/06\/DerDrache3-480x480.jpg 480w, https:\/\/dertheatermacher.ch\/theaterobertor\/wp-content\/uploads\/2016\/06\/DerDrache3-320x320.jpg 320w, https:\/\/dertheatermacher.ch\/theaterobertor\/wp-content\/uploads\/2016\/06\/DerDrache3-240x240.jpg 240w\" sizes=\"(max-width: 150px) 100vw, 150px\" \/><\/a>\n\t\t\t<\/div><\/figure><figure class='gallery-item'>\n\t\t\t<div class='gallery-icon landscape'>\n\t\t\t\t<a href='https:\/\/dertheatermacher.ch\/theaterobertor\/auffuehrung\/derdrache4\/'><img width=\"150\" height=\"150\" src=\"https:\/\/dertheatermacher.ch\/theaterobertor\/wp-content\/uploads\/2016\/06\/DerDrache4-150x150.jpg\" class=\"attachment-thumbnail size-thumbnail\" alt=\"\" decoding=\"async\" loading=\"lazy\" srcset=\"https:\/\/dertheatermacher.ch\/theaterobertor\/wp-content\/uploads\/2016\/06\/DerDrache4-150x150.jpg 150w, https:\/\/dertheatermacher.ch\/theaterobertor\/wp-content\/uploads\/2016\/06\/DerDrache4-960x960.jpg 960w, https:\/\/dertheatermacher.ch\/theaterobertor\/wp-content\/uploads\/2016\/06\/DerDrache4-480x480.jpg 480w, https:\/\/dertheatermacher.ch\/theaterobertor\/wp-content\/uploads\/2016\/06\/DerDrache4-320x320.jpg 320w, https:\/\/dertheatermacher.ch\/theaterobertor\/wp-content\/uploads\/2016\/06\/DerDrache4-240x240.jpg 240w\" sizes=\"(max-width: 150px) 100vw, 150px\" \/><\/a>\n\t\t\t<\/div><\/figure><figure class='gallery-item'>\n\t\t\t<div class='gallery-icon landscape'>\n\t\t\t\t<a href='https:\/\/dertheatermacher.ch\/theaterobertor\/auffuehrung\/derdrache5\/'><img width=\"150\" height=\"150\" src=\"https:\/\/dertheatermacher.ch\/theaterobertor\/wp-content\/uploads\/2016\/06\/DerDrache5-150x150.jpg\" class=\"attachment-thumbnail size-thumbnail\" alt=\"\" decoding=\"async\" loading=\"lazy\" srcset=\"https:\/\/dertheatermacher.ch\/theaterobertor\/wp-content\/uploads\/2016\/06\/DerDrache5-150x150.jpg 150w, https:\/\/dertheatermacher.ch\/theaterobertor\/wp-content\/uploads\/2016\/06\/DerDrache5-960x960.jpg 960w, https:\/\/dertheatermacher.ch\/theaterobertor\/wp-content\/uploads\/2016\/06\/DerDrache5-480x480.jpg 480w, https:\/\/dertheatermacher.ch\/theaterobertor\/wp-content\/uploads\/2016\/06\/DerDrache5-320x320.jpg 320w, https:\/\/dertheatermacher.ch\/theaterobertor\/wp-content\/uploads\/2016\/06\/DerDrache5-240x240.jpg 240w\" sizes=\"(max-width: 150px) 100vw, 150px\" \/><\/a>\n\t\t\t<\/div><\/figure><figure class='gallery-item'>\n\t\t\t<div class='gallery-icon landscape'>\n\t\t\t\t<a href='https:\/\/dertheatermacher.ch\/theaterobertor\/auffuehrung\/derdrache6\/'><img width=\"150\" height=\"150\" src=\"https:\/\/dertheatermacher.ch\/theaterobertor\/wp-content\/uploads\/2016\/06\/DerDrache6-150x150.jpg\" class=\"attachment-thumbnail size-thumbnail\" alt=\"\" decoding=\"async\" loading=\"lazy\" srcset=\"https:\/\/dertheatermacher.ch\/theaterobertor\/wp-content\/uploads\/2016\/06\/DerDrache6-150x150.jpg 150w, https:\/\/dertheatermacher.ch\/theaterobertor\/wp-content\/uploads\/2016\/06\/DerDrache6-960x960.jpg 960w, https:\/\/dertheatermacher.ch\/theaterobertor\/wp-content\/uploads\/2016\/06\/DerDrache6-480x480.jpg 480w, https:\/\/dertheatermacher.ch\/theaterobertor\/wp-content\/uploads\/2016\/06\/DerDrache6-320x320.jpg 320w, https:\/\/dertheatermacher.ch\/theaterobertor\/wp-content\/uploads\/2016\/06\/DerDrache6-240x240.jpg 240w\" sizes=\"(max-width: 150px) 100vw, 150px\" \/><\/a>\n\t\t\t<\/div><\/figure><figure class='gallery-item'>\n\t\t\t<div class='gallery-icon landscape'>\n\t\t\t\t<a href='https:\/\/dertheatermacher.ch\/theaterobertor\/auffuehrung\/derdrache7\/'><img width=\"150\" height=\"150\" src=\"https:\/\/dertheatermacher.ch\/theaterobertor\/wp-content\/uploads\/2016\/06\/DerDrache7-150x150.jpg\" class=\"attachment-thumbnail size-thumbnail\" alt=\"\" decoding=\"async\" loading=\"lazy\" srcset=\"https:\/\/dertheatermacher.ch\/theaterobertor\/wp-content\/uploads\/2016\/06\/DerDrache7-150x150.jpg 150w, https:\/\/dertheatermacher.ch\/theaterobertor\/wp-content\/uploads\/2016\/06\/DerDrache7-960x960.jpg 960w, https:\/\/dertheatermacher.ch\/theaterobertor\/wp-content\/uploads\/2016\/06\/DerDrache7-480x480.jpg 480w, https:\/\/dertheatermacher.ch\/theaterobertor\/wp-content\/uploads\/2016\/06\/DerDrache7-320x320.jpg 320w, https:\/\/dertheatermacher.ch\/theaterobertor\/wp-content\/uploads\/2016\/06\/DerDrache7-240x240.jpg 240w\" sizes=\"(max-width: 150px) 100vw, 150px\" \/><\/a>\n\t\t\t<\/div><\/figure><figure class='gallery-item'>\n\t\t\t<div class='gallery-icon landscape'>\n\t\t\t\t<a href='https:\/\/dertheatermacher.ch\/theaterobertor\/auffuehrung\/derdrache8\/'><img width=\"150\" height=\"150\" src=\"https:\/\/dertheatermacher.ch\/theaterobertor\/wp-content\/uploads\/2016\/06\/DerDrache8-150x150.jpg\" class=\"attachment-thumbnail size-thumbnail\" alt=\"\" decoding=\"async\" loading=\"lazy\" srcset=\"https:\/\/dertheatermacher.ch\/theaterobertor\/wp-content\/uploads\/2016\/06\/DerDrache8-150x150.jpg 150w, https:\/\/dertheatermacher.ch\/theaterobertor\/wp-content\/uploads\/2016\/06\/DerDrache8-960x960.jpg 960w, https:\/\/dertheatermacher.ch\/theaterobertor\/wp-content\/uploads\/2016\/06\/DerDrache8-480x480.jpg 480w, https:\/\/dertheatermacher.ch\/theaterobertor\/wp-content\/uploads\/2016\/06\/DerDrache8-320x320.jpg 320w, https:\/\/dertheatermacher.ch\/theaterobertor\/wp-content\/uploads\/2016\/06\/DerDrache8-240x240.jpg 240w\" sizes=\"(max-width: 150px) 100vw, 150px\" \/><\/a>\n\t\t\t<\/div><\/figure><figure class='gallery-item'>\n\t\t\t<div class='gallery-icon landscape'>\n\t\t\t\t<a href='https:\/\/dertheatermacher.ch\/theaterobertor\/auffuehrung\/derdrache9\/'><img width=\"150\" height=\"150\" src=\"https:\/\/dertheatermacher.ch\/theaterobertor\/wp-content\/uploads\/2016\/06\/DerDrache9-150x150.jpg\" class=\"attachment-thumbnail size-thumbnail\" alt=\"\" decoding=\"async\" loading=\"lazy\" srcset=\"https:\/\/dertheatermacher.ch\/theaterobertor\/wp-content\/uploads\/2016\/06\/DerDrache9-150x150.jpg 150w, https:\/\/dertheatermacher.ch\/theaterobertor\/wp-content\/uploads\/2016\/06\/DerDrache9-960x960.jpg 960w, https:\/\/dertheatermacher.ch\/theaterobertor\/wp-content\/uploads\/2016\/06\/DerDrache9-480x480.jpg 480w, https:\/\/dertheatermacher.ch\/theaterobertor\/wp-content\/uploads\/2016\/06\/DerDrache9-320x320.jpg 320w, https:\/\/dertheatermacher.ch\/theaterobertor\/wp-content\/uploads\/2016\/06\/DerDrache9-240x240.jpg 240w\" sizes=\"(max-width: 150px) 100vw, 150px\" \/><\/a>\n\t\t\t<\/div><\/figure><figure class='gallery-item'>\n\t\t\t<div class='gallery-icon landscape'>\n\t\t\t\t<a href='https:\/\/dertheatermacher.ch\/theaterobertor\/auffuehrung\/derdrache10\/'><img width=\"150\" height=\"150\" src=\"https:\/\/dertheatermacher.ch\/theaterobertor\/wp-content\/uploads\/2016\/06\/DerDrache10-150x150.jpg\" class=\"attachment-thumbnail size-thumbnail\" alt=\"\" decoding=\"async\" loading=\"lazy\" srcset=\"https:\/\/dertheatermacher.ch\/theaterobertor\/wp-content\/uploads\/2016\/06\/DerDrache10-150x150.jpg 150w, https:\/\/dertheatermacher.ch\/theaterobertor\/wp-content\/uploads\/2016\/06\/DerDrache10-960x960.jpg 960w, https:\/\/dertheatermacher.ch\/theaterobertor\/wp-content\/uploads\/2016\/06\/DerDrache10-480x480.jpg 480w, https:\/\/dertheatermacher.ch\/theaterobertor\/wp-content\/uploads\/2016\/06\/DerDrache10-320x320.jpg 320w, https:\/\/dertheatermacher.ch\/theaterobertor\/wp-content\/uploads\/2016\/06\/DerDrache10-240x240.jpg 240w\" sizes=\"(max-width: 150px) 100vw, 150px\" \/><\/a>\n\t\t\t<\/div><\/figure><figure class='gallery-item'>\n\t\t\t<div class='gallery-icon landscape'>\n\t\t\t\t<a href='https:\/\/dertheatermacher.ch\/theaterobertor\/auffuehrung\/derdrache11\/'><img width=\"150\" height=\"150\" src=\"https:\/\/dertheatermacher.ch\/theaterobertor\/wp-content\/uploads\/2016\/06\/DerDrache11-150x150.jpg\" class=\"attachment-thumbnail size-thumbnail\" alt=\"\" decoding=\"async\" loading=\"lazy\" srcset=\"https:\/\/dertheatermacher.ch\/theaterobertor\/wp-content\/uploads\/2016\/06\/DerDrache11-150x150.jpg 150w, https:\/\/dertheatermacher.ch\/theaterobertor\/wp-content\/uploads\/2016\/06\/DerDrache11-960x960.jpg 960w, https:\/\/dertheatermacher.ch\/theaterobertor\/wp-content\/uploads\/2016\/06\/DerDrache11-480x480.jpg 480w, https:\/\/dertheatermacher.ch\/theaterobertor\/wp-content\/uploads\/2016\/06\/DerDrache11-320x320.jpg 320w, https:\/\/dertheatermacher.ch\/theaterobertor\/wp-content\/uploads\/2016\/06\/DerDrache11-240x240.jpg 240w\" sizes=\"(max-width: 150px) 100vw, 150px\" \/><\/a>\n\t\t\t<\/div><\/figure><figure class='gallery-item'>\n\t\t\t<div class='gallery-icon landscape'>\n\t\t\t\t<a href='https:\/\/dertheatermacher.ch\/theaterobertor\/auffuehrung\/derdrache12\/'><img width=\"150\" height=\"150\" src=\"https:\/\/dertheatermacher.ch\/theaterobertor\/wp-content\/uploads\/2016\/06\/DerDrache12-150x150.jpg\" class=\"attachment-thumbnail size-thumbnail\" alt=\"\" decoding=\"async\" loading=\"lazy\" srcset=\"https:\/\/dertheatermacher.ch\/theaterobertor\/wp-content\/uploads\/2016\/06\/DerDrache12-150x150.jpg 150w, https:\/\/dertheatermacher.ch\/theaterobertor\/wp-content\/uploads\/2016\/06\/DerDrache12-960x960.jpg 960w, https:\/\/dertheatermacher.ch\/theaterobertor\/wp-content\/uploads\/2016\/06\/DerDrache12-480x480.jpg 480w, https:\/\/dertheatermacher.ch\/theaterobertor\/wp-content\/uploads\/2016\/06\/DerDrache12-320x320.jpg 320w, https:\/\/dertheatermacher.ch\/theaterobertor\/wp-content\/uploads\/2016\/06\/DerDrache12-240x240.jpg 240w\" sizes=\"(max-width: 150px) 100vw, 150px\" \/><\/a>\n\t\t\t<\/div><\/figure>\n\t\t<\/div>\n\n<p>&nbsp;<\/p>\n<\/div>\n<\/div>\n<\/div>\n","protected":false},"excerpt":{"rendered":"<p>\u00abDer Drache\u00bb erz\u00e4hlt die klassische Geschichte vom b\u00f6sen Ungeheuer, dem eine Jungfrau geopfert werden soll \u2013 und vom wackeren Ritter, der sich in diese Jungfrau verliebt und sie retten will. Allerdings ist das St\u00fcck in drei Akten weit mehr als ein simples Heldenepos. Es entstand 1943 unter dem Eindruck der Belagerung von Leningrad durch deutsche [&#8230;]<\/p>\n<p><a class=\"btn btn-secondary understrap-read-more-link\" href=\"https:\/\/dertheatermacher.ch\/theaterobertor\/auffuehrung\/\">Weiterlesen\u00a0\u2026<span class=\"screen-reader-text\"> from 2016: \u00abDer Drache\u00bb von Jewgeni Schwarz<\/span><\/a><\/p>\n","protected":false},"author":1,"featured_media":0,"parent":0,"menu_order":22,"comment_status":"closed","ping_status":"closed","template":"","meta":[],"_links":{"self":[{"href":"https:\/\/dertheatermacher.ch\/theaterobertor\/wp-json\/wp\/v2\/pages\/13"}],"collection":[{"href":"https:\/\/dertheatermacher.ch\/theaterobertor\/wp-json\/wp\/v2\/pages"}],"about":[{"href":"https:\/\/dertheatermacher.ch\/theaterobertor\/wp-json\/wp\/v2\/types\/page"}],"author":[{"embeddable":true,"href":"https:\/\/dertheatermacher.ch\/theaterobertor\/wp-json\/wp\/v2\/users\/1"}],"replies":[{"embeddable":true,"href":"https:\/\/dertheatermacher.ch\/theaterobertor\/wp-json\/wp\/v2\/comments?post=13"}],"version-history":[{"count":22,"href":"https:\/\/dertheatermacher.ch\/theaterobertor\/wp-json\/wp\/v2\/pages\/13\/revisions"}],"predecessor-version":[{"id":2477,"href":"https:\/\/dertheatermacher.ch\/theaterobertor\/wp-json\/wp\/v2\/pages\/13\/revisions\/2477"}],"wp:attachment":[{"href":"https:\/\/dertheatermacher.ch\/theaterobertor\/wp-json\/wp\/v2\/media?parent=13"}],"curies":[{"name":"wp","href":"https:\/\/api.w.org\/{rel}","templated":true}]}}