{"id":968,"date":"2018-03-26T16:03:34","date_gmt":"2018-03-26T14:03:34","guid":{"rendered":"http:\/\/dertheatermacher.ch\/theaterobertor\/?page_id=968"},"modified":"2026-01-06T09:02:29","modified_gmt":"2026-01-06T08:02:29","slug":"aktuelle-produktion-september-2018","status":"publish","type":"page","link":"http:\/\/dertheatermacher.ch\/theaterobertor\/aktuelle-produktion-september-2018\/","title":{"rendered":"2018: \u00abDas Haus der Temperamente\u00bb von Johann Nestroy"},"content":{"rendered":"<p>Vier Familien wohnen im Haus der Temperamente: die Choleriker Braus, die Phlegmatiker Fad, die Melancholiker Tr\u00fcb und die Sanguiniker Froh. Die T\u00f6chter der Familien sollen mit Jugendfreunden der M\u00fctter verheiratet werden. Sie sind aber jeweils in einen Sohn einer gegens\u00e4tzlichen Familie verliebt. Die Verwirrungen bleiben in jeder Wohnung dieselben\u00a0\u2013 wegen der unterschiedlichen Temperamente sind sie aber doch ganz anders. Und als der Barbier Schlankel und der Stiefelputzer Hutzibutz die Situation f\u00fcr Intrigen nutzen, entz\u00fcndet sich ein einmaliges Feuerwerk an Witz, Esprit und \u00dcberraschungen.<\/p>\n<p>Autor des St\u00fccks ist Johann Nestroy (1801\u20131862), bekannteste Figur des Wiener Vorstadttheaters. \u00abDas Haus der Temperamente\u00bb wurde 1837 uraufgef\u00fchrt und war ein riesiger Erfolg. Trotz ihrer grossen B\u00fchnenwirksamkeit wird die Posse heute aber selten gespielt. Denn sie verlangt zum einen ein vielk\u00f6pfiges Ensemble, zum anderen sehr aufgeweckte und leidenschaftliche Darstellerinnen und Darsteller \u2013 der Wechsel zwischen den verschiedenen Wohnungen und Temperamenten ist rasant.<\/p>\n<p>Das St\u00fcck ist also die ideale Herausforderung f\u00fcr das grosse Theaterensemble Obertor, das sich nach dem 2011 gezeigten \u00abEinen Jux will er sich machen\u00bb bereits zum zweiten Mal eines St\u00fccks von Nestroy annimmt.<\/p>\n<p>&nbsp;<\/p>\n<h5><strong>Aufgef\u00fchrt vom 12. bis 22. September 2018 im Theater Veltheim<\/strong><\/h5>\n<p>&nbsp;<\/p>\n<div id='gallery-1' class='gallery galleryid-968 gallery-columns-3 gallery-size-thumbnail'><figure class='gallery-item'>\n\t\t\t<div class='gallery-icon landscape'>\n\t\t\t\t<a href='http:\/\/dertheatermacher.ch\/theaterobertor\/aktuelle-produktion-september-2018\/haus-der-temperamente-01\/'><img width=\"150\" height=\"150\" src=\"http:\/\/dertheatermacher.ch\/theaterobertor\/wp-content\/uploads\/2018\/03\/Haus-der-Temperamente-01-150x150.jpg\" class=\"attachment-thumbnail size-thumbnail\" alt=\"\" decoding=\"async\" loading=\"lazy\" srcset=\"http:\/\/dertheatermacher.ch\/theaterobertor\/wp-content\/uploads\/2018\/03\/Haus-der-Temperamente-01-150x150.jpg 150w, http:\/\/dertheatermacher.ch\/theaterobertor\/wp-content\/uploads\/2018\/03\/Haus-der-Temperamente-01-960x960.jpg 960w, http:\/\/dertheatermacher.ch\/theaterobertor\/wp-content\/uploads\/2018\/03\/Haus-der-Temperamente-01-480x480.jpg 480w, http:\/\/dertheatermacher.ch\/theaterobertor\/wp-content\/uploads\/2018\/03\/Haus-der-Temperamente-01-320x320.jpg 320w, http:\/\/dertheatermacher.ch\/theaterobertor\/wp-content\/uploads\/2018\/03\/Haus-der-Temperamente-01-240x240.jpg 240w\" sizes=\"(max-width: 150px) 100vw, 150px\" \/><\/a>\n\t\t\t<\/div><\/figure><figure class='gallery-item'>\n\t\t\t<div class='gallery-icon landscape'>\n\t\t\t\t<a href='http:\/\/dertheatermacher.ch\/theaterobertor\/aktuelle-produktion-september-2018\/haus-der-temperamente-02\/'><img width=\"150\" height=\"150\" src=\"http:\/\/dertheatermacher.ch\/theaterobertor\/wp-content\/uploads\/2018\/03\/Haus-der-Temperamente-02-150x150.jpg\" class=\"attachment-thumbnail size-thumbnail\" alt=\"\" decoding=\"async\" loading=\"lazy\" srcset=\"http:\/\/dertheatermacher.ch\/theaterobertor\/wp-content\/uploads\/2018\/03\/Haus-der-Temperamente-02-150x150.jpg 150w, http:\/\/dertheatermacher.ch\/theaterobertor\/wp-content\/uploads\/2018\/03\/Haus-der-Temperamente-02-960x960.jpg 960w, http:\/\/dertheatermacher.ch\/theaterobertor\/wp-content\/uploads\/2018\/03\/Haus-der-Temperamente-02-480x480.jpg 480w, http:\/\/dertheatermacher.ch\/theaterobertor\/wp-content\/uploads\/2018\/03\/Haus-der-Temperamente-02-320x320.jpg 320w, http:\/\/dertheatermacher.ch\/theaterobertor\/wp-content\/uploads\/2018\/03\/Haus-der-Temperamente-02-240x240.jpg 240w\" sizes=\"(max-width: 150px) 100vw, 150px\" \/><\/a>\n\t\t\t<\/div><\/figure><figure class='gallery-item'>\n\t\t\t<div class='gallery-icon landscape'>\n\t\t\t\t<a href='http:\/\/dertheatermacher.ch\/theaterobertor\/aktuelle-produktion-september-2018\/haus-der-temperamente-03\/'><img width=\"150\" height=\"150\" src=\"http:\/\/dertheatermacher.ch\/theaterobertor\/wp-content\/uploads\/2018\/03\/Haus-der-Temperamente-03-150x150.jpg\" class=\"attachment-thumbnail size-thumbnail\" alt=\"\" decoding=\"async\" loading=\"lazy\" srcset=\"http:\/\/dertheatermacher.ch\/theaterobertor\/wp-content\/uploads\/2018\/03\/Haus-der-Temperamente-03-150x150.jpg 150w, http:\/\/dertheatermacher.ch\/theaterobertor\/wp-content\/uploads\/2018\/03\/Haus-der-Temperamente-03-960x960.jpg 960w, http:\/\/dertheatermacher.ch\/theaterobertor\/wp-content\/uploads\/2018\/03\/Haus-der-Temperamente-03-480x480.jpg 480w, http:\/\/dertheatermacher.ch\/theaterobertor\/wp-content\/uploads\/2018\/03\/Haus-der-Temperamente-03-320x320.jpg 320w, http:\/\/dertheatermacher.ch\/theaterobertor\/wp-content\/uploads\/2018\/03\/Haus-der-Temperamente-03-240x240.jpg 240w\" sizes=\"(max-width: 150px) 100vw, 150px\" \/><\/a>\n\t\t\t<\/div><\/figure><figure class='gallery-item'>\n\t\t\t<div class='gallery-icon landscape'>\n\t\t\t\t<a href='http:\/\/dertheatermacher.ch\/theaterobertor\/aktuelle-produktion-september-2018\/haus-der-temperamente-04\/'><img width=\"150\" height=\"150\" src=\"http:\/\/dertheatermacher.ch\/theaterobertor\/wp-content\/uploads\/2018\/03\/Haus-der-Temperamente-04-150x150.jpg\" class=\"attachment-thumbnail size-thumbnail\" alt=\"\" decoding=\"async\" loading=\"lazy\" srcset=\"http:\/\/dertheatermacher.ch\/theaterobertor\/wp-content\/uploads\/2018\/03\/Haus-der-Temperamente-04-150x150.jpg 150w, http:\/\/dertheatermacher.ch\/theaterobertor\/wp-content\/uploads\/2018\/03\/Haus-der-Temperamente-04-960x960.jpg 960w, http:\/\/dertheatermacher.ch\/theaterobertor\/wp-content\/uploads\/2018\/03\/Haus-der-Temperamente-04-480x480.jpg 480w, http:\/\/dertheatermacher.ch\/theaterobertor\/wp-content\/uploads\/2018\/03\/Haus-der-Temperamente-04-320x320.jpg 320w, http:\/\/dertheatermacher.ch\/theaterobertor\/wp-content\/uploads\/2018\/03\/Haus-der-Temperamente-04-240x240.jpg 240w\" sizes=\"(max-width: 150px) 100vw, 150px\" \/><\/a>\n\t\t\t<\/div><\/figure><figure class='gallery-item'>\n\t\t\t<div class='gallery-icon landscape'>\n\t\t\t\t<a href='http:\/\/dertheatermacher.ch\/theaterobertor\/aktuelle-produktion-september-2018\/haus-der-temperamente-05\/'><img width=\"150\" height=\"150\" src=\"http:\/\/dertheatermacher.ch\/theaterobertor\/wp-content\/uploads\/2018\/03\/Haus-der-Temperamente-05-150x150.jpg\" class=\"attachment-thumbnail size-thumbnail\" alt=\"\" decoding=\"async\" loading=\"lazy\" srcset=\"http:\/\/dertheatermacher.ch\/theaterobertor\/wp-content\/uploads\/2018\/03\/Haus-der-Temperamente-05-150x150.jpg 150w, http:\/\/dertheatermacher.ch\/theaterobertor\/wp-content\/uploads\/2018\/03\/Haus-der-Temperamente-05-960x960.jpg 960w, http:\/\/dertheatermacher.ch\/theaterobertor\/wp-content\/uploads\/2018\/03\/Haus-der-Temperamente-05-480x480.jpg 480w, http:\/\/dertheatermacher.ch\/theaterobertor\/wp-content\/uploads\/2018\/03\/Haus-der-Temperamente-05-320x320.jpg 320w, http:\/\/dertheatermacher.ch\/theaterobertor\/wp-content\/uploads\/2018\/03\/Haus-der-Temperamente-05-240x240.jpg 240w\" sizes=\"(max-width: 150px) 100vw, 150px\" \/><\/a>\n\t\t\t<\/div><\/figure><figure class='gallery-item'>\n\t\t\t<div class='gallery-icon landscape'>\n\t\t\t\t<a href='http:\/\/dertheatermacher.ch\/theaterobertor\/aktuelle-produktion-september-2018\/haus-der-temperamente-06\/'><img width=\"150\" height=\"150\" src=\"http:\/\/dertheatermacher.ch\/theaterobertor\/wp-content\/uploads\/2018\/03\/Haus-der-Temperamente-06-150x150.jpg\" class=\"attachment-thumbnail size-thumbnail\" alt=\"\" decoding=\"async\" loading=\"lazy\" srcset=\"http:\/\/dertheatermacher.ch\/theaterobertor\/wp-content\/uploads\/2018\/03\/Haus-der-Temperamente-06-150x150.jpg 150w, http:\/\/dertheatermacher.ch\/theaterobertor\/wp-content\/uploads\/2018\/03\/Haus-der-Temperamente-06-960x960.jpg 960w, http:\/\/dertheatermacher.ch\/theaterobertor\/wp-content\/uploads\/2018\/03\/Haus-der-Temperamente-06-480x480.jpg 480w, http:\/\/dertheatermacher.ch\/theaterobertor\/wp-content\/uploads\/2018\/03\/Haus-der-Temperamente-06-320x320.jpg 320w, http:\/\/dertheatermacher.ch\/theaterobertor\/wp-content\/uploads\/2018\/03\/Haus-der-Temperamente-06-240x240.jpg 240w\" sizes=\"(max-width: 150px) 100vw, 150px\" \/><\/a>\n\t\t\t<\/div><\/figure><figure class='gallery-item'>\n\t\t\t<div class='gallery-icon landscape'>\n\t\t\t\t<a href='http:\/\/dertheatermacher.ch\/theaterobertor\/aktuelle-produktion-september-2018\/haus-der-temperamente-07\/'><img width=\"150\" height=\"150\" src=\"http:\/\/dertheatermacher.ch\/theaterobertor\/wp-content\/uploads\/2018\/03\/Haus-der-Temperamente-07-150x150.jpg\" class=\"attachment-thumbnail size-thumbnail\" alt=\"\" decoding=\"async\" loading=\"lazy\" srcset=\"http:\/\/dertheatermacher.ch\/theaterobertor\/wp-content\/uploads\/2018\/03\/Haus-der-Temperamente-07-150x150.jpg 150w, http:\/\/dertheatermacher.ch\/theaterobertor\/wp-content\/uploads\/2018\/03\/Haus-der-Temperamente-07-960x960.jpg 960w, http:\/\/dertheatermacher.ch\/theaterobertor\/wp-content\/uploads\/2018\/03\/Haus-der-Temperamente-07-480x480.jpg 480w, http:\/\/dertheatermacher.ch\/theaterobertor\/wp-content\/uploads\/2018\/03\/Haus-der-Temperamente-07-320x320.jpg 320w, http:\/\/dertheatermacher.ch\/theaterobertor\/wp-content\/uploads\/2018\/03\/Haus-der-Temperamente-07-240x240.jpg 240w\" sizes=\"(max-width: 150px) 100vw, 150px\" \/><\/a>\n\t\t\t<\/div><\/figure><figure class='gallery-item'>\n\t\t\t<div class='gallery-icon landscape'>\n\t\t\t\t<a href='http:\/\/dertheatermacher.ch\/theaterobertor\/aktuelle-produktion-september-2018\/haus-der-temperamente-08\/'><img width=\"150\" height=\"150\" src=\"http:\/\/dertheatermacher.ch\/theaterobertor\/wp-content\/uploads\/2018\/03\/Haus-der-Temperamente-08-150x150.jpg\" class=\"attachment-thumbnail size-thumbnail\" alt=\"\" decoding=\"async\" loading=\"lazy\" srcset=\"http:\/\/dertheatermacher.ch\/theaterobertor\/wp-content\/uploads\/2018\/03\/Haus-der-Temperamente-08-150x150.jpg 150w, http:\/\/dertheatermacher.ch\/theaterobertor\/wp-content\/uploads\/2018\/03\/Haus-der-Temperamente-08-960x960.jpg 960w, http:\/\/dertheatermacher.ch\/theaterobertor\/wp-content\/uploads\/2018\/03\/Haus-der-Temperamente-08-480x480.jpg 480w, http:\/\/dertheatermacher.ch\/theaterobertor\/wp-content\/uploads\/2018\/03\/Haus-der-Temperamente-08-320x320.jpg 320w, http:\/\/dertheatermacher.ch\/theaterobertor\/wp-content\/uploads\/2018\/03\/Haus-der-Temperamente-08-240x240.jpg 240w\" sizes=\"(max-width: 150px) 100vw, 150px\" \/><\/a>\n\t\t\t<\/div><\/figure><figure class='gallery-item'>\n\t\t\t<div class='gallery-icon landscape'>\n\t\t\t\t<a href='http:\/\/dertheatermacher.ch\/theaterobertor\/aktuelle-produktion-september-2018\/haus-der-temperamente-09\/'><img width=\"150\" height=\"150\" src=\"http:\/\/dertheatermacher.ch\/theaterobertor\/wp-content\/uploads\/2018\/03\/Haus-der-Temperamente-09-150x150.jpg\" class=\"attachment-thumbnail size-thumbnail\" alt=\"\" decoding=\"async\" loading=\"lazy\" srcset=\"http:\/\/dertheatermacher.ch\/theaterobertor\/wp-content\/uploads\/2018\/03\/Haus-der-Temperamente-09-150x150.jpg 150w, http:\/\/dertheatermacher.ch\/theaterobertor\/wp-content\/uploads\/2018\/03\/Haus-der-Temperamente-09-960x960.jpg 960w, http:\/\/dertheatermacher.ch\/theaterobertor\/wp-content\/uploads\/2018\/03\/Haus-der-Temperamente-09-480x480.jpg 480w, http:\/\/dertheatermacher.ch\/theaterobertor\/wp-content\/uploads\/2018\/03\/Haus-der-Temperamente-09-320x320.jpg 320w, http:\/\/dertheatermacher.ch\/theaterobertor\/wp-content\/uploads\/2018\/03\/Haus-der-Temperamente-09-240x240.jpg 240w\" sizes=\"(max-width: 150px) 100vw, 150px\" \/><\/a>\n\t\t\t<\/div><\/figure><figure class='gallery-item'>\n\t\t\t<div class='gallery-icon landscape'>\n\t\t\t\t<a href='http:\/\/dertheatermacher.ch\/theaterobertor\/aktuelle-produktion-september-2018\/haus-der-temperamente-10\/'><img width=\"150\" height=\"150\" src=\"http:\/\/dertheatermacher.ch\/theaterobertor\/wp-content\/uploads\/2018\/03\/Haus-der-Temperamente-10-150x150.jpg\" class=\"attachment-thumbnail size-thumbnail\" alt=\"\" decoding=\"async\" loading=\"lazy\" srcset=\"http:\/\/dertheatermacher.ch\/theaterobertor\/wp-content\/uploads\/2018\/03\/Haus-der-Temperamente-10-150x150.jpg 150w, http:\/\/dertheatermacher.ch\/theaterobertor\/wp-content\/uploads\/2018\/03\/Haus-der-Temperamente-10-960x960.jpg 960w, http:\/\/dertheatermacher.ch\/theaterobertor\/wp-content\/uploads\/2018\/03\/Haus-der-Temperamente-10-480x480.jpg 480w, http:\/\/dertheatermacher.ch\/theaterobertor\/wp-content\/uploads\/2018\/03\/Haus-der-Temperamente-10-320x320.jpg 320w, http:\/\/dertheatermacher.ch\/theaterobertor\/wp-content\/uploads\/2018\/03\/Haus-der-Temperamente-10-240x240.jpg 240w\" sizes=\"(max-width: 150px) 100vw, 150px\" \/><\/a>\n\t\t\t<\/div><\/figure><figure class='gallery-item'>\n\t\t\t<div class='gallery-icon landscape'>\n\t\t\t\t<a href='http:\/\/dertheatermacher.ch\/theaterobertor\/aktuelle-produktion-september-2018\/haus-der-temperamente-11\/'><img width=\"150\" height=\"150\" src=\"http:\/\/dertheatermacher.ch\/theaterobertor\/wp-content\/uploads\/2018\/03\/Haus-der-Temperamente-11-150x150.jpg\" class=\"attachment-thumbnail size-thumbnail\" alt=\"\" decoding=\"async\" loading=\"lazy\" srcset=\"http:\/\/dertheatermacher.ch\/theaterobertor\/wp-content\/uploads\/2018\/03\/Haus-der-Temperamente-11-150x150.jpg 150w, http:\/\/dertheatermacher.ch\/theaterobertor\/wp-content\/uploads\/2018\/03\/Haus-der-Temperamente-11-960x960.jpg 960w, http:\/\/dertheatermacher.ch\/theaterobertor\/wp-content\/uploads\/2018\/03\/Haus-der-Temperamente-11-480x480.jpg 480w, http:\/\/dertheatermacher.ch\/theaterobertor\/wp-content\/uploads\/2018\/03\/Haus-der-Temperamente-11-320x320.jpg 320w, http:\/\/dertheatermacher.ch\/theaterobertor\/wp-content\/uploads\/2018\/03\/Haus-der-Temperamente-11-240x240.jpg 240w\" sizes=\"(max-width: 150px) 100vw, 150px\" \/><\/a>\n\t\t\t<\/div><\/figure><figure class='gallery-item'>\n\t\t\t<div class='gallery-icon landscape'>\n\t\t\t\t<a href='http:\/\/dertheatermacher.ch\/theaterobertor\/aktuelle-produktion-september-2018\/haus-der-temperamente-12\/'><img width=\"150\" height=\"150\" src=\"http:\/\/dertheatermacher.ch\/theaterobertor\/wp-content\/uploads\/2018\/03\/Haus-der-Temperamente-12-150x150.jpg\" class=\"attachment-thumbnail size-thumbnail\" alt=\"\" decoding=\"async\" loading=\"lazy\" srcset=\"http:\/\/dertheatermacher.ch\/theaterobertor\/wp-content\/uploads\/2018\/03\/Haus-der-Temperamente-12-150x150.jpg 150w, http:\/\/dertheatermacher.ch\/theaterobertor\/wp-content\/uploads\/2018\/03\/Haus-der-Temperamente-12-960x960.jpg 960w, http:\/\/dertheatermacher.ch\/theaterobertor\/wp-content\/uploads\/2018\/03\/Haus-der-Temperamente-12-480x480.jpg 480w, http:\/\/dertheatermacher.ch\/theaterobertor\/wp-content\/uploads\/2018\/03\/Haus-der-Temperamente-12-320x320.jpg 320w, http:\/\/dertheatermacher.ch\/theaterobertor\/wp-content\/uploads\/2018\/03\/Haus-der-Temperamente-12-240x240.jpg 240w\" sizes=\"(max-width: 150px) 100vw, 150px\" \/><\/a>\n\t\t\t<\/div><\/figure>\n\t\t<\/div>\n\n<p>&nbsp;<\/p>\n<p><a href=\"http:\/\/dertheatermacher.ch\/theaterobertor\/wp-content\/uploads\/2018\/03\/Artikel-Landbote.pdf\">Artikel Landbote<\/a><\/p>\n","protected":false},"excerpt":{"rendered":"<p>Vier Familien wohnen im Haus der Temperamente: die Choleriker Braus, die Phlegmatiker Fad, die Melancholiker Tr\u00fcb und die Sanguiniker Froh. Die T\u00f6chter der Familien sollen mit Jugendfreunden der M\u00fctter verheiratet werden. Sie sind aber jeweils in einen Sohn einer gegens\u00e4tzlichen Familie verliebt. Die Verwirrungen bleiben in jeder Wohnung dieselben\u00a0\u2013 wegen der unterschiedlichen Temperamente sind sie [&#8230;]<\/p>\n<p><a class=\"btn btn-secondary understrap-read-more-link\" href=\"http:\/\/dertheatermacher.ch\/theaterobertor\/aktuelle-produktion-september-2018\/\">Weiterlesen\u00a0\u2026<span class=\"screen-reader-text\"> from 2018: \u00abDas Haus der Temperamente\u00bb von Johann Nestroy<\/span><\/a><\/p>\n","protected":false},"author":2,"featured_media":0,"parent":0,"menu_order":15,"comment_status":"closed","ping_status":"closed","template":"","meta":[],"_links":{"self":[{"href":"http:\/\/dertheatermacher.ch\/theaterobertor\/wp-json\/wp\/v2\/pages\/968"}],"collection":[{"href":"http:\/\/dertheatermacher.ch\/theaterobertor\/wp-json\/wp\/v2\/pages"}],"about":[{"href":"http:\/\/dertheatermacher.ch\/theaterobertor\/wp-json\/wp\/v2\/types\/page"}],"author":[{"embeddable":true,"href":"http:\/\/dertheatermacher.ch\/theaterobertor\/wp-json\/wp\/v2\/users\/2"}],"replies":[{"embeddable":true,"href":"http:\/\/dertheatermacher.ch\/theaterobertor\/wp-json\/wp\/v2\/comments?post=968"}],"version-history":[{"count":22,"href":"http:\/\/dertheatermacher.ch\/theaterobertor\/wp-json\/wp\/v2\/pages\/968\/revisions"}],"predecessor-version":[{"id":1057,"href":"http:\/\/dertheatermacher.ch\/theaterobertor\/wp-json\/wp\/v2\/pages\/968\/revisions\/1057"}],"wp:attachment":[{"href":"http:\/\/dertheatermacher.ch\/theaterobertor\/wp-json\/wp\/v2\/media?parent=968"}],"curies":[{"name":"wp","href":"https:\/\/api.w.org\/{rel}","templated":true}]}}