{"id":589,"date":"2016-09-25T08:47:08","date_gmt":"2016-09-25T06:47:08","guid":{"rendered":"http:\/\/dertheatermacher.ch\/theaterobertor\/?page_id=589"},"modified":"2026-01-06T08:59:01","modified_gmt":"2026-01-06T07:59:01","slug":"die-leitung","status":"publish","type":"page","link":"http:\/\/dertheatermacher.ch\/theaterobertor\/die-leitung\/","title":{"rendered":"Die Leitung"},"content":{"rendered":"<div class=\"wp-block-image is-style-default\">\n<figure class=\"alignleft is-resized\"><img decoding=\"async\" loading=\"lazy\" style=\"border-radius: 50px;\" src=\"http:\/\/dertheatermacher.ch\/theaterobertor\/wp-content\/uploads\/2016\/09\/Marius_01-e1474787100747-260x300.jpg\" alt=\"Marius_01\" class=\"wp-image-591\" width=\"260\" height=\"300\" srcset=\"http:\/\/dertheatermacher.ch\/theaterobertor\/wp-content\/uploads\/2016\/09\/Marius_01-e1474787100747-260x300.jpg 260w, http:\/\/dertheatermacher.ch\/theaterobertor\/wp-content\/uploads\/2016\/09\/Marius_01-e1474787100747-768x887.jpg 768w, http:\/\/dertheatermacher.ch\/theaterobertor\/wp-content\/uploads\/2016\/09\/Marius_01-e1474787100747-700x809.jpg 700w, http:\/\/dertheatermacher.ch\/theaterobertor\/wp-content\/uploads\/2016\/09\/Marius_01-e1474787100747.jpg 1068w\" sizes=\"(max-width: 260px) 100vw, 260px\" \/><figcaption class=\"wp-element-caption\">Marius Leutenegger<\/figcaption><\/figure><\/div>\n\n\n<p>Als ich einmal jung war, sollte ich mich f\u00fcr eine berufliche Laufbahn entscheiden. Zwei Leidenschaften trieben mich um: jene f\u00fcrs Theater \u2013 und jene f\u00fcrs Schreiben. Was sollte ich studieren, was werden? Ich machte es mir schliesslich einfach, studierte nichts und wurde beides: Journalist und Theatermensch.<\/p>\n\n\n\n<p>Das bin ich bis heute geblieben. Und das werde ich bleiben, bis mir das Leben sagt: Es ist jetzt gut, Marius. Die allersch\u00f6nste berufliche T\u00e4tigkeit von allen \u2013 mehr \u00fcber meine ebenfalls sch\u00f6nen, aber eben nicht allersch\u00f6nsten Aufgaben erfahren Sie unter <span style=\"text-decoration: underline;\"><a href=\"http:\/\/www.dertexter.ch\">www.dertexter.ch<\/a><\/span> \u2013, die allersch\u00f6nste ist die Leitung des Theaterensembles Obertor.<\/p>\n\n\n\n<p>Denn bei dieser Aufgabe kommt alles zusammen, was ich mag: die Vielseitigkeit der Menschen, intensive Zusammenarbeit, Sprache, B\u00fchne, Organisation, Dinge ausprobieren, scheitern und neu versuchen und besser scheitern. (Letztere Formulierung stammt nicht von mir, sondern vom grossen Samuel Beckett.) Der Prozess, wie sich im Verlauf eines Kursjahrs das Team findet, wie sich Puzzleteile von Szenen und Ideen zu einer Auff\u00fchrung zusammenf\u00fcgen, wie aus einem blossen Text ein lebendiges Erlebnis wird, reisst mich jedes Jahr mit.<\/p>\n\n\n\n<p>Theater habe ich immer gespielt. Fr\u00fch in ganz kleinem Rahmen, dann an der Schule, bald mit einer freien Truppe. 14 Jahre Theaterensemble fraz?, jetzt 19 Jahre Theaterensemble Obertor (meine G\u00fcte, rast das Leben!), daneben unz\u00e4hlige kleinere, mittlere und gr\u00f6ssere Produktionen; ich unterrichte zudem Privatpersonen in Aussprache, sicherem Auftreten und Referieren. Und ich engagiere mich bei anderen Gruppen, etwa im <span style=\"color: #ff0000;\"><a href=\"https:\/\/schlosshegi.ch\/index.php?id=362\" target=\"_blank\" rel=\"noopener\"><span style=\"color: #ff0000;\">Schloss Hegi.<\/span><\/a><\/span><\/p>\n\n\n\n<p>Stilistisch f\u00fchle ich mich einer klassischen, aber modern und dynamisch interpretierten Theaterform verpflichtet. Wir spielen einen Autor, nicht einen Regisseur; da kommt mir nat\u00fcrlich zugute, dass ich selber Theaterautor bin und mich dabei schon zur Gen\u00fcge ausdr\u00fccken kann. Ich will den St\u00fccken gerecht werden \u2013 und einem anspruchsvollen Publikum.<br><em>Marius Leutenegger<\/em><\/p>\n","protected":false},"excerpt":{"rendered":"<p>Als ich einmal jung war, sollte ich mich f\u00fcr eine berufliche Laufbahn entscheiden. Zwei Leidenschaften trieben mich um: jene f\u00fcrs Theater \u2013 und jene f\u00fcrs Schreiben. Was sollte ich studieren, was werden? Ich machte es mir schliesslich einfach, studierte nichts und wurde beides: Journalist und Theatermensch. Das bin ich bis heute geblieben. Und das werde [&#8230;]<\/p>\n<p><a class=\"btn btn-secondary understrap-read-more-link\" href=\"http:\/\/dertheatermacher.ch\/theaterobertor\/die-leitung\/\">Weiterlesen\u00a0\u2026<span class=\"screen-reader-text\"> from Die Leitung<\/span><\/a><\/p>\n","protected":false},"author":1,"featured_media":0,"parent":0,"menu_order":6,"comment_status":"closed","ping_status":"closed","template":"","meta":[],"_links":{"self":[{"href":"http:\/\/dertheatermacher.ch\/theaterobertor\/wp-json\/wp\/v2\/pages\/589"}],"collection":[{"href":"http:\/\/dertheatermacher.ch\/theaterobertor\/wp-json\/wp\/v2\/pages"}],"about":[{"href":"http:\/\/dertheatermacher.ch\/theaterobertor\/wp-json\/wp\/v2\/types\/page"}],"author":[{"embeddable":true,"href":"http:\/\/dertheatermacher.ch\/theaterobertor\/wp-json\/wp\/v2\/users\/1"}],"replies":[{"embeddable":true,"href":"http:\/\/dertheatermacher.ch\/theaterobertor\/wp-json\/wp\/v2\/comments?post=589"}],"version-history":[{"count":18,"href":"http:\/\/dertheatermacher.ch\/theaterobertor\/wp-json\/wp\/v2\/pages\/589\/revisions"}],"predecessor-version":[{"id":2262,"href":"http:\/\/dertheatermacher.ch\/theaterobertor\/wp-json\/wp\/v2\/pages\/589\/revisions\/2262"}],"wp:attachment":[{"href":"http:\/\/dertheatermacher.ch\/theaterobertor\/wp-json\/wp\/v2\/media?parent=589"}],"curies":[{"name":"wp","href":"https:\/\/api.w.org\/{rel}","templated":true}]}}