{"id":27,"date":"2016-06-25T21:09:47","date_gmt":"2016-06-25T19:09:47","guid":{"rendered":"http:\/\/dertheatermacher.ch\/theaterobertor\/?page_id=27"},"modified":"2025-06-11T11:51:00","modified_gmt":"2025-06-11T09:51:00","slug":"2007-ein-sommernachtstraum","status":"publish","type":"page","link":"http:\/\/dertheatermacher.ch\/theaterobertor\/2007-ein-sommernachtstraum\/","title":{"rendered":"2007: \u00abEin Sommernachtstraum\u00bb von William Shakespeare"},"content":{"rendered":"<p>\u00abEin Sommernachtstraum\u00bb ist eine der meistgespielten Kom\u00f6dien von William Shakespeare \u2013 und das aus gutem Grund: Sie l\u00e4sst grossen Interpretationsspielraum und kann von jedem Ensemble neu entdeckt werden.<\/p>\n<p>Das um 1595 entstandene St\u00fcck handelt von drei Personengruppen: der h\u00f6fischen Gesellschaft Athens, den Handwerkern der Stadt, der Elfen und Kobolden in den W\u00e4ldern. Das Schicksal will es, dass die F\u00e4den der drei Gruppen in einer lauen Sommernacht mitten im Wald zusammen laufen. Und schon bald weiss keiner mehr: Wachen wir? Wo beginnen Traum und M\u00e4rchenwelt?<\/p>\n<p>Aufgef\u00fchrt vom 24. bis 29. September 2007 im Kongresshaus Liebestrasse in Winterthur.<\/p>\n<p><img decoding=\"async\" loading=\"lazy\" class=\"alignnone size-medium wp-image-499\" src=\"http:\/\/dertheatermacher.ch\/theaterobertor\/wp-content\/uploads\/2016\/06\/03szene1-300x210.jpg\" alt=\"03szene1\" width=\"300\" height=\"210\" srcset=\"http:\/\/dertheatermacher.ch\/theaterobertor\/wp-content\/uploads\/2016\/06\/03szene1-300x210.jpg 300w, http:\/\/dertheatermacher.ch\/theaterobertor\/wp-content\/uploads\/2016\/06\/03szene1.jpg 567w\" sizes=\"(max-width: 300px) 100vw, 300px\" \/>\u00a0<img decoding=\"async\" loading=\"lazy\" class=\"alignnone size-medium wp-image-500\" src=\"http:\/\/dertheatermacher.ch\/theaterobertor\/wp-content\/uploads\/2016\/06\/03szene2-300x210.jpg\" alt=\"03szene2\" width=\"300\" height=\"210\" srcset=\"http:\/\/dertheatermacher.ch\/theaterobertor\/wp-content\/uploads\/2016\/06\/03szene2-300x210.jpg 300w, http:\/\/dertheatermacher.ch\/theaterobertor\/wp-content\/uploads\/2016\/06\/03szene2.jpg 567w\" sizes=\"(max-width: 300px) 100vw, 300px\" \/>\u00a0<img decoding=\"async\" loading=\"lazy\" class=\"alignnone size-medium wp-image-502\" src=\"http:\/\/dertheatermacher.ch\/theaterobertor\/wp-content\/uploads\/2016\/06\/03szene4-300x210.jpg\" alt=\"03szene4\" width=\"300\" height=\"210\" srcset=\"http:\/\/dertheatermacher.ch\/theaterobertor\/wp-content\/uploads\/2016\/06\/03szene4-300x210.jpg 300w, http:\/\/dertheatermacher.ch\/theaterobertor\/wp-content\/uploads\/2016\/06\/03szene4.jpg 567w\" sizes=\"(max-width: 300px) 100vw, 300px\" \/>\u00a0<img decoding=\"async\" loading=\"lazy\" class=\"alignnone size-medium wp-image-507\" src=\"http:\/\/dertheatermacher.ch\/theaterobertor\/wp-content\/uploads\/2016\/06\/03szene9-300x210.jpg\" alt=\"03szene9\" width=\"300\" height=\"210\" srcset=\"http:\/\/dertheatermacher.ch\/theaterobertor\/wp-content\/uploads\/2016\/06\/03szene9-300x210.jpg 300w, http:\/\/dertheatermacher.ch\/theaterobertor\/wp-content\/uploads\/2016\/06\/03szene9.jpg 567w\" sizes=\"(max-width: 300px) 100vw, 300px\" \/>\u00a0<img decoding=\"async\" loading=\"lazy\" class=\"alignnone size-medium wp-image-501\" src=\"http:\/\/dertheatermacher.ch\/theaterobertor\/wp-content\/uploads\/2016\/06\/03szene3-300x210.jpg\" alt=\"03szene3\" width=\"300\" height=\"210\" srcset=\"http:\/\/dertheatermacher.ch\/theaterobertor\/wp-content\/uploads\/2016\/06\/03szene3-300x210.jpg 300w, http:\/\/dertheatermacher.ch\/theaterobertor\/wp-content\/uploads\/2016\/06\/03szene3.jpg 567w\" sizes=\"(max-width: 300px) 100vw, 300px\" \/>\u00a0<img decoding=\"async\" loading=\"lazy\" class=\"alignnone size-medium wp-image-506\" src=\"http:\/\/dertheatermacher.ch\/theaterobertor\/wp-content\/uploads\/2016\/06\/03szene8-300x210.jpg\" alt=\"03szene8\" width=\"300\" height=\"210\" srcset=\"http:\/\/dertheatermacher.ch\/theaterobertor\/wp-content\/uploads\/2016\/06\/03szene8-300x210.jpg 300w, http:\/\/dertheatermacher.ch\/theaterobertor\/wp-content\/uploads\/2016\/06\/03szene8.jpg 567w\" sizes=\"(max-width: 300px) 100vw, 300px\" \/>\u00a0<img decoding=\"async\" loading=\"lazy\" class=\"alignnone size-medium wp-image-510\" src=\"http:\/\/dertheatermacher.ch\/theaterobertor\/wp-content\/uploads\/2016\/06\/03szene14-300x210.jpg\" alt=\"03szene14\" width=\"300\" height=\"210\" srcset=\"http:\/\/dertheatermacher.ch\/theaterobertor\/wp-content\/uploads\/2016\/06\/03szene14-300x210.jpg 300w, http:\/\/dertheatermacher.ch\/theaterobertor\/wp-content\/uploads\/2016\/06\/03szene14.jpg 567w\" sizes=\"(max-width: 300px) 100vw, 300px\" \/>\u00a0<img decoding=\"async\" loading=\"lazy\" class=\"alignnone size-medium wp-image-504\" src=\"http:\/\/dertheatermacher.ch\/theaterobertor\/wp-content\/uploads\/2016\/06\/03szene6-300x210.jpg\" alt=\"03szene6\" width=\"300\" height=\"210\" srcset=\"http:\/\/dertheatermacher.ch\/theaterobertor\/wp-content\/uploads\/2016\/06\/03szene6-300x210.jpg 300w, http:\/\/dertheatermacher.ch\/theaterobertor\/wp-content\/uploads\/2016\/06\/03szene6.jpg 567w\" sizes=\"(max-width: 300px) 100vw, 300px\" \/>\u00a0<img decoding=\"async\" loading=\"lazy\" class=\"alignnone size-medium wp-image-503\" src=\"http:\/\/dertheatermacher.ch\/theaterobertor\/wp-content\/uploads\/2016\/06\/03szene5-300x210.jpg\" alt=\"03szene5\" width=\"300\" height=\"210\" srcset=\"http:\/\/dertheatermacher.ch\/theaterobertor\/wp-content\/uploads\/2016\/06\/03szene5-300x210.jpg 300w, http:\/\/dertheatermacher.ch\/theaterobertor\/wp-content\/uploads\/2016\/06\/03szene5.jpg 567w\" sizes=\"(max-width: 300px) 100vw, 300px\" \/>\u00a0<img decoding=\"async\" loading=\"lazy\" class=\"alignnone size-medium wp-image-505\" src=\"http:\/\/dertheatermacher.ch\/theaterobertor\/wp-content\/uploads\/2016\/06\/03szene7-300x210.jpg\" alt=\"03szene7\" width=\"300\" height=\"210\" srcset=\"http:\/\/dertheatermacher.ch\/theaterobertor\/wp-content\/uploads\/2016\/06\/03szene7-300x210.jpg 300w, http:\/\/dertheatermacher.ch\/theaterobertor\/wp-content\/uploads\/2016\/06\/03szene7.jpg 567w\" sizes=\"(max-width: 300px) 100vw, 300px\" \/>\u00a0<img decoding=\"async\" loading=\"lazy\" class=\"alignnone size-medium wp-image-508\" src=\"http:\/\/dertheatermacher.ch\/theaterobertor\/wp-content\/uploads\/2016\/06\/03szene10-300x210.jpg\" alt=\"03szene10\" width=\"300\" height=\"210\" srcset=\"http:\/\/dertheatermacher.ch\/theaterobertor\/wp-content\/uploads\/2016\/06\/03szene10-300x210.jpg 300w, http:\/\/dertheatermacher.ch\/theaterobertor\/wp-content\/uploads\/2016\/06\/03szene10.jpg 567w\" sizes=\"(max-width: 300px) 100vw, 300px\" \/>\u00a0<img decoding=\"async\" loading=\"lazy\" class=\"alignnone size-medium wp-image-509\" src=\"http:\/\/dertheatermacher.ch\/theaterobertor\/wp-content\/uploads\/2016\/06\/03szene12-300x210.jpg\" alt=\"03szene12\" width=\"300\" height=\"210\" srcset=\"http:\/\/dertheatermacher.ch\/theaterobertor\/wp-content\/uploads\/2016\/06\/03szene12-300x210.jpg 300w, http:\/\/dertheatermacher.ch\/theaterobertor\/wp-content\/uploads\/2016\/06\/03szene12.jpg 567w\" sizes=\"(max-width: 300px) 100vw, 300px\" \/><\/p>\n","protected":false},"excerpt":{"rendered":"<p>\u00abEin Sommernachtstraum\u00bb ist eine der meistgespielten Kom\u00f6dien von William Shakespeare \u2013 und das aus gutem Grund: Sie l\u00e4sst grossen Interpretationsspielraum und kann von jedem Ensemble neu entdeckt werden. Das um 1595 entstandene St\u00fcck handelt von drei Personengruppen: der h\u00f6fischen Gesellschaft Athens, den Handwerkern der Stadt, der Elfen und Kobolden in den W\u00e4ldern. Das Schicksal will [&#8230;]<\/p>\n<p><a class=\"btn btn-secondary understrap-read-more-link\" href=\"http:\/\/dertheatermacher.ch\/theaterobertor\/2007-ein-sommernachtstraum\/\">Weiterlesen\u00a0\u2026<span class=\"screen-reader-text\"> from 2007: \u00abEin Sommernachtstraum\u00bb von William Shakespeare<\/span><\/a><\/p>\n","protected":false},"author":1,"featured_media":0,"parent":0,"menu_order":31,"comment_status":"closed","ping_status":"closed","template":"","meta":[],"_links":{"self":[{"href":"http:\/\/dertheatermacher.ch\/theaterobertor\/wp-json\/wp\/v2\/pages\/27"}],"collection":[{"href":"http:\/\/dertheatermacher.ch\/theaterobertor\/wp-json\/wp\/v2\/pages"}],"about":[{"href":"http:\/\/dertheatermacher.ch\/theaterobertor\/wp-json\/wp\/v2\/types\/page"}],"author":[{"embeddable":true,"href":"http:\/\/dertheatermacher.ch\/theaterobertor\/wp-json\/wp\/v2\/users\/1"}],"replies":[{"embeddable":true,"href":"http:\/\/dertheatermacher.ch\/theaterobertor\/wp-json\/wp\/v2\/comments?post=27"}],"version-history":[{"count":5,"href":"http:\/\/dertheatermacher.ch\/theaterobertor\/wp-json\/wp\/v2\/pages\/27\/revisions"}],"predecessor-version":[{"id":965,"href":"http:\/\/dertheatermacher.ch\/theaterobertor\/wp-json\/wp\/v2\/pages\/27\/revisions\/965"}],"wp:attachment":[{"href":"http:\/\/dertheatermacher.ch\/theaterobertor\/wp-json\/wp\/v2\/media?parent=27"}],"curies":[{"name":"wp","href":"https:\/\/api.w.org\/{rel}","templated":true}]}}