{"id":22,"date":"2016-06-25T21:06:59","date_gmt":"2016-06-25T19:06:59","guid":{"rendered":"http:\/\/dertheatermacher.ch\/theaterobertor\/?page_id=22"},"modified":"2025-06-11T11:51:00","modified_gmt":"2025-06-11T09:51:00","slug":"romulus-der-grosse-2005","status":"publish","type":"page","link":"http:\/\/dertheatermacher.ch\/theaterobertor\/romulus-der-grosse-2005\/","title":{"rendered":"2005: \u00abRomulus der Grosse\u00bb von Friedrich D\u00fcrrenmatt"},"content":{"rendered":"<p>Die Germanen kommen \u2013 doch der letzte r\u00f6mische Kaiser Romulus weigert sich, etwas gegen die Invasion aus dem Norden zu unternehmen. W\u00e4hrend um ihn herum eine Welt zusammen kracht, interessieren ihn nur noch seine H\u00fchner. Niemand versteht den Unt\u00e4tigen \u2013 bis auf einen. Und das ist ausgerechnet der F\u00fcrst der Germanen.<\/p>\n<p>\u00abRomulus der Grosse\u00bb ist ein fr\u00fches Werk von Friedrich D\u00fcrrenmatt, das bereits alle Eigenschaften seiner sp\u00e4teren, weltber\u00fchmten St\u00fccke aufweist: Es ist gleichzeitig urkomisch, todtraurig und hochphilosophisch.<\/p>\n<p>Aufgef\u00fchrt vom 6. bis 11. September 2005 im Kongresshaus Liebestrasse in Winterthur.<\/p>\n<div id='gallery-1' class='gallery galleryid-22 gallery-columns-3 gallery-size-thumbnail'><figure class='gallery-item'>\n\t\t\t<div class='gallery-icon landscape'>\n\t\t\t\t<a href='http:\/\/dertheatermacher.ch\/theaterobertor\/romulus-der-grosse-2005\/01szene19\/'><img width=\"150\" height=\"150\" src=\"http:\/\/dertheatermacher.ch\/theaterobertor\/wp-content\/uploads\/2016\/06\/01szene19-150x150.jpg\" class=\"attachment-thumbnail size-thumbnail\" alt=\"\" decoding=\"async\" loading=\"lazy\" \/><\/a>\n\t\t\t<\/div><\/figure><figure class='gallery-item'>\n\t\t\t<div class='gallery-icon landscape'>\n\t\t\t\t<a href='http:\/\/dertheatermacher.ch\/theaterobertor\/romulus-der-grosse-2005\/01szene18\/'><img width=\"150\" height=\"150\" src=\"http:\/\/dertheatermacher.ch\/theaterobertor\/wp-content\/uploads\/2016\/06\/01szene18-150x150.jpg\" class=\"attachment-thumbnail size-thumbnail\" alt=\"\" decoding=\"async\" loading=\"lazy\" \/><\/a>\n\t\t\t<\/div><\/figure><figure class='gallery-item'>\n\t\t\t<div class='gallery-icon landscape'>\n\t\t\t\t<a href='http:\/\/dertheatermacher.ch\/theaterobertor\/romulus-der-grosse-2005\/01szene16\/'><img width=\"150\" height=\"150\" src=\"http:\/\/dertheatermacher.ch\/theaterobertor\/wp-content\/uploads\/2016\/06\/01szene16-150x150.jpg\" class=\"attachment-thumbnail size-thumbnail\" alt=\"\" decoding=\"async\" loading=\"lazy\" \/><\/a>\n\t\t\t<\/div><\/figure><figure class='gallery-item'>\n\t\t\t<div class='gallery-icon landscape'>\n\t\t\t\t<a href='http:\/\/dertheatermacher.ch\/theaterobertor\/romulus-der-grosse-2005\/01szene15\/'><img width=\"150\" height=\"150\" src=\"http:\/\/dertheatermacher.ch\/theaterobertor\/wp-content\/uploads\/2016\/06\/01szene15-150x150.jpg\" class=\"attachment-thumbnail size-thumbnail\" alt=\"\" decoding=\"async\" loading=\"lazy\" \/><\/a>\n\t\t\t<\/div><\/figure><figure class='gallery-item'>\n\t\t\t<div class='gallery-icon landscape'>\n\t\t\t\t<a href='http:\/\/dertheatermacher.ch\/theaterobertor\/romulus-der-grosse-2005\/01szene12\/'><img width=\"150\" height=\"150\" src=\"http:\/\/dertheatermacher.ch\/theaterobertor\/wp-content\/uploads\/2016\/06\/01szene12-150x150.jpg\" class=\"attachment-thumbnail size-thumbnail\" alt=\"\" decoding=\"async\" loading=\"lazy\" \/><\/a>\n\t\t\t<\/div><\/figure><figure class='gallery-item'>\n\t\t\t<div class='gallery-icon landscape'>\n\t\t\t\t<a href='http:\/\/dertheatermacher.ch\/theaterobertor\/romulus-der-grosse-2005\/01szene10\/'><img width=\"150\" height=\"150\" src=\"http:\/\/dertheatermacher.ch\/theaterobertor\/wp-content\/uploads\/2016\/06\/01szene10-150x150.jpg\" class=\"attachment-thumbnail size-thumbnail\" alt=\"\" decoding=\"async\" loading=\"lazy\" \/><\/a>\n\t\t\t<\/div><\/figure><figure class='gallery-item'>\n\t\t\t<div class='gallery-icon landscape'>\n\t\t\t\t<a href='http:\/\/dertheatermacher.ch\/theaterobertor\/romulus-der-grosse-2005\/01szene8\/'><img width=\"150\" height=\"150\" src=\"http:\/\/dertheatermacher.ch\/theaterobertor\/wp-content\/uploads\/2016\/06\/01szene8-150x150.jpg\" class=\"attachment-thumbnail size-thumbnail\" alt=\"\" decoding=\"async\" loading=\"lazy\" \/><\/a>\n\t\t\t<\/div><\/figure><figure class='gallery-item'>\n\t\t\t<div class='gallery-icon landscape'>\n\t\t\t\t<a href='http:\/\/dertheatermacher.ch\/theaterobertor\/romulus-der-grosse-2005\/01szene6\/'><img width=\"150\" height=\"150\" src=\"http:\/\/dertheatermacher.ch\/theaterobertor\/wp-content\/uploads\/2016\/06\/01szene6-150x150.jpg\" class=\"attachment-thumbnail size-thumbnail\" alt=\"\" decoding=\"async\" loading=\"lazy\" \/><\/a>\n\t\t\t<\/div><\/figure><figure class='gallery-item'>\n\t\t\t<div class='gallery-icon landscape'>\n\t\t\t\t<a href='http:\/\/dertheatermacher.ch\/theaterobertor\/romulus-der-grosse-2005\/01szene5\/'><img width=\"150\" height=\"150\" src=\"http:\/\/dertheatermacher.ch\/theaterobertor\/wp-content\/uploads\/2016\/06\/01szene5-150x150.jpg\" class=\"attachment-thumbnail size-thumbnail\" alt=\"\" decoding=\"async\" loading=\"lazy\" \/><\/a>\n\t\t\t<\/div><\/figure><figure class='gallery-item'>\n\t\t\t<div class='gallery-icon landscape'>\n\t\t\t\t<a href='http:\/\/dertheatermacher.ch\/theaterobertor\/romulus-der-grosse-2005\/01szene4\/'><img width=\"150\" height=\"150\" src=\"http:\/\/dertheatermacher.ch\/theaterobertor\/wp-content\/uploads\/2016\/06\/01szene4-150x150.jpg\" class=\"attachment-thumbnail size-thumbnail\" alt=\"\" decoding=\"async\" loading=\"lazy\" \/><\/a>\n\t\t\t<\/div><\/figure><figure class='gallery-item'>\n\t\t\t<div class='gallery-icon landscape'>\n\t\t\t\t<a href='http:\/\/dertheatermacher.ch\/theaterobertor\/romulus-der-grosse-2005\/01szene2\/'><img width=\"150\" height=\"150\" src=\"http:\/\/dertheatermacher.ch\/theaterobertor\/wp-content\/uploads\/2016\/06\/01szene2-150x150.jpg\" class=\"attachment-thumbnail size-thumbnail\" alt=\"\" decoding=\"async\" loading=\"lazy\" \/><\/a>\n\t\t\t<\/div><\/figure><figure class='gallery-item'>\n\t\t\t<div class='gallery-icon landscape'>\n\t\t\t\t<a href='http:\/\/dertheatermacher.ch\/theaterobertor\/romulus-der-grosse-2005\/01szene1\/'><img width=\"150\" height=\"150\" src=\"http:\/\/dertheatermacher.ch\/theaterobertor\/wp-content\/uploads\/2016\/06\/01szene1-150x150.jpg\" class=\"attachment-thumbnail size-thumbnail\" alt=\"\" decoding=\"async\" loading=\"lazy\" \/><\/a>\n\t\t\t<\/div><\/figure>\n\t\t<\/div>\n\n<p>&nbsp;<\/p>\n","protected":false},"excerpt":{"rendered":"<p>Die Germanen kommen \u2013 doch der letzte r\u00f6mische Kaiser Romulus weigert sich, etwas gegen die Invasion aus dem Norden zu unternehmen. W\u00e4hrend um ihn herum eine Welt zusammen kracht, interessieren ihn nur noch seine H\u00fchner. Niemand versteht den Unt\u00e4tigen \u2013 bis auf einen. Und das ist ausgerechnet der F\u00fcrst der Germanen. \u00abRomulus der Grosse\u00bb ist [&#8230;]<\/p>\n<p><a class=\"btn btn-secondary understrap-read-more-link\" href=\"http:\/\/dertheatermacher.ch\/theaterobertor\/romulus-der-grosse-2005\/\">Weiterlesen\u00a0\u2026<span class=\"screen-reader-text\"> from 2005: \u00abRomulus der Grosse\u00bb von Friedrich D\u00fcrrenmatt<\/span><\/a><\/p>\n","protected":false},"author":1,"featured_media":0,"parent":0,"menu_order":33,"comment_status":"closed","ping_status":"closed","template":"","meta":[],"_links":{"self":[{"href":"http:\/\/dertheatermacher.ch\/theaterobertor\/wp-json\/wp\/v2\/pages\/22"}],"collection":[{"href":"http:\/\/dertheatermacher.ch\/theaterobertor\/wp-json\/wp\/v2\/pages"}],"about":[{"href":"http:\/\/dertheatermacher.ch\/theaterobertor\/wp-json\/wp\/v2\/types\/page"}],"author":[{"embeddable":true,"href":"http:\/\/dertheatermacher.ch\/theaterobertor\/wp-json\/wp\/v2\/users\/1"}],"replies":[{"embeddable":true,"href":"http:\/\/dertheatermacher.ch\/theaterobertor\/wp-json\/wp\/v2\/comments?post=22"}],"version-history":[{"count":6,"href":"http:\/\/dertheatermacher.ch\/theaterobertor\/wp-json\/wp\/v2\/pages\/22\/revisions"}],"predecessor-version":[{"id":2519,"href":"http:\/\/dertheatermacher.ch\/theaterobertor\/wp-json\/wp\/v2\/pages\/22\/revisions\/2519"}],"wp:attachment":[{"href":"http:\/\/dertheatermacher.ch\/theaterobertor\/wp-json\/wp\/v2\/media?parent=22"}],"curies":[{"name":"wp","href":"https:\/\/api.w.org\/{rel}","templated":true}]}}