{"id":2,"date":"2016-06-25T13:01:12","date_gmt":"2016-06-25T12:01:12","guid":{"rendered":"http:\/\/dertheatermacher.ch\/theaterobertor\/?page_id=2"},"modified":"2026-01-06T08:59:01","modified_gmt":"2026-01-06T07:59:01","slug":"theaterkurs","status":"publish","type":"page","link":"http:\/\/dertheatermacher.ch\/theaterobertor\/theaterkurs\/","title":{"rendered":"Theaterkurs"},"content":{"rendered":"<p style=\"text-align: left;\">Das Theaterensemble Obertor ist eine weitherum einzigartige Institution. Organisiert ist es als einj\u00e4hriger Theaterkurs, dem sich jeder und jede anschliessen kann. Viele sind schon seit Jahren dabei \u2013 gegr\u00fcndet wurde das Ensemble 2004 vom Leiter <span style=\"text-decoration: underline;\"><a href=\"http:\/\/dertheatermacher.ch\/theaterobertor\/sample-page\/die-leitung\/\">Marius Leutenegger<\/a><\/span> \u2013, jede Saison kommen aber neue Mitwirkende hinzu. Die zwischen 30 und 40 Personen z\u00e4hlende Gruppe harmoniert bestens, obwohl sie alles andere als homogen ist: Sie vereint Junge und Alte von 16 bis 80 Jahren, Erfahrene und Neulinge, B\u00fchnentiere und Scheue.<\/p>\n<p style=\"text-align: left;\">Ziel des Kurses ist die grosse Auff\u00fchrung eines wichtigen Theaterst\u00fccks. Wir sind dem Theater in seiner klassischen Form verpflichtet und spielen St\u00fccke renommierter Autoren von Shakespeare \u00fcber D\u00fcrrenmatt bis Miller, zeigen diese aber in zeitgem\u00e4sser Frische. W\u00e4hrend zwei Semestern holen sich die Teilnehmenden das R\u00fcstzeug f\u00fcr den Auftritt. Sie werden in Sprech- und Atemtechnik ausgebildet und in die Grundlagen der Schauspielkunst eingef\u00fchrt. Wir machen Improvisation und verbess<a href=\"http:\/\/dertheatermacher.ch\/theaterobertor\/kursanmeldung\/\"><img decoding=\"async\" loading=\"lazy\" class=\"alignright wp-image-318 size-thumbnail\" src=\"http:\/\/dertheatermacher.ch\/theaterobertor\/wp-content\/uploads\/2016\/06\/button-anmelden-rot-150x150.jpg\" alt=\"button anmelden rot\" width=\"150\" height=\"150\" srcset=\"http:\/\/dertheatermacher.ch\/theaterobertor\/wp-content\/uploads\/2016\/06\/button-anmelden-rot-150x150.jpg 150w, http:\/\/dertheatermacher.ch\/theaterobertor\/wp-content\/uploads\/2016\/06\/button-anmelden-rot-298x300.jpg 298w, http:\/\/dertheatermacher.ch\/theaterobertor\/wp-content\/uploads\/2016\/06\/button-anmelden-rot-480x480.jpg 480w, http:\/\/dertheatermacher.ch\/theaterobertor\/wp-content\/uploads\/2016\/06\/button-anmelden-rot-320x320.jpg 320w, http:\/\/dertheatermacher.ch\/theaterobertor\/wp-content\/uploads\/2016\/06\/button-anmelden-rot-240x240.jpg 240w, http:\/\/dertheatermacher.ch\/theaterobertor\/wp-content\/uploads\/2016\/06\/button-anmelden-rot.jpg 533w\" sizes=\"(max-width: 150px) 100vw, 150px\" \/><\/a>ern unsere Auftrittskompetenz, wir arbeiten an Texten und feilen an Szenen. Unsere Ambitionen sind zwar hoch, die Atmosph\u00e4re ist aber sehr ermutigend \u2013 auch f\u00fcr Anf\u00e4ngerinnen und Anf\u00e4nger, die einmal tief in die Theaterwelt eintauchen m\u00f6chten. Vorkenntnisse sind keine n\u00f6tig, die Teilnehmenden m\u00fcssen aber viel Engagement mitbringen.<\/p>\n<p style=\"text-align: left;\">Der Kurs findet w\u00f6chentlich <strong><a href=\"http:\/\/dertheatermacher.ch\/theaterobertor\/kontakt\/\">im B\u00fchnensaal des Schulhauses Heiligberg in Winterthur<\/a><\/strong> statt, jeweils am Dienstagabend, und dauert von Oktober bis September. Hinzu kommen mehrere Probenwochenenden und individuelle Zusatzproben. Damit das Projekt gelingt, ist eine hohe Zuverl\u00e4ssligkeit hinsichtlich der Pr\u00e4senz unerl\u00e4sslich.<\/p>\n<p style=\"text-align: left;\"><strong>Umfang:<\/strong><br \/>\n\u2013 ca. 35 Doppellektionen zwischen Oktober und drauffolgendem September; jeweils am Dienstag. Wegen der hohen Teilnehmerzahl werden zwei Gruppen mit indentischem Programm gef\u00fchrt: von 18 bis 20 und von 20 bis 22 Uhr. W\u00e4hrend der Schulferien finden keine Lektionen statt.<br \/>\n\u2013 2 Probenwochenden im Juni und Juli, 2 Probenwochenenden vor den Auff\u00fchrungen (f\u00fcr alle Teilnehmenden obligatorisch)<br \/>\n\u2013 zus\u00e4tzliche Proben vor den Auff\u00fchrungen<br \/>\n\u2013 5 bis 12 Auff\u00fchrung im September (je nach Rolle und Besetzung)<\/p>\n<p style=\"text-align: left;\"><strong>Kosten:<\/strong><br \/>\n800 Franken im Jahr. Bei unterj\u00e4hrigem Ein- und Ausstieg betr\u00e4gt das Kursgeld mindestens 500 Franken. Der n\u00e4chste Kurs startet am 21. Oktober 2025 mit einem Informationsanlass im Schulhaus Heiligberg; der Einstieg ist auch w\u00e4hrend des Kursjahrs noch m\u00f6glich. Melden Sie sich <strong><a href=\"http:\/\/dertheatermacher.ch\/theaterobertor\/?page_id=128\">hier<\/a><\/strong> f\u00fcr den n\u00e4chsten Kurs an. Selbstverst\u00e4ndlich steht der Kursleiter bei Fragen zur Verf\u00fcgung (Kontaktdaten ganz unten), und selbstverst\u00e4ndlich sind Probelektionen m\u00f6glich.<\/p>\n","protected":false},"excerpt":{"rendered":"<p>Das Theaterensemble Obertor ist eine weitherum einzigartige Institution. Organisiert ist es als einj\u00e4hriger Theaterkurs, dem sich jeder und jede anschliessen kann. Viele sind schon seit Jahren dabei \u2013 gegr\u00fcndet wurde das Ensemble 2004 vom Leiter Marius Leutenegger \u2013, jede Saison kommen aber neue Mitwirkende hinzu. Die zwischen 30 und 40 Personen z\u00e4hlende Gruppe harmoniert bestens, [&#8230;]<\/p>\n<p><a class=\"btn btn-secondary understrap-read-more-link\" href=\"http:\/\/dertheatermacher.ch\/theaterobertor\/theaterkurs\/\">Weiterlesen\u00a0\u2026<span class=\"screen-reader-text\"> from Theaterkurs<\/span><\/a><\/p>\n","protected":false},"author":1,"featured_media":0,"parent":0,"menu_order":4,"comment_status":"closed","ping_status":"closed","template":"","meta":[],"_links":{"self":[{"href":"http:\/\/dertheatermacher.ch\/theaterobertor\/wp-json\/wp\/v2\/pages\/2"}],"collection":[{"href":"http:\/\/dertheatermacher.ch\/theaterobertor\/wp-json\/wp\/v2\/pages"}],"about":[{"href":"http:\/\/dertheatermacher.ch\/theaterobertor\/wp-json\/wp\/v2\/types\/page"}],"author":[{"embeddable":true,"href":"http:\/\/dertheatermacher.ch\/theaterobertor\/wp-json\/wp\/v2\/users\/1"}],"replies":[{"embeddable":true,"href":"http:\/\/dertheatermacher.ch\/theaterobertor\/wp-json\/wp\/v2\/comments?post=2"}],"version-history":[{"count":49,"href":"http:\/\/dertheatermacher.ch\/theaterobertor\/wp-json\/wp\/v2\/pages\/2\/revisions"}],"predecessor-version":[{"id":3233,"href":"http:\/\/dertheatermacher.ch\/theaterobertor\/wp-json\/wp\/v2\/pages\/2\/revisions\/3233"}],"wp:attachment":[{"href":"http:\/\/dertheatermacher.ch\/theaterobertor\/wp-json\/wp\/v2\/media?parent=2"}],"curies":[{"name":"wp","href":"https:\/\/api.w.org\/{rel}","templated":true}]}}