{"id":1511,"date":"2020-06-15T20:38:10","date_gmt":"2020-06-15T18:38:10","guid":{"rendered":"http:\/\/dertheatermacher.ch\/theaterobertor\/?page_id=1511"},"modified":"2026-01-06T09:02:29","modified_gmt":"2026-01-06T08:02:29","slug":"elektra","status":"publish","type":"page","link":"http:\/\/dertheatermacher.ch\/theaterobertor\/elektra\/","title":{"rendered":"2021: \u00abTrauer muss Elektra tragen\u00bb von Eugene O&#8217;Neill"},"content":{"rendered":"<p>Der US-amerikanische Dramatiker Eugen O\u2019Neill (1888\u20131953) z\u00e4hlt zu den wichtigsten Erneuerern des modernen Theaters. Er erhielt 1936 den Nobelpreis f\u00fcr Literatur und gewann vier Mal den renommierten Pulitzer-Preis. \u00abTrauer muss Elektra tragen\u00bb ist eines seiner bedeutendsten St\u00fccke. O\u2019Neill setzte damit einen Trend: einen grossen antiken Stoff zeitgen\u00f6ssisch aufzubereiten.<\/p>\n<p>Vorlage des St\u00fccks ist die \u00abOrestie\u00bb des Aischylos, die grosse Trilogie um die K\u00f6nigstochter Elektra. Wie \u00fcblich bei griechischen Trag\u00f6dien, wird integriert und gemordet. O\u2019Neill verlegte das prototypische Familiendrama in die Zeit nach dem US-amerikanischen B\u00fcrgerkrieg und reicherte es mit viel Psychologie und noch mehr Schicksal an \u2013 der Elektra-Komplex spielt ebenso eine Rolle wie der \u00d6dipus-Komplex. Es ist keine leichtverdauliche Kost, der sich das Theaterensemble Obertor da angenommen hat. Aber ein mehr als faszinierendes St\u00fcck Theatergeschichte: Es gibt wohl nur wenige Dramen, die von den Darstellenden so viel Emotionalit\u00e4t abverlangen wie \u00abTrauer muss Elektra tragen\u00bb. Die Trilogie, die an einem Abend aufgef\u00fchrt wird, l\u00e4sst das Publikum tief eintauchen in die Verstrickungen einer Familie, die nat\u00fcrlich nur zu oft an die eigenen Verh\u00e4ltnisse erinnern.<\/p>\n<p>&nbsp;<\/p>\n<h5><strong>Aufgef\u00fchrt vom 13. bis 26. September 2021 im Theater Winterthur-Veltheim<\/strong><\/h5>\n<p>&nbsp;<\/p>\n<div id='gallery-1' class='gallery galleryid-1511 gallery-columns-3 gallery-size-thumbnail'><figure class='gallery-item'>\n\t\t\t<div class='gallery-icon landscape'>\n\t\t\t\t<a href='http:\/\/dertheatermacher.ch\/theaterobertor\/elektra\/img_5567\/'><img width=\"150\" height=\"150\" src=\"http:\/\/dertheatermacher.ch\/theaterobertor\/wp-content\/uploads\/2022\/02\/IMG_5567-150x150.jpg\" class=\"attachment-thumbnail size-thumbnail\" alt=\"\" decoding=\"async\" loading=\"lazy\" srcset=\"http:\/\/dertheatermacher.ch\/theaterobertor\/wp-content\/uploads\/2022\/02\/IMG_5567-150x150.jpg 150w, http:\/\/dertheatermacher.ch\/theaterobertor\/wp-content\/uploads\/2022\/02\/IMG_5567-960x960.jpg 960w, http:\/\/dertheatermacher.ch\/theaterobertor\/wp-content\/uploads\/2022\/02\/IMG_5567-480x480.jpg 480w, http:\/\/dertheatermacher.ch\/theaterobertor\/wp-content\/uploads\/2022\/02\/IMG_5567-320x320.jpg 320w, http:\/\/dertheatermacher.ch\/theaterobertor\/wp-content\/uploads\/2022\/02\/IMG_5567-240x240.jpg 240w\" sizes=\"(max-width: 150px) 100vw, 150px\" \/><\/a>\n\t\t\t<\/div><\/figure><figure class='gallery-item'>\n\t\t\t<div class='gallery-icon landscape'>\n\t\t\t\t<a href='http:\/\/dertheatermacher.ch\/theaterobertor\/elektra\/img_1825\/'><img width=\"150\" height=\"150\" src=\"http:\/\/dertheatermacher.ch\/theaterobertor\/wp-content\/uploads\/2022\/02\/IMG_1825-e1680264219799-150x150.jpg\" class=\"attachment-thumbnail size-thumbnail\" alt=\"\" decoding=\"async\" loading=\"lazy\" \/><\/a>\n\t\t\t<\/div><\/figure><figure class='gallery-item'>\n\t\t\t<div class='gallery-icon landscape'>\n\t\t\t\t<a href='http:\/\/dertheatermacher.ch\/theaterobertor\/elektra\/img_1639\/'><img width=\"150\" height=\"150\" src=\"http:\/\/dertheatermacher.ch\/theaterobertor\/wp-content\/uploads\/2022\/02\/IMG_1639-150x150.jpg\" class=\"attachment-thumbnail size-thumbnail\" alt=\"\" decoding=\"async\" loading=\"lazy\" srcset=\"http:\/\/dertheatermacher.ch\/theaterobertor\/wp-content\/uploads\/2022\/02\/IMG_1639-150x150.jpg 150w, http:\/\/dertheatermacher.ch\/theaterobertor\/wp-content\/uploads\/2022\/02\/IMG_1639-960x960.jpg 960w, http:\/\/dertheatermacher.ch\/theaterobertor\/wp-content\/uploads\/2022\/02\/IMG_1639-480x480.jpg 480w, http:\/\/dertheatermacher.ch\/theaterobertor\/wp-content\/uploads\/2022\/02\/IMG_1639-320x320.jpg 320w, http:\/\/dertheatermacher.ch\/theaterobertor\/wp-content\/uploads\/2022\/02\/IMG_1639-240x240.jpg 240w\" sizes=\"(max-width: 150px) 100vw, 150px\" \/><\/a>\n\t\t\t<\/div><\/figure><figure class='gallery-item'>\n\t\t\t<div class='gallery-icon landscape'>\n\t\t\t\t<a href='http:\/\/dertheatermacher.ch\/theaterobertor\/elektra\/dsc01491\/'><img width=\"150\" height=\"150\" src=\"http:\/\/dertheatermacher.ch\/theaterobertor\/wp-content\/uploads\/2022\/02\/DSC01491-150x150.jpg\" class=\"attachment-thumbnail size-thumbnail\" alt=\"\" decoding=\"async\" loading=\"lazy\" srcset=\"http:\/\/dertheatermacher.ch\/theaterobertor\/wp-content\/uploads\/2022\/02\/DSC01491-150x150.jpg 150w, http:\/\/dertheatermacher.ch\/theaterobertor\/wp-content\/uploads\/2022\/02\/DSC01491-960x960.jpg 960w, http:\/\/dertheatermacher.ch\/theaterobertor\/wp-content\/uploads\/2022\/02\/DSC01491-480x480.jpg 480w, http:\/\/dertheatermacher.ch\/theaterobertor\/wp-content\/uploads\/2022\/02\/DSC01491-320x320.jpg 320w, http:\/\/dertheatermacher.ch\/theaterobertor\/wp-content\/uploads\/2022\/02\/DSC01491-240x240.jpg 240w\" sizes=\"(max-width: 150px) 100vw, 150px\" \/><\/a>\n\t\t\t<\/div><\/figure><figure class='gallery-item'>\n\t\t\t<div class='gallery-icon landscape'>\n\t\t\t\t<a href='http:\/\/dertheatermacher.ch\/theaterobertor\/elektra\/dsc01433\/'><img width=\"150\" height=\"150\" src=\"http:\/\/dertheatermacher.ch\/theaterobertor\/wp-content\/uploads\/2022\/02\/DSC01433-150x150.jpg\" class=\"attachment-thumbnail size-thumbnail\" alt=\"\" decoding=\"async\" loading=\"lazy\" srcset=\"http:\/\/dertheatermacher.ch\/theaterobertor\/wp-content\/uploads\/2022\/02\/DSC01433-150x150.jpg 150w, http:\/\/dertheatermacher.ch\/theaterobertor\/wp-content\/uploads\/2022\/02\/DSC01433-960x960.jpg 960w, http:\/\/dertheatermacher.ch\/theaterobertor\/wp-content\/uploads\/2022\/02\/DSC01433-480x480.jpg 480w, http:\/\/dertheatermacher.ch\/theaterobertor\/wp-content\/uploads\/2022\/02\/DSC01433-320x320.jpg 320w, http:\/\/dertheatermacher.ch\/theaterobertor\/wp-content\/uploads\/2022\/02\/DSC01433-240x240.jpg 240w\" sizes=\"(max-width: 150px) 100vw, 150px\" \/><\/a>\n\t\t\t<\/div><\/figure><figure class='gallery-item'>\n\t\t\t<div class='gallery-icon landscape'>\n\t\t\t\t<a href='http:\/\/dertheatermacher.ch\/theaterobertor\/elektra\/dsc01420\/'><img width=\"150\" height=\"150\" src=\"http:\/\/dertheatermacher.ch\/theaterobertor\/wp-content\/uploads\/2022\/02\/DSC01420-150x150.jpg\" class=\"attachment-thumbnail size-thumbnail\" alt=\"\" decoding=\"async\" loading=\"lazy\" srcset=\"http:\/\/dertheatermacher.ch\/theaterobertor\/wp-content\/uploads\/2022\/02\/DSC01420-150x150.jpg 150w, http:\/\/dertheatermacher.ch\/theaterobertor\/wp-content\/uploads\/2022\/02\/DSC01420-960x960.jpg 960w, http:\/\/dertheatermacher.ch\/theaterobertor\/wp-content\/uploads\/2022\/02\/DSC01420-480x480.jpg 480w, http:\/\/dertheatermacher.ch\/theaterobertor\/wp-content\/uploads\/2022\/02\/DSC01420-320x320.jpg 320w, http:\/\/dertheatermacher.ch\/theaterobertor\/wp-content\/uploads\/2022\/02\/DSC01420-240x240.jpg 240w\" sizes=\"(max-width: 150px) 100vw, 150px\" \/><\/a>\n\t\t\t<\/div><\/figure><figure class='gallery-item'>\n\t\t\t<div class='gallery-icon landscape'>\n\t\t\t\t<a href='http:\/\/dertheatermacher.ch\/theaterobertor\/elektra\/dsc_5094\/'><img width=\"150\" height=\"150\" src=\"http:\/\/dertheatermacher.ch\/theaterobertor\/wp-content\/uploads\/2022\/02\/DSC_5094-150x150.jpg\" class=\"attachment-thumbnail size-thumbnail\" alt=\"\" decoding=\"async\" loading=\"lazy\" srcset=\"http:\/\/dertheatermacher.ch\/theaterobertor\/wp-content\/uploads\/2022\/02\/DSC_5094-150x150.jpg 150w, http:\/\/dertheatermacher.ch\/theaterobertor\/wp-content\/uploads\/2022\/02\/DSC_5094-960x960.jpg 960w, http:\/\/dertheatermacher.ch\/theaterobertor\/wp-content\/uploads\/2022\/02\/DSC_5094-480x480.jpg 480w, http:\/\/dertheatermacher.ch\/theaterobertor\/wp-content\/uploads\/2022\/02\/DSC_5094-320x320.jpg 320w, http:\/\/dertheatermacher.ch\/theaterobertor\/wp-content\/uploads\/2022\/02\/DSC_5094-240x240.jpg 240w\" sizes=\"(max-width: 150px) 100vw, 150px\" \/><\/a>\n\t\t\t<\/div><\/figure><figure class='gallery-item'>\n\t\t\t<div class='gallery-icon landscape'>\n\t\t\t\t<a href='http:\/\/dertheatermacher.ch\/theaterobertor\/elektra\/dsc_0929\/'><img width=\"150\" height=\"150\" src=\"http:\/\/dertheatermacher.ch\/theaterobertor\/wp-content\/uploads\/2020\/06\/DSC_0929-150x150.jpg\" class=\"attachment-thumbnail size-thumbnail\" alt=\"\" decoding=\"async\" loading=\"lazy\" srcset=\"http:\/\/dertheatermacher.ch\/theaterobertor\/wp-content\/uploads\/2020\/06\/DSC_0929-150x150.jpg 150w, http:\/\/dertheatermacher.ch\/theaterobertor\/wp-content\/uploads\/2020\/06\/DSC_0929-960x960.jpg 960w, http:\/\/dertheatermacher.ch\/theaterobertor\/wp-content\/uploads\/2020\/06\/DSC_0929-480x480.jpg 480w, http:\/\/dertheatermacher.ch\/theaterobertor\/wp-content\/uploads\/2020\/06\/DSC_0929-320x320.jpg 320w, http:\/\/dertheatermacher.ch\/theaterobertor\/wp-content\/uploads\/2020\/06\/DSC_0929-240x240.jpg 240w\" sizes=\"(max-width: 150px) 100vw, 150px\" \/><\/a>\n\t\t\t<\/div><\/figure>\n\t\t<\/div>\n\n<p>&nbsp;<\/p>\n<p>&nbsp;<\/p>\n","protected":false},"excerpt":{"rendered":"<p>Der US-amerikanische Dramatiker Eugen O\u2019Neill (1888\u20131953) z\u00e4hlt zu den wichtigsten Erneuerern des modernen Theaters. Er erhielt 1936 den Nobelpreis f\u00fcr Literatur und gewann vier Mal den renommierten Pulitzer-Preis. \u00abTrauer muss Elektra tragen\u00bb ist eines seiner bedeutendsten St\u00fccke. O\u2019Neill setzte damit einen Trend: einen grossen antiken Stoff zeitgen\u00f6ssisch aufzubereiten. Vorlage des St\u00fccks ist die \u00abOrestie\u00bb des [&#8230;]<\/p>\n<p><a class=\"btn btn-secondary understrap-read-more-link\" href=\"http:\/\/dertheatermacher.ch\/theaterobertor\/elektra\/\">Weiterlesen\u00a0\u2026<span class=\"screen-reader-text\"> from 2021: \u00abTrauer muss Elektra tragen\u00bb von Eugene O&#8217;Neill<\/span><\/a><\/p>\n","protected":false},"author":2,"featured_media":0,"parent":0,"menu_order":12,"comment_status":"closed","ping_status":"closed","template":"","meta":[],"_links":{"self":[{"href":"http:\/\/dertheatermacher.ch\/theaterobertor\/wp-json\/wp\/v2\/pages\/1511"}],"collection":[{"href":"http:\/\/dertheatermacher.ch\/theaterobertor\/wp-json\/wp\/v2\/pages"}],"about":[{"href":"http:\/\/dertheatermacher.ch\/theaterobertor\/wp-json\/wp\/v2\/types\/page"}],"author":[{"embeddable":true,"href":"http:\/\/dertheatermacher.ch\/theaterobertor\/wp-json\/wp\/v2\/users\/2"}],"replies":[{"embeddable":true,"href":"http:\/\/dertheatermacher.ch\/theaterobertor\/wp-json\/wp\/v2\/comments?post=1511"}],"version-history":[{"count":25,"href":"http:\/\/dertheatermacher.ch\/theaterobertor\/wp-json\/wp\/v2\/pages\/1511\/revisions"}],"predecessor-version":[{"id":2673,"href":"http:\/\/dertheatermacher.ch\/theaterobertor\/wp-json\/wp\/v2\/pages\/1511\/revisions\/2673"}],"wp:attachment":[{"href":"http:\/\/dertheatermacher.ch\/theaterobertor\/wp-json\/wp\/v2\/media?parent=1511"}],"curies":[{"name":"wp","href":"https:\/\/api.w.org\/{rel}","templated":true}]}}