{"id":8,"date":"2008-06-12T11:57:21","date_gmt":"2008-06-12T09:57:21","guid":{"rendered":"http:\/\/dertheatermacher.ch\/fraz\/?page_id=8"},"modified":"2016-12-09T18:04:47","modified_gmt":"2016-12-09T17:04:47","slug":"der-untergang-der-titanic-1994","status":"publish","type":"page","link":"http:\/\/dertheatermacher.ch\/theaterobertor\/fraz\/bisherige-produktionen\/der-untergang-der-titanic-1994\/","title":{"rendered":"Der Untergang der Titanic (1994)"},"content":{"rendered":"<p><a title=\"02plakat.jpg\" href=\"http:\/\/dertheatermacher.ch\/theaterobertor\/fraz\/wp-content\/uploads\/sites\/4\/2008\/07\/02plakat.jpg\"><img decoding=\"async\" src=\"http:\/\/dertheatermacher.ch\/theaterobertor\/fraz\/wp-content\/uploads\/sites\/4\/2008\/07\/02plakat.jpg\" alt=\"02plakat.jpg\" width=\"200\" align=\"right\" \/><\/a>Eine Kom\u00f6die nach Hans Magnus Enzensberger<\/p>\n<p>7. Janaur 1994, Wetzikon<br \/>\n8. Januar 1994, Thalwil<br \/>\n13. Januar 1994, Langnau am Albis<br \/>\n15. Januar 1994, Dietikon<br \/>\n20. bis 22. Januar 1994, Kulturhaus Dynamo, Z\u00fcrich<\/p>\n<p><strong>Darstellende<\/strong><\/p>\n<p>Kapit\u00e4n: Bernhard Rubin<br \/>\n1. Offizier: Johannes Hardmeier<br \/>\nPassagierin aus dem Zwischendeck: Andrea Herdeg<br \/>\nPassagier aus der ersten Klasse: Benjamin Gygax<br \/>\nPassagierin aus der ersten Klasse: Isabelle Schnederle<br \/>\nReferent: Marius Leutenegger<\/p>\n<p><strong>Team<\/strong><\/p>\n<p>B\u00fchnenbearbeitung und Regie: Marius Leutenegger<br \/>\nB\u00fchnenbild: Benjamin Gygax<br \/>\nKost\u00fcme und Requisiten: Isabelle Schnederle<br \/>\nLicht: Bernhard Rubin<br \/>\nTon: Johannes Hardmeier<br \/>\nTechnik: Marc Diethelm<\/p>\n<p><strong>Brief an unser Publikum<\/strong><\/p>\n<p>Nein, leichte Kost erwartet Sie nicht, wenn die Lichter Im Saal ausgehen und die B\u00fchne f\u00fcr fraz? freigegeben wird. Oder doch? Unsere diesj\u00e4hrige Inszenierung will vielseitig sein. Sie kommt fast daher wie eine Menukarte, die allerhand verspricht, rezente Vorspeisen, ein s\u00e4ttigendes Hauptgericht, das schwer auf dem Magen liegen k\u00f6nnte, eine Schaumspeise, die sich als Vergn\u00fcgen ank\u00fcndigt. Manchmal halten die K\u00f6che, was die Menukarte gelobt. Manchmal nicht.<\/p>\n<p>Nach zwei Musical-Inszenierungen und der Auff\u00fchrung von Max Frischs \u00abBiedermann und die Brandstifter\u00bb Im letzten Winter suchten wir f\u00fcr die Produktion 1993\/94 eine echte Herausforderung \u2013 und wurden bei Hans Magnus Enzensberger f\u00fcndig. Die Ges\u00e4nge seines Buches \u00abDer Untergang der Titanic\u00bb sind eigentlich unspielbar, da sie f\u00fcr die B\u00fchne viel zu dicht daherkommen: ihre Sprache ist verwoben und verschroben, verlangt, dass man den Blick gelegentlich vom Text l\u00f6st, das eben Gelesene wirken l\u00e4sst oder sich mit ganzen Passagen mehrmals besch\u00e4ftigt, um Zusammenh\u00e4nge zu entdecken.<\/p>\n<p>Im Theater haben Sie keine M\u00f6glichkeit, zur\u00fcckzubl\u00e4ttern, um Puzzle-St\u00fccke eines Ganzen zusammenzusuchen. Deshalb sind Streichungen, Verk\u00fcrzungen und Typisierung oftmals unerl\u00e4\u00dflich. Trotz des grossen Respekts vor Enzensbergers Werk mussten wir es f\u00fcr die B\u00fchne stark adaptieren. Die ganzen Ausf\u00fchrungen \u00fcber die Entstehungsgeschichte seiner Arbeit, die hochinteressanten und zur eingehenden Lekt\u00fcre empfohlenen Betrachtungen \u00fcber das Wesen der Katastrophen fielen dem Rotstift zum Opfer Aber dies wirklich nur aus b\u00fchnentechnischen Gr\u00fcnden.<\/p>\n<p>Anspruchsvoll sind die Ges\u00e4nge von \u00abDer Untergang der Titanic\u00bb nicht nur formal, sondern auch inhaltlich. Enzensberger liefert Bilder, Eindr\u00fccke, wirft Schlaglichter, fokussiert, l\u00e4sst dabei aber der Assoziation des Lesers oder in unserem Falle des Zuschauers freien Lauf. Sollten Sie als unser Gast M\u00fche haben, dem Inhalt folgen zu k\u00f6nnen, brauchen Sie sich nicht um Ihre Wahrnehmung zu sorgen: Selbst wir. die wir uns seit rund einem Jahr intensiv mit \u00abDer Untergang der Titanic\u00bb besch\u00e4ftigen, sind uns vielerorts nicht einig, wie die einzelnen Bilder zu Interpretieren sind. Wo beginnt der Schalk, wann l\u00f6st Tragik die Komik ab, welche Konstellationen h\u00e4lt Enzensberger f\u00fcr unvermeidlich, welche f\u00fcr zuf\u00e4llig, wann klagt er an \u2013 und wen?<\/p>\n<p>Letztlich scheint es uns gar nicht so wichtig, auf diese Fragen schl\u00fcssige Antworten zu finden. \u00abDer Untergang der Titanic\u00bb soll bei aller Scheu vor grossen Anspr\u00fcchen sein wie das Leben selbst: Verstrickt, vertrackt, zum Lachen, elend, komisch und traurig. Wenn wir Ihnen in der Stunde, wahrend der Sie f\u00fcr uns das Publikum spielen, Einblicke in ein grossartiges Werk der neuen deutschen Literatur vermitteln k\u00f6nnen, sind wir befriedigt. Falls es uns auch noch gelingt. Ihnen gewisse Denkanst\u00f6sse zu vermitteln, macht uns dies zudem zufrieden. Denn wir sind \u00fcberzeugt, dass Theater mehr sein darf als nur eine Form der Unterhaltung.<\/p>\n<p>Lesen Sie die <a href=\"http:\/\/dertheatermacher.ch\/theaterobertor\/fraz\/wp-content\/uploads\/sites\/4\/2008\/06\/02Kritik.jpg\" target=\"_blank\">Kritik<\/a> aus dem Tages-Anzeiger.<\/p>\n<p><a href=\"http:\/\/dertheatermacher.ch\/theaterobertor\/fraz\/wp-content\/uploads\/sites\/4\/2008\/06\/02Szene6.jpg\"><img decoding=\"async\" loading=\"lazy\" class=\"alignleft size-medium wp-image-37\" src=\"http:\/\/dertheatermacher.ch\/theaterobertor\/fraz\/wp-content\/uploads\/sites\/4\/2008\/06\/02Szene6-300x210.jpg\" alt=\"02Szene6\" width=\"300\" height=\"210\" srcset=\"http:\/\/dertheatermacher.ch\/theaterobertor\/fraz\/wp-content\/uploads\/sites\/4\/2008\/06\/02Szene6-300x210.jpg 300w, http:\/\/dertheatermacher.ch\/theaterobertor\/fraz\/wp-content\/uploads\/sites\/4\/2008\/06\/02Szene6.jpg 567w\" sizes=\"(max-width: 300px) 100vw, 300px\" \/><\/a> <a href=\"http:\/\/dertheatermacher.ch\/theaterobertor\/fraz\/wp-content\/uploads\/sites\/4\/2008\/06\/02Szene5.jpg\"><img decoding=\"async\" loading=\"lazy\" class=\"alignleft size-medium wp-image-36\" src=\"http:\/\/dertheatermacher.ch\/theaterobertor\/fraz\/wp-content\/uploads\/sites\/4\/2008\/06\/02Szene5-300x210.jpg\" alt=\"02Szene5\" width=\"300\" height=\"210\" srcset=\"http:\/\/dertheatermacher.ch\/theaterobertor\/fraz\/wp-content\/uploads\/sites\/4\/2008\/06\/02Szene5-300x210.jpg 300w, http:\/\/dertheatermacher.ch\/theaterobertor\/fraz\/wp-content\/uploads\/sites\/4\/2008\/06\/02Szene5.jpg 567w\" sizes=\"(max-width: 300px) 100vw, 300px\" \/><\/a> <a href=\"http:\/\/dertheatermacher.ch\/theaterobertor\/fraz\/wp-content\/uploads\/sites\/4\/2008\/06\/02Szene4.jpg\"><img decoding=\"async\" loading=\"lazy\" class=\"alignleft size-medium wp-image-35\" src=\"http:\/\/dertheatermacher.ch\/theaterobertor\/fraz\/wp-content\/uploads\/sites\/4\/2008\/06\/02Szene4-300x210.jpg\" alt=\"02Szene4\" width=\"300\" height=\"210\" srcset=\"http:\/\/dertheatermacher.ch\/theaterobertor\/fraz\/wp-content\/uploads\/sites\/4\/2008\/06\/02Szene4-300x210.jpg 300w, http:\/\/dertheatermacher.ch\/theaterobertor\/fraz\/wp-content\/uploads\/sites\/4\/2008\/06\/02Szene4.jpg 567w\" sizes=\"(max-width: 300px) 100vw, 300px\" \/><\/a> <a href=\"http:\/\/dertheatermacher.ch\/theaterobertor\/fraz\/wp-content\/uploads\/sites\/4\/2008\/06\/02Szene3.jpg\"><img decoding=\"async\" loading=\"lazy\" class=\"alignleft size-medium wp-image-34\" src=\"http:\/\/dertheatermacher.ch\/theaterobertor\/fraz\/wp-content\/uploads\/sites\/4\/2008\/06\/02Szene3-300x210.jpg\" alt=\"02Szene3\" width=\"300\" height=\"210\" srcset=\"http:\/\/dertheatermacher.ch\/theaterobertor\/fraz\/wp-content\/uploads\/sites\/4\/2008\/06\/02Szene3-300x210.jpg 300w, http:\/\/dertheatermacher.ch\/theaterobertor\/fraz\/wp-content\/uploads\/sites\/4\/2008\/06\/02Szene3.jpg 567w\" sizes=\"(max-width: 300px) 100vw, 300px\" \/><\/a> <a href=\"http:\/\/dertheatermacher.ch\/theaterobertor\/fraz\/wp-content\/uploads\/sites\/4\/2008\/06\/02Szene2.jpg\"><img decoding=\"async\" loading=\"lazy\" class=\"alignleft size-medium wp-image-33\" src=\"http:\/\/dertheatermacher.ch\/theaterobertor\/fraz\/wp-content\/uploads\/sites\/4\/2008\/06\/02Szene2-300x210.jpg\" alt=\"02Szene2\" width=\"300\" height=\"210\" srcset=\"http:\/\/dertheatermacher.ch\/theaterobertor\/fraz\/wp-content\/uploads\/sites\/4\/2008\/06\/02Szene2-300x210.jpg 300w, http:\/\/dertheatermacher.ch\/theaterobertor\/fraz\/wp-content\/uploads\/sites\/4\/2008\/06\/02Szene2.jpg 567w\" sizes=\"(max-width: 300px) 100vw, 300px\" \/><\/a> <a href=\"http:\/\/dertheatermacher.ch\/theaterobertor\/fraz\/wp-content\/uploads\/sites\/4\/2008\/06\/02Szene1.jpg\"><img decoding=\"async\" loading=\"lazy\" class=\"alignleft size-medium wp-image-32\" src=\"http:\/\/dertheatermacher.ch\/theaterobertor\/fraz\/wp-content\/uploads\/sites\/4\/2008\/06\/02Szene1-300x210.jpg\" alt=\"02Szene1\" width=\"300\" height=\"210\" srcset=\"http:\/\/dertheatermacher.ch\/theaterobertor\/fraz\/wp-content\/uploads\/sites\/4\/2008\/06\/02Szene1-300x210.jpg 300w, http:\/\/dertheatermacher.ch\/theaterobertor\/fraz\/wp-content\/uploads\/sites\/4\/2008\/06\/02Szene1.jpg 567w\" sizes=\"(max-width: 300px) 100vw, 300px\" \/><\/a><\/p>\n","protected":false},"excerpt":{"rendered":"<p>Eine Kom\u00f6die nach Hans Magnus Enzensberger 7. Janaur 1994, Wetzikon 8. Januar 1994, Thalwil 13. Januar 1994, Langnau am Albis 15. Januar 1994, Dietikon 20. bis 22. Januar 1994, Kulturhaus Dynamo, Z\u00fcrich Darstellende Kapit\u00e4n: Bernhard Rubin 1. Offizier: Johannes Hardmeier Passagierin aus dem Zwischendeck: Andrea Herdeg Passagier aus der ersten Klasse: Benjamin Gygax Passagierin aus&#8230;<\/p>\n","protected":false},"author":3,"featured_media":221,"parent":5,"menu_order":2,"comment_status":"closed","ping_status":"closed","template":"","meta":[],"_links":{"self":[{"href":"http:\/\/dertheatermacher.ch\/theaterobertor\/fraz\/wp-json\/wp\/v2\/pages\/8"}],"collection":[{"href":"http:\/\/dertheatermacher.ch\/theaterobertor\/fraz\/wp-json\/wp\/v2\/pages"}],"about":[{"href":"http:\/\/dertheatermacher.ch\/theaterobertor\/fraz\/wp-json\/wp\/v2\/types\/page"}],"author":[{"embeddable":true,"href":"http:\/\/dertheatermacher.ch\/theaterobertor\/fraz\/wp-json\/wp\/v2\/users\/3"}],"replies":[{"embeddable":true,"href":"http:\/\/dertheatermacher.ch\/theaterobertor\/fraz\/wp-json\/wp\/v2\/comments?post=8"}],"version-history":[{"count":2,"href":"http:\/\/dertheatermacher.ch\/theaterobertor\/fraz\/wp-json\/wp\/v2\/pages\/8\/revisions"}],"predecessor-version":[{"id":259,"href":"http:\/\/dertheatermacher.ch\/theaterobertor\/fraz\/wp-json\/wp\/v2\/pages\/8\/revisions\/259"}],"up":[{"embeddable":true,"href":"http:\/\/dertheatermacher.ch\/theaterobertor\/fraz\/wp-json\/wp\/v2\/pages\/5"}],"wp:featuredmedia":[{"embeddable":true,"href":"http:\/\/dertheatermacher.ch\/theaterobertor\/fraz\/wp-json\/wp\/v2\/media\/221"}],"wp:attachment":[{"href":"http:\/\/dertheatermacher.ch\/theaterobertor\/fraz\/wp-json\/wp\/v2\/media?parent=8"}],"curies":[{"name":"wp","href":"https:\/\/api.w.org\/{rel}","templated":true}]}}