{"id":16,"date":"2008-06-12T12:55:32","date_gmt":"2008-06-12T10:55:32","guid":{"rendered":"http:\/\/dertheatermacher.ch\/fraz\/?page_id=16"},"modified":"2016-12-09T18:10:47","modified_gmt":"2016-12-09T17:10:47","slug":"don-juan-ist-angekommen-2001","status":"publish","type":"page","link":"http:\/\/dertheatermacher.ch\/theaterobertor\/fraz\/bisherige-produktionen\/don-juan-ist-angekommen-2001\/","title":{"rendered":"Don Juan ist angekommen (2001)"},"content":{"rendered":"<p><a href=\"http:\/\/dertheatermacher.ch\/theaterobertor\/fraz\/wp-content\/uploads\/sites\/4\/2008\/06\/09Plakat.jpg\"><img decoding=\"async\" class=\"size-full wp-image-142\" title=\"09Plakat\" src=\"http:\/\/dertheatermacher.ch\/theaterobertor\/fraz\/wp-content\/uploads\/sites\/4\/2008\/06\/09Plakat.jpg\" alt=\"09Plakat\" width=\"200\" align=\"right\" srcset=\"http:\/\/dertheatermacher.ch\/theaterobertor\/fraz\/wp-content\/uploads\/sites\/4\/2008\/06\/09Plakat.jpg 827w, http:\/\/dertheatermacher.ch\/theaterobertor\/fraz\/wp-content\/uploads\/sites\/4\/2008\/06\/09Plakat-153x300.jpg 153w, http:\/\/dertheatermacher.ch\/theaterobertor\/fraz\/wp-content\/uploads\/sites\/4\/2008\/06\/09Plakat-768x1503.jpg 768w, http:\/\/dertheatermacher.ch\/theaterobertor\/fraz\/wp-content\/uploads\/sites\/4\/2008\/06\/09Plakat-700x1370.jpg 700w, http:\/\/dertheatermacher.ch\/theaterobertor\/fraz\/wp-content\/uploads\/sites\/4\/2008\/06\/09Plakat-800x1565.jpg 800w\" sizes=\"(max-width: 827px) 100vw, 827px\" \/><\/a>von Marius Leutenegger (Text) und Christoph Frei (Musik)<\/p>\n<p>12., 13., 19., 20., 21, 26. und 27. Januar 2001, Theatersaal Rigiblick, Z\u00fcrich<br \/>\n3. Februar 2001, Thalwil<\/p>\n<p><strong>Darstellende<\/strong><\/p>\n<p>Donna Anna: Manuela Vagnato<br \/>\nDon Juan: Marius Leutenegger<br \/>\nChristian: Reto Rapold<br \/>\nRoxane: Barbara Forrer<br \/>\nHenriette: Anja Suter<br \/>\nDon Ottavio: Hans Portmann<\/p>\n<p><strong>Band<\/strong><\/p>\n<p>Gitarre: Christoph Frei<br \/>\nSchlagzeug: Dominik Gabriel<br \/>\nKeyboard: Ruedi Salzmann<br \/>\nBass: Urs N\u00fcesch<\/p>\n<p>Team<\/p>\n<p>Regie: Marius Leutenegger<br \/>\nMusik: Christoph Frei<br \/>\nKost\u00fcme: Barbara Forrer<br \/>\nRequisiten: Reto Rapold<br \/>\nLicht: Bernhard Rubin<br \/>\nTechnik: Johannes Hardmeier<\/p>\n<p><strong>Brief an unser Publikum<\/strong><\/p>\n<p>Drei Quellen inspirierten zur Kom\u00f6die \u00abDon Juan ist angekommen\u00bb. Da ist einmal Lorenzo da Pontes Libretto zu Mozarts \u00abDon Giovanni\u00bb. Ihm sind die Figuren Donna Anna und Don Ottavio entsprungen. Wie in der Oper jagen die beiden auch in unserem St\u00fcck hinter Don Juan her \u2013 allerdings aus anderen Gr\u00fcnden und mit unterschiedlichen Folgen. Roxane und Christian sind Edmond Rostands Erfolgsdrama \u00abCyrano de Bergerac\u00bb entnommen, das Sie vielleicht in der gelungenen Verfilmung mit G\u00e9rard Depardieu kennen; leider haben die Figuren den Transfer von der einen in die andere Kom\u00f6die nicht unbeschadet \u00fcberstanden, was vor allem im Falle Roxanes zu bemerkenswerten Eigenheiten f\u00fchrte. Don Juan und Henriette schliesslich stammen aus den Memoiren von Giacomo Casanova, dem als Erotomanen missverstandenen Abenteurer und Schriftsteller. Henriette war Casanovas grosse Liebe, der er sein Leben lang nachtrauerte und mit der ihn im Alter ein reger Briefverkehr verband. Das in unserem St\u00fcck zentrale Wiedersehen der beiden ist leider nur Fiktion\u2026<\/p>\n<p>Die drei Quellen liegen stilistisch und inhaltlich nicht weit auseinander, wie Sie bei einer n\u00e4heren Besch\u00e4ftigung mit ihnen selbst feststellen werden. Entsprechend leicht liessen sie sich zu einer neuen Einheit f\u00fcgen \u2013 mit folgender Ausgangslage: Auf der Flucht vor Donna Anna und dem cholerischen Don Ottavio gelangt Don Juan in ein provenzialisches Gasthaus. Dort begegnet er der Magd Roxane und dem introvertierten Christian; der junge Wirt verspricht, Don Juan bei sich zu verstecken, wenn dieser ihm hilft, die reizende Roxane zu umwerben. Don Juan unterrichtet den unbeholfenen Christian in der Kunst der Verf\u00fchrung, die ihn schon lange nicht mehr interessiert. Er hat andere Priorit\u00e4ten. Doch schon stehen der einf\u00e4ltige Racheengel Don Ottavio und die l\u00fcsterne Donna Anna bereit, um die Handlungsf\u00e4den entscheidend zu verwirren. Und es zeigt sich, dass Christians Mutter Henriette f\u00fcr Don Juan keine Unbekannte ist\u2026<\/p>\n<p>Was wollen wir mit unserem St\u00fcck? In den neun Jahren seines Bestehens hat fraz? eine Tendenz zu Unterhaltung mit Tiefgang entwickelt \u2013 wobei wir uns im Zweifelsfall immer f\u00fcr die Unterhaltung entscheiden. Wir w\u00fcnschen uns, dass sich das Publikum wohl f\u00fchlt, denn es w\u00fcrde uns nat\u00fcrlich freuen, wenn es im n\u00e4chsten Jahr wieder eine fraz?-Auff\u00fchrung besuchte. Das klingt nach einem recht bescheidenen Anspruch. Doch die Kom\u00f6die ist ein schweres Fach mit erh\u00f6hter Absturzgefahr. Das richtige Tempo, das wirkungsvolle Melken eines Gags bilden bei einer Kom\u00f6die das Fundament. Wir begeben uns mit viel Respekt und Detailverliebtheit auf unsere Gratwanderung zwischen Slapstick und Ernsthaftigkeit. Weil es uns einfach Spass macht, ein gemessen an unseren M\u00f6glichkeiten optimales Ergebnis vorlegen zu d\u00fcrfen. Spass \u2013 er bleibt der entscheidende Beweggrund f\u00fcr den ganzen Aufwand. Spass an der Kreativit\u00e4t, Spass am Spiel und der Verkleidung, Spass an Musik, der Teamarbeit und dem Erreichen eines gemeinsamen Ziels. Wenn sich dieser Spass auch ein wenig auf Sie \u00fcbertr\u00e4gt, dann resultiert daraus f\u00fcr uns sogar tiefe Zufriedenheit. Was will man mehr \u2013 als Theaterschaffende und als Menschen?<\/p>\n<p>H\u00f6rprobe: <a href=\"http:\/\/dertheatermacher.ch\/fraz\/wp-content\/uploads\/2008\/06\/Don-Juan-H%C3%B6rprobe.mp3\" target=\"_blank\">Intro &#8222;Don Juan ist angekommen&#8220;<\/a><\/p>\n<p><a href=\"http:\/\/dertheatermacher.ch\/theaterobertor\/fraz\/wp-content\/uploads\/sites\/4\/2008\/06\/09Szene4.jpg\"><img decoding=\"async\" loading=\"lazy\" class=\"alignleft size-medium wp-image-146\" src=\"http:\/\/dertheatermacher.ch\/theaterobertor\/fraz\/wp-content\/uploads\/sites\/4\/2008\/06\/09Szene4-267x300.jpg\" alt=\"09Szene4\" width=\"267\" height=\"300\" srcset=\"http:\/\/dertheatermacher.ch\/theaterobertor\/fraz\/wp-content\/uploads\/sites\/4\/2008\/06\/09Szene4-267x300.jpg 267w, http:\/\/dertheatermacher.ch\/theaterobertor\/fraz\/wp-content\/uploads\/sites\/4\/2008\/06\/09Szene4-768x863.jpg 768w, http:\/\/dertheatermacher.ch\/theaterobertor\/fraz\/wp-content\/uploads\/sites\/4\/2008\/06\/09Szene4-700x787.jpg 700w, http:\/\/dertheatermacher.ch\/theaterobertor\/fraz\/wp-content\/uploads\/sites\/4\/2008\/06\/09Szene4-800x899.jpg 800w, http:\/\/dertheatermacher.ch\/theaterobertor\/fraz\/wp-content\/uploads\/sites\/4\/2008\/06\/09Szene4.jpg 1328w\" sizes=\"(max-width: 267px) 100vw, 267px\" \/><\/a> <a href=\"http:\/\/dertheatermacher.ch\/theaterobertor\/fraz\/wp-content\/uploads\/sites\/4\/2008\/06\/09Szene2.jpg\"><img decoding=\"async\" loading=\"lazy\" class=\"alignleft size-medium wp-image-145\" src=\"http:\/\/dertheatermacher.ch\/theaterobertor\/fraz\/wp-content\/uploads\/sites\/4\/2008\/06\/09Szene2-204x300.jpg\" alt=\"09Szene2\" width=\"204\" height=\"300\" srcset=\"http:\/\/dertheatermacher.ch\/theaterobertor\/fraz\/wp-content\/uploads\/sites\/4\/2008\/06\/09Szene2-204x300.jpg 204w, http:\/\/dertheatermacher.ch\/theaterobertor\/fraz\/wp-content\/uploads\/sites\/4\/2008\/06\/09Szene2.jpg 600w\" sizes=\"(max-width: 204px) 100vw, 204px\" \/><\/a> <a href=\"http:\/\/dertheatermacher.ch\/theaterobertor\/fraz\/wp-content\/uploads\/sites\/4\/2008\/06\/09Szene1.jpg\"><img decoding=\"async\" loading=\"lazy\" class=\"alignleft size-medium wp-image-144\" src=\"http:\/\/dertheatermacher.ch\/theaterobertor\/fraz\/wp-content\/uploads\/sites\/4\/2008\/06\/09Szene1-255x300.jpg\" alt=\"09Szene1\" width=\"255\" height=\"300\" srcset=\"http:\/\/dertheatermacher.ch\/theaterobertor\/fraz\/wp-content\/uploads\/sites\/4\/2008\/06\/09Szene1-255x300.jpg 255w, http:\/\/dertheatermacher.ch\/theaterobertor\/fraz\/wp-content\/uploads\/sites\/4\/2008\/06\/09Szene1.jpg 576w\" sizes=\"(max-width: 255px) 100vw, 255px\" \/><\/a><\/p>\n","protected":false},"excerpt":{"rendered":"<p>von Marius Leutenegger (Text) und Christoph Frei (Musik) 12., 13., 19., 20., 21, 26. und 27. Januar 2001, Theatersaal Rigiblick, Z\u00fcrich 3. Februar 2001, Thalwil Darstellende Donna Anna: Manuela Vagnato Don Juan: Marius Leutenegger Christian: Reto Rapold Roxane: Barbara Forrer Henriette: Anja Suter Don Ottavio: Hans Portmann Band Gitarre: Christoph Frei Schlagzeug: Dominik Gabriel Keyboard:&#8230;<\/p>\n","protected":false},"author":3,"featured_media":240,"parent":5,"menu_order":9,"comment_status":"closed","ping_status":"closed","template":"","meta":[],"_links":{"self":[{"href":"http:\/\/dertheatermacher.ch\/theaterobertor\/fraz\/wp-json\/wp\/v2\/pages\/16"}],"collection":[{"href":"http:\/\/dertheatermacher.ch\/theaterobertor\/fraz\/wp-json\/wp\/v2\/pages"}],"about":[{"href":"http:\/\/dertheatermacher.ch\/theaterobertor\/fraz\/wp-json\/wp\/v2\/types\/page"}],"author":[{"embeddable":true,"href":"http:\/\/dertheatermacher.ch\/theaterobertor\/fraz\/wp-json\/wp\/v2\/users\/3"}],"replies":[{"embeddable":true,"href":"http:\/\/dertheatermacher.ch\/theaterobertor\/fraz\/wp-json\/wp\/v2\/comments?post=16"}],"version-history":[{"count":2,"href":"http:\/\/dertheatermacher.ch\/theaterobertor\/fraz\/wp-json\/wp\/v2\/pages\/16\/revisions"}],"predecessor-version":[{"id":267,"href":"http:\/\/dertheatermacher.ch\/theaterobertor\/fraz\/wp-json\/wp\/v2\/pages\/16\/revisions\/267"}],"up":[{"embeddable":true,"href":"http:\/\/dertheatermacher.ch\/theaterobertor\/fraz\/wp-json\/wp\/v2\/pages\/5"}],"wp:featuredmedia":[{"embeddable":true,"href":"http:\/\/dertheatermacher.ch\/theaterobertor\/fraz\/wp-json\/wp\/v2\/media\/240"}],"wp:attachment":[{"href":"http:\/\/dertheatermacher.ch\/theaterobertor\/fraz\/wp-json\/wp\/v2\/media?parent=16"}],"curies":[{"name":"wp","href":"https:\/\/api.w.org\/{rel}","templated":true}]}}