{"id":12,"date":"2008-06-12T12:50:26","date_gmt":"2008-06-12T10:50:26","guid":{"rendered":"http:\/\/dertheatermacher.ch\/fraz\/?page_id=12"},"modified":"2016-12-09T18:07:31","modified_gmt":"2016-12-09T17:07:31","slug":"plaza-suite-1998","status":"publish","type":"page","link":"http:\/\/dertheatermacher.ch\/theaterobertor\/fraz\/bisherige-produktionen\/plaza-suite-1998\/","title":{"rendered":"Plaza Suite (1998)"},"content":{"rendered":"<p><a href=\"http:\/\/dertheatermacher.ch\/theaterobertor\/fraz\/wp-content\/uploads\/sites\/4\/2008\/06\/05Plakat.jpg\"><img decoding=\"async\" class=\"size-medium wp-image-75\" style=\"margin-bottom: 20px; margin-left: 10px;\" title=\"05Plakat\" src=\"http:\/\/dertheatermacher.ch\/theaterobertor\/fraz\/wp-content\/uploads\/sites\/4\/2008\/06\/05Plakat-153x300.jpg\" alt=\"05Plakat\" width=\"200\" align=\"right\" srcset=\"http:\/\/dertheatermacher.ch\/theaterobertor\/fraz\/wp-content\/uploads\/sites\/4\/2008\/06\/05Plakat-153x300.jpg 153w, http:\/\/dertheatermacher.ch\/theaterobertor\/fraz\/wp-content\/uploads\/sites\/4\/2008\/06\/05Plakat-768x1503.jpg 768w, http:\/\/dertheatermacher.ch\/theaterobertor\/fraz\/wp-content\/uploads\/sites\/4\/2008\/06\/05Plakat-700x1370.jpg 700w, http:\/\/dertheatermacher.ch\/theaterobertor\/fraz\/wp-content\/uploads\/sites\/4\/2008\/06\/05Plakat-800x1565.jpg 800w, http:\/\/dertheatermacher.ch\/theaterobertor\/fraz\/wp-content\/uploads\/sites\/4\/2008\/06\/05Plakat.jpg 827w\" sizes=\"(max-width: 153px) 100vw, 153px\" \/><\/a>von Neil Simon<\/p>\n<p>10. und 11. Januar 1998, Theater am Gleis, Winterthur<br \/>\n25. Januar 1998, Thalwil<br \/>\n30. und 31 Januar, 1. Februar 1998, Theatersaal Rigiblick, Z\u00fcrich<\/p>\n<p><strong>Darstellende<\/strong><\/p>\n<p>Sibyll Metzenthin, Claudia Seeberger, Marius Leutenegger, Heiko Strech<\/p>\n<p><strong>Team<\/strong><\/p>\n<p>Regie: Marius Leutenegger<br \/>\nTechnik: Johannes Hardmeier, Benjamin Gygax, Rolf Tschudi<br \/>\nKost\u00fcme: Ensemble<br \/>\nB\u00fchnenbild: Ensemble<br \/>\nMaske: Franziska Bill<br \/>\nChoreographie: Andrea Herdeg, Sibyll Metzenthin<\/p>\n<p><strong>Brief an unser Publikum<\/strong><\/p>\n<p>Nach der technisch aufwendigen Produktion \u00abWoody Allen \u2013 eine Revue\u00bb suchten wir f\u00fcr unsere diesj\u00e4hrigen Auff\u00fchrungen ein St\u00fcck, mit dem sich vor allem unsere Freude am Schauspielern befriedigen l\u00e4sst. F\u00fcr ein grosses amerikanisches Psychodrama \u2013 wie etwa Tennessee Williams\u2019 \u00abDie Glasmenagerie\u00bb oder Eugene O\u2019Neills \u00abEines langen Tages Reise in die Nacht\u00bb \u2013 fehlte uns, zugegeben, noch ein wenig der Mut. Mit Neil Simons \u00abPlaza Suite\u00bb k\u00f6nnen wir Zwischenstation machen auf dem Weg zu diesen St\u00fccken, eine Zwischenstation, bei der wir uns noch halbwegs auskennen: \u00abPlaza Suite\u00bb liegt zwar in der Tradition der ber\u00fchmten US-Trag\u00f6dien, ist aber vor allem auch eine Kom\u00f6die mit bitterem Unterton \u2013 wie alle St\u00fccke, die fraz? bislang aufgef\u00fchrt hat. Neil Simons Drama bietet uns also die M\u00f6glichkeit, von vertrautem Terrain aus den Fuss in noch unbekannte Gew\u00e4sser zu strecken. Wir m\u00f6chten uns von Jahr zu Jahr weiterentwickeln, aber dies mit Bedacht und mit R\u00fccksicht auf erarbeitete St\u00e4rken.<\/p>\n<p>Was gef\u00e4llt uns an Neil Simon derart, dass wir uns rund ein Jahr mit ihm besch\u00e4ftigen? Sicher sein Wortwitz und seine rasanten Dialoge, vor allem aber auch seine ungeheure Beobachtungsgabe. Wenn er eine traurige Situation erfasst und b\u00fchnenwirksam umsetzt, indem er sie dem Publikum unauff\u00e4llig im Rahmen spritziger Szenen unterjubelt, entsteht Boulevard-Theater vom Feinsten \u2013 erstklassige Unterhaltung und tiefgehende Bedeutung in einer eleganten Kombination, die sich an ein medienerfahrenes Publikum richtet und deshalb keinen zum (geistigen) Zappen verleitenden Durchh\u00e4nger zul\u00e4sst.<\/p>\n<p>Nat\u00fcrlich sichert nicht nur die aktuelle Form, sondern auch der zeitlose Inhalt erh\u00f6htes Publikumsinteresse: Es geht um Paarbeziehungen, genauer gesagt um drei Paare, die nacheinander in Zimmer 719 im New Yorker Plaza Hotel eingemietet sind. Max Frisch l\u00e4sst im St\u00fcck \u00abDon Juan oder Die Liebe zur Geometrie\u00bb seine Hauptfigur hadern: \u00abWelche Ungeheuerlichkeit, dass der Mensch allein nicht das Ganze ist! Und je gr\u00f6sser seine Sehnsucht ist, ein Ganzes zu sein, um so verfluchter steht er da, bis zum Verbluten ausgesetzt dem andern Geschlecht. Womit hat man das verdient?\u00bb Die Frage scheint berechtigt. Simon liefert keine Antworten, doch er zeigt anhand dreier exemplarischer Fallbeispiele, wo und wie das Verbluten in Beziehungen stattfindet und welche Risiken jeder eingeht, der sich dem andern Geschlecht aussetzt. \u00abPlaza Suite\u00bb macht ganz bestimmt keine Werbung f\u00fcr die Ehe, stellt sie aber auch nicht generell in Frage. Das St\u00fcck gibt nur Ausschnitte aus m\u00f6glichen Entwicklungen wieder. Leider, so scheint es uns, kommen diese Ausschnitte der Realit\u00e4t so nahe, dass einem wirklich nur noch das Lachen bleibt.<\/p>\n<p>Lesen Sie die<a href=\"http:\/\/dertheatermacher.ch\/theaterobertor\/fraz\/wp-content\/uploads\/sites\/4\/2008\/06\/05Kritik.jpg\" target=\"_blank\"> Kritik<\/a> aus dem Landboten.<\/p>\n<p><a href=\"http:\/\/dertheatermacher.ch\/theaterobertor\/fraz\/wp-content\/uploads\/sites\/4\/2008\/06\/05Szene1.jpg\"><img decoding=\"async\" loading=\"lazy\" class=\"alignleft size-medium wp-image-85\" src=\"http:\/\/dertheatermacher.ch\/theaterobertor\/fraz\/wp-content\/uploads\/sites\/4\/2008\/06\/05Szene1-300x199.jpg\" alt=\"05Szene1\" width=\"300\" height=\"199\" srcset=\"http:\/\/dertheatermacher.ch\/theaterobertor\/fraz\/wp-content\/uploads\/sites\/4\/2008\/06\/05Szene1-300x199.jpg 300w, http:\/\/dertheatermacher.ch\/theaterobertor\/fraz\/wp-content\/uploads\/sites\/4\/2008\/06\/05Szene1.jpg 669w\" sizes=\"(max-width: 300px) 100vw, 300px\" \/><\/a> <a href=\"http:\/\/dertheatermacher.ch\/theaterobertor\/fraz\/wp-content\/uploads\/sites\/4\/2008\/06\/05Szene2.jpg\"><img decoding=\"async\" loading=\"lazy\" class=\"alignleft size-medium wp-image-86\" src=\"http:\/\/dertheatermacher.ch\/theaterobertor\/fraz\/wp-content\/uploads\/sites\/4\/2008\/06\/05Szene2-300x200.jpg\" alt=\"05Szene2\" width=\"300\" height=\"200\" srcset=\"http:\/\/dertheatermacher.ch\/theaterobertor\/fraz\/wp-content\/uploads\/sites\/4\/2008\/06\/05Szene2-300x200.jpg 300w, http:\/\/dertheatermacher.ch\/theaterobertor\/fraz\/wp-content\/uploads\/sites\/4\/2008\/06\/05Szene2-768x512.jpg 768w, http:\/\/dertheatermacher.ch\/theaterobertor\/fraz\/wp-content\/uploads\/sites\/4\/2008\/06\/05Szene2-700x467.jpg 700w, http:\/\/dertheatermacher.ch\/theaterobertor\/fraz\/wp-content\/uploads\/sites\/4\/2008\/06\/05Szene2-800x533.jpg 800w\" sizes=\"(max-width: 300px) 100vw, 300px\" \/><\/a> <a href=\"http:\/\/dertheatermacher.ch\/theaterobertor\/fraz\/wp-content\/uploads\/sites\/4\/2008\/06\/05Szene3.jpg\"><img decoding=\"async\" loading=\"lazy\" class=\"alignleft size-medium wp-image-87\" src=\"http:\/\/dertheatermacher.ch\/theaterobertor\/fraz\/wp-content\/uploads\/sites\/4\/2008\/06\/05Szene3-300x206.jpg\" alt=\"05Szene3\" width=\"300\" height=\"206\" srcset=\"http:\/\/dertheatermacher.ch\/theaterobertor\/fraz\/wp-content\/uploads\/sites\/4\/2008\/06\/05Szene3-300x206.jpg 300w, http:\/\/dertheatermacher.ch\/theaterobertor\/fraz\/wp-content\/uploads\/sites\/4\/2008\/06\/05Szene3-768x527.jpg 768w, http:\/\/dertheatermacher.ch\/theaterobertor\/fraz\/wp-content\/uploads\/sites\/4\/2008\/06\/05Szene3-700x480.jpg 700w, http:\/\/dertheatermacher.ch\/theaterobertor\/fraz\/wp-content\/uploads\/sites\/4\/2008\/06\/05Szene3-800x549.jpg 800w, http:\/\/dertheatermacher.ch\/theaterobertor\/fraz\/wp-content\/uploads\/sites\/4\/2008\/06\/05Szene3.jpg 880w\" sizes=\"(max-width: 300px) 100vw, 300px\" \/><\/a> <a href=\"http:\/\/dertheatermacher.ch\/theaterobertor\/fraz\/wp-content\/uploads\/sites\/4\/2008\/06\/05Szene4.jpg\"><img decoding=\"async\" loading=\"lazy\" class=\"alignleft size-medium wp-image-88\" src=\"http:\/\/dertheatermacher.ch\/theaterobertor\/fraz\/wp-content\/uploads\/sites\/4\/2008\/06\/05Szene4-300x208.jpg\" alt=\"05Szene4\" width=\"300\" height=\"208\" srcset=\"http:\/\/dertheatermacher.ch\/theaterobertor\/fraz\/wp-content\/uploads\/sites\/4\/2008\/06\/05Szene4-300x208.jpg 300w, http:\/\/dertheatermacher.ch\/theaterobertor\/fraz\/wp-content\/uploads\/sites\/4\/2008\/06\/05Szene4-768x533.jpg 768w, http:\/\/dertheatermacher.ch\/theaterobertor\/fraz\/wp-content\/uploads\/sites\/4\/2008\/06\/05Szene4-700x486.jpg 700w, http:\/\/dertheatermacher.ch\/theaterobertor\/fraz\/wp-content\/uploads\/sites\/4\/2008\/06\/05Szene4-800x555.jpg 800w, http:\/\/dertheatermacher.ch\/theaterobertor\/fraz\/wp-content\/uploads\/sites\/4\/2008\/06\/05Szene4.jpg 876w\" sizes=\"(max-width: 300px) 100vw, 300px\" \/><\/a> <a href=\"http:\/\/dertheatermacher.ch\/theaterobertor\/fraz\/wp-content\/uploads\/sites\/4\/2008\/06\/05Szene6.jpg\"><img decoding=\"async\" loading=\"lazy\" class=\"alignleft size-medium wp-image-89\" src=\"http:\/\/dertheatermacher.ch\/theaterobertor\/fraz\/wp-content\/uploads\/sites\/4\/2008\/06\/05Szene6-300x222.jpg\" alt=\"05Szene6\" width=\"300\" height=\"222\" srcset=\"http:\/\/dertheatermacher.ch\/theaterobertor\/fraz\/wp-content\/uploads\/sites\/4\/2008\/06\/05Szene6-300x222.jpg 300w, http:\/\/dertheatermacher.ch\/theaterobertor\/fraz\/wp-content\/uploads\/sites\/4\/2008\/06\/05Szene6-768x569.jpg 768w, http:\/\/dertheatermacher.ch\/theaterobertor\/fraz\/wp-content\/uploads\/sites\/4\/2008\/06\/05Szene6-700x519.jpg 700w, http:\/\/dertheatermacher.ch\/theaterobertor\/fraz\/wp-content\/uploads\/sites\/4\/2008\/06\/05Szene6-800x593.jpg 800w, http:\/\/dertheatermacher.ch\/theaterobertor\/fraz\/wp-content\/uploads\/sites\/4\/2008\/06\/05Szene6.jpg 812w, http:\/\/dertheatermacher.ch\/theaterobertor\/fraz\/wp-content\/uploads\/sites\/4\/2008\/06\/05Szene6-80x60.jpg 80w\" sizes=\"(max-width: 300px) 100vw, 300px\" \/><\/a> <a href=\"http:\/\/dertheatermacher.ch\/theaterobertor\/fraz\/wp-content\/uploads\/sites\/4\/2008\/06\/05Szene5.jpg\"><img decoding=\"async\" loading=\"lazy\" class=\"alignleft size-medium wp-image-90\" src=\"http:\/\/dertheatermacher.ch\/theaterobertor\/fraz\/wp-content\/uploads\/sites\/4\/2008\/06\/05Szene5-216x300.jpg\" alt=\"05Szene5\" width=\"216\" height=\"300\" srcset=\"http:\/\/dertheatermacher.ch\/theaterobertor\/fraz\/wp-content\/uploads\/sites\/4\/2008\/06\/05Szene5-216x300.jpg 216w, http:\/\/dertheatermacher.ch\/theaterobertor\/fraz\/wp-content\/uploads\/sites\/4\/2008\/06\/05Szene5.jpg 616w\" sizes=\"(max-width: 216px) 100vw, 216px\" \/><\/a><\/p>\n","protected":false},"excerpt":{"rendered":"<p>von Neil Simon 10. und 11. Januar 1998, Theater am Gleis, Winterthur 25. Januar 1998, Thalwil 30. und 31 Januar, 1. Februar 1998, Theatersaal Rigiblick, Z\u00fcrich Darstellende Sibyll Metzenthin, Claudia Seeberger, Marius Leutenegger, Heiko Strech Team Regie: Marius Leutenegger Technik: Johannes Hardmeier, Benjamin Gygax, Rolf Tschudi Kost\u00fcme: Ensemble B\u00fchnenbild: Ensemble Maske: Franziska Bill Choreographie: Andrea&#8230;<\/p>\n","protected":false},"author":3,"featured_media":229,"parent":5,"menu_order":5,"comment_status":"closed","ping_status":"closed","template":"","meta":[],"_links":{"self":[{"href":"http:\/\/dertheatermacher.ch\/theaterobertor\/fraz\/wp-json\/wp\/v2\/pages\/12"}],"collection":[{"href":"http:\/\/dertheatermacher.ch\/theaterobertor\/fraz\/wp-json\/wp\/v2\/pages"}],"about":[{"href":"http:\/\/dertheatermacher.ch\/theaterobertor\/fraz\/wp-json\/wp\/v2\/types\/page"}],"author":[{"embeddable":true,"href":"http:\/\/dertheatermacher.ch\/theaterobertor\/fraz\/wp-json\/wp\/v2\/users\/3"}],"replies":[{"embeddable":true,"href":"http:\/\/dertheatermacher.ch\/theaterobertor\/fraz\/wp-json\/wp\/v2\/comments?post=12"}],"version-history":[{"count":2,"href":"http:\/\/dertheatermacher.ch\/theaterobertor\/fraz\/wp-json\/wp\/v2\/pages\/12\/revisions"}],"predecessor-version":[{"id":263,"href":"http:\/\/dertheatermacher.ch\/theaterobertor\/fraz\/wp-json\/wp\/v2\/pages\/12\/revisions\/263"}],"up":[{"embeddable":true,"href":"http:\/\/dertheatermacher.ch\/theaterobertor\/fraz\/wp-json\/wp\/v2\/pages\/5"}],"wp:featuredmedia":[{"embeddable":true,"href":"http:\/\/dertheatermacher.ch\/theaterobertor\/fraz\/wp-json\/wp\/v2\/media\/229"}],"wp:attachment":[{"href":"http:\/\/dertheatermacher.ch\/theaterobertor\/fraz\/wp-json\/wp\/v2\/media?parent=12"}],"curies":[{"name":"wp","href":"https:\/\/api.w.org\/{rel}","templated":true}]}}