{"id":10,"date":"2008-06-12T12:35:46","date_gmt":"2008-06-12T10:35:46","guid":{"rendered":"http:\/\/dertheatermacher.ch\/fraz\/?page_id=10"},"modified":"2016-12-09T18:05:20","modified_gmt":"2016-12-09T17:05:20","slug":"stiller-1995","status":"publish","type":"page","link":"http:\/\/dertheatermacher.ch\/theaterobertor\/fraz\/bisherige-produktionen\/stiller-1995\/","title":{"rendered":"Stiller (1995)"},"content":{"rendered":"<p><a href=\"http:\/\/dertheatermacher.ch\/theaterobertor\/fraz\/wp-content\/uploads\/sites\/4\/2008\/06\/03Plakat.jpg\"><img decoding=\"async\" class=\"size-medium wp-image-50\" title=\"03Plakat\" src=\"http:\/\/dertheatermacher.ch\/theaterobertor\/fraz\/wp-content\/uploads\/sites\/4\/2008\/06\/03Plakat-155x300.jpg\" alt=\"03Plakat\" width=\"200\" align=\"right\" srcset=\"http:\/\/dertheatermacher.ch\/theaterobertor\/fraz\/wp-content\/uploads\/sites\/4\/2008\/06\/03Plakat-155x300.jpg 155w, http:\/\/dertheatermacher.ch\/theaterobertor\/fraz\/wp-content\/uploads\/sites\/4\/2008\/06\/03Plakat.jpg 632w\" sizes=\"(max-width: 155px) 100vw, 155px\" \/><\/a>von Max Frisch<\/p>\n<p>13. und 14. Janaur 1995, Theater i de Sidi, Witnerthur<br \/>\n19. Januar 1995, Wetzikon<br \/>\n26. Januar 1995, Olten<br \/>\n27. Januar 1995, Wattwil<br \/>\n28. Januar 1995, Theater im Fass, Schaffhausen<br \/>\n1. Februar 1995, Thalwil<br \/>\n2. bis 4. Februar 1995, Kulturhaus Dynamo, Z\u00fcrich<\/p>\n<p><strong>Darstellende<\/strong><\/p>\n<p>B\u00fchnenarbeiterin, Pianistin: Claudia Seeberger<br \/>\nDer Herr, Knobel, Sachtleben: Johannes Hardmeier<br \/>\nDie Dame, Staatsanw\u00e4ltin: Belinda Tammaro<br \/>\nFremdling: Marius Leutenegger<br \/>\nZ\u00f6llner, Georges, Ober: Rolf Tschudi<br \/>\nKommissar, Verteidiger, Zeitungsverk\u00e4ufer: Benjamin Gygax<br \/>\nJulika: Andrea Herdeg<\/p>\n<p><strong>Team<\/strong><\/p>\n<p>B\u00fchnenbearbeitung und Regie: Marius Leutenegger<br \/>\nB\u00fchnenbild: Benjamin Gygax<br \/>\nKost\u00fcme und Requisiten: Claudia Seeberger, Belinda Tammaro, Andrea Herdeg<br \/>\nBeleuchtung: Bernhard Rubin<br \/>\nTon: Johannes Hardmeier<br \/>\nMaske: Isabelle Schnederle<br \/>\nSouffleusen: Sandra Eugster, Christina Hwang<\/p>\n<p><strong>Brief an unser Publikum<\/strong><\/p>\n<p>Haben Sie ein Theaterst\u00fcck namens \u00abStiller\u00bb schon einmal auf der B\u00fchne oder am Fernsehen gesehen? Vielleicht, denken Sie \u2013 und erinnern sich dabei wahrscheinlich nur an den gleichnamigen, weltber\u00fchmten Roman von Max Frisch. Ein Theaterst\u00fcck \u00abStiller\u00bb gibt es nicht, zumindest keines, das Frischs Feder entsprungen ist. Die diesj\u00e4hrige fraz?-Produktion ist daher eine Novit\u00e4t, eine eigentliche Urauff\u00fchrung.<\/p>\n<p>Das klingt bedeutender, als die Wirklichkeit ist. Frisch hatte wie viele andere K\u00fcnstler die Gewohnheit, seine Stoffe zu \u00abmelken\u00bb, sie mehrmals zu verwenden. Der Roman \u00abStiller\u00bb diente ihm deshalb als Grundlage f\u00fcr ein wenig bekanntes H\u00f6rspiel, \u00abRip van Winkle\u00bb. Auf diesem H\u00f6rspiel wiederum basiert unsere B\u00fchnenversion.<\/p>\n<p>Gem\u00e4ss unserer Vorstellung vom Autorentheater wollten wir Frischs Vorlage weitgehend in ihrer urspr\u00fcnglichen Form belassen. Da ein B\u00fchnenst\u00fcck aber andere Anforderten an einen Text stellt als ein H\u00f6rspiel, haben wir uns erlaubt, f\u00fcr die Theaterversion einzelne Stellen abzu\u00e4ndern \u2013 und zwar ausschliesslich, indem wir sorgf\u00e4ltig strichen oder Teile aus dem Roman einflochten. Alles, was Sie w\u00e4hrend dieser Inszenierung h\u00f6ren, ist deshalb Originalton Frisch.<\/p>\n<p>Wenn Sie den Roman \u00abStiller\u00bb kennen, werden Sie bei unserer Theaterfassung vielleicht einige Themen vermissen, Ein mehrhundertseitiges Buch l\u00e4sst sich nicht vollumf\u00e4nglich in eine Auff\u00fchrungszeit von weniger als zwei Stunden packen. Der Roman ist eine ergreifende Liebesgeschichte, ein Bericht \u00fcber eine Identit\u00e4tskrise, ein K\u00fcnstleraufsatz, ein Doppelg\u00e4nger-Krimi \u2013 man kann nicht all diese Aspekte des Buches in eine Spielform pressen. Zumindest nicht, ohne beim Publikum Langeweile durch \u00dcbers\u00e4ttigung auszul\u00f6sen.<\/p>\n<p>Frisch war sich dieser Problematik bewusst. und in seinem H\u00f6rspiel \u00abRip van Winkle\u00bb beschr\u00e4nkte er sich deshalb weitgehend auf einen zentralen Aspekt: den Umgang mit dem eigenen Ich, die Weigerung, sich mit dem Bildnis abzufinden, das sich andere von einem machen \u2013 die Identit\u00e4tskrise eben Der andere pr\u00e4gende Teil des Romans, die subtil beschriebene Entwicklung einer unm\u00f6glichen Liebe, hat auf der B\u00fchne kaum mehr Platz, die Eheproblematik wird nur angedeutet. Was Stiller in seine Verweigerung \u2013 und in seine neue Rolle als etwas ulkiger Fremdling \u2013 getrieben hat, bleibt deshalb unbeantwortet. Die Hintergr\u00fcnde seiner Geschichte sind aber auch nicht besonders wichtig f\u00fcr das Verst\u00e4ndnis des St\u00fccks; den Kampf gegen die Vorurteile, die unsere Mitmenschen uns gegen\u00fcber haben, kennen wir wahrscheinlich alle in seiner ganzen Hoffnungslosigkeit, und wir k\u00f6nnen deshalb die Situation des Fremdlings nachempfinden. Auch wenn die meisten von uns nie derart konsequent gegen Bildnisse ank\u00e4mpfen wie Stiller.<\/p>\n<p>Frisch besch\u00e4ftigte sich zeitlebens mit dem Gebot, dass man sich von anderen kein Bildnis machen sollte. Diese Thematik ist der rote Faden durch sein Werk. Er pl\u00e4dierte nicht immer f\u00fcr Toleranz, aber jederzeit f\u00fcr Offenheit gegen\u00fcber dem Wandel eines Menschen. Wir teilen die Bedenken, die Frisch gegen\u00fcber Bildnissen und Pauschalisierungen hatte. Doch wir sind uns auch bewusst, wie schwierig es ist, ohne Stempelkissen durchs Leben zu gehen und andere nicht nur nach unserem vordergr\u00fcndigen Wissen oder unserem oberfl\u00e4chlichen Eindruck zu qualifizieren.<br \/>\nWir hoffen, Ihnen mit Stiller einige der vielzitierten \u00abDenkanst\u00f6sse\u00bb geben zu k\u00f6nnen. Nicht minder w\u00fcnschen wir Ihnen aber einen vergn\u00fcglichen Theaterabend. Denn bei aller Ernsthaftigkeit der behandelten Thematik m\u00f6chten wir mit unserer Darbietung vor allem eines: Sie gut unterhalten.<\/p>\n<p>Lesen Sie die <a href=\"http:\/\/dertheatermacher.ch\/theaterobertor\/fraz\/wp-content\/uploads\/sites\/4\/2008\/06\/03Kritik.jpg\" target=\"_blank\">Kritik<\/a> zu Stiller.<\/p>\n<p><a href=\"http:\/\/dertheatermacher.ch\/theaterobertor\/fraz\/wp-content\/uploads\/sites\/4\/2008\/06\/03Szene1.jpg\"><img decoding=\"async\" loading=\"lazy\" class=\"alignleft size-medium wp-image-43\" src=\"http:\/\/dertheatermacher.ch\/theaterobertor\/fraz\/wp-content\/uploads\/sites\/4\/2008\/06\/03Szene1-300x210.jpg\" alt=\"03Szene1\" width=\"300\" height=\"210\" srcset=\"http:\/\/dertheatermacher.ch\/theaterobertor\/fraz\/wp-content\/uploads\/sites\/4\/2008\/06\/03Szene1-300x210.jpg 300w, http:\/\/dertheatermacher.ch\/theaterobertor\/fraz\/wp-content\/uploads\/sites\/4\/2008\/06\/03Szene1.jpg 567w\" sizes=\"(max-width: 300px) 100vw, 300px\" \/><\/a> <a href=\"http:\/\/dertheatermacher.ch\/theaterobertor\/fraz\/wp-content\/uploads\/sites\/4\/2008\/06\/03Szene2.jpg\"><img decoding=\"async\" loading=\"lazy\" class=\"alignleft size-medium wp-image-44\" src=\"http:\/\/dertheatermacher.ch\/theaterobertor\/fraz\/wp-content\/uploads\/sites\/4\/2008\/06\/03Szene2-300x210.jpg\" alt=\"03Szene2\" width=\"300\" height=\"210\" srcset=\"http:\/\/dertheatermacher.ch\/theaterobertor\/fraz\/wp-content\/uploads\/sites\/4\/2008\/06\/03Szene2-300x210.jpg 300w, http:\/\/dertheatermacher.ch\/theaterobertor\/fraz\/wp-content\/uploads\/sites\/4\/2008\/06\/03Szene2.jpg 567w\" sizes=\"(max-width: 300px) 100vw, 300px\" \/><\/a> <a href=\"http:\/\/dertheatermacher.ch\/theaterobertor\/fraz\/wp-content\/uploads\/sites\/4\/2008\/06\/03Szene3.jpg\"><img decoding=\"async\" loading=\"lazy\" class=\"alignleft size-medium wp-image-45\" src=\"http:\/\/dertheatermacher.ch\/theaterobertor\/fraz\/wp-content\/uploads\/sites\/4\/2008\/06\/03Szene3-300x210.jpg\" alt=\"03Szene3\" width=\"300\" height=\"210\" srcset=\"http:\/\/dertheatermacher.ch\/theaterobertor\/fraz\/wp-content\/uploads\/sites\/4\/2008\/06\/03Szene3-300x210.jpg 300w, http:\/\/dertheatermacher.ch\/theaterobertor\/fraz\/wp-content\/uploads\/sites\/4\/2008\/06\/03Szene3.jpg 567w\" sizes=\"(max-width: 300px) 100vw, 300px\" \/><\/a> <a href=\"http:\/\/dertheatermacher.ch\/theaterobertor\/fraz\/wp-content\/uploads\/sites\/4\/2008\/06\/03Szene4.jpg\"><img decoding=\"async\" loading=\"lazy\" class=\"alignleft size-medium wp-image-46\" src=\"http:\/\/dertheatermacher.ch\/theaterobertor\/fraz\/wp-content\/uploads\/sites\/4\/2008\/06\/03Szene4-300x210.jpg\" alt=\"03Szene4\" width=\"300\" height=\"210\" srcset=\"http:\/\/dertheatermacher.ch\/theaterobertor\/fraz\/wp-content\/uploads\/sites\/4\/2008\/06\/03Szene4-300x210.jpg 300w, http:\/\/dertheatermacher.ch\/theaterobertor\/fraz\/wp-content\/uploads\/sites\/4\/2008\/06\/03Szene4.jpg 567w\" sizes=\"(max-width: 300px) 100vw, 300px\" \/><\/a> <a href=\"http:\/\/dertheatermacher.ch\/theaterobertor\/fraz\/wp-content\/uploads\/sites\/4\/2008\/06\/03Szene5.jpg\"><img decoding=\"async\" loading=\"lazy\" class=\"alignleft size-medium wp-image-47\" src=\"http:\/\/dertheatermacher.ch\/theaterobertor\/fraz\/wp-content\/uploads\/sites\/4\/2008\/06\/03Szene5-300x210.jpg\" alt=\"03Szene5\" width=\"300\" height=\"210\" srcset=\"http:\/\/dertheatermacher.ch\/theaterobertor\/fraz\/wp-content\/uploads\/sites\/4\/2008\/06\/03Szene5-300x210.jpg 300w, http:\/\/dertheatermacher.ch\/theaterobertor\/fraz\/wp-content\/uploads\/sites\/4\/2008\/06\/03Szene5.jpg 567w\" sizes=\"(max-width: 300px) 100vw, 300px\" \/><\/a> <a href=\"http:\/\/dertheatermacher.ch\/theaterobertor\/fraz\/wp-content\/uploads\/sites\/4\/2008\/06\/03Szene6.jpg\"><img decoding=\"async\" loading=\"lazy\" class=\"alignleft size-medium wp-image-48\" src=\"http:\/\/dertheatermacher.ch\/theaterobertor\/fraz\/wp-content\/uploads\/sites\/4\/2008\/06\/03Szene6-300x210.jpg\" alt=\"03Szene6\" width=\"300\" height=\"210\" srcset=\"http:\/\/dertheatermacher.ch\/theaterobertor\/fraz\/wp-content\/uploads\/sites\/4\/2008\/06\/03Szene6-300x210.jpg 300w, http:\/\/dertheatermacher.ch\/theaterobertor\/fraz\/wp-content\/uploads\/sites\/4\/2008\/06\/03Szene6.jpg 567w\" sizes=\"(max-width: 300px) 100vw, 300px\" \/><\/a><\/p>\n","protected":false},"excerpt":{"rendered":"<p>von Max Frisch 13. und 14. Janaur 1995, Theater i de Sidi, Witnerthur 19. Januar 1995, Wetzikon 26. Januar 1995, Olten 27. Januar 1995, Wattwil 28. Januar 1995, Theater im Fass, Schaffhausen 1. Februar 1995, Thalwil 2. bis 4. Februar 1995, Kulturhaus Dynamo, Z\u00fcrich Darstellende B\u00fchnenarbeiterin, Pianistin: Claudia Seeberger Der Herr, Knobel, Sachtleben: Johannes Hardmeier&#8230;<\/p>\n","protected":false},"author":3,"featured_media":247,"parent":5,"menu_order":3,"comment_status":"closed","ping_status":"closed","template":"","meta":[],"_links":{"self":[{"href":"http:\/\/dertheatermacher.ch\/theaterobertor\/fraz\/wp-json\/wp\/v2\/pages\/10"}],"collection":[{"href":"http:\/\/dertheatermacher.ch\/theaterobertor\/fraz\/wp-json\/wp\/v2\/pages"}],"about":[{"href":"http:\/\/dertheatermacher.ch\/theaterobertor\/fraz\/wp-json\/wp\/v2\/types\/page"}],"author":[{"embeddable":true,"href":"http:\/\/dertheatermacher.ch\/theaterobertor\/fraz\/wp-json\/wp\/v2\/users\/3"}],"replies":[{"embeddable":true,"href":"http:\/\/dertheatermacher.ch\/theaterobertor\/fraz\/wp-json\/wp\/v2\/comments?post=10"}],"version-history":[{"count":2,"href":"http:\/\/dertheatermacher.ch\/theaterobertor\/fraz\/wp-json\/wp\/v2\/pages\/10\/revisions"}],"predecessor-version":[{"id":260,"href":"http:\/\/dertheatermacher.ch\/theaterobertor\/fraz\/wp-json\/wp\/v2\/pages\/10\/revisions\/260"}],"up":[{"embeddable":true,"href":"http:\/\/dertheatermacher.ch\/theaterobertor\/fraz\/wp-json\/wp\/v2\/pages\/5"}],"wp:featuredmedia":[{"embeddable":true,"href":"http:\/\/dertheatermacher.ch\/theaterobertor\/fraz\/wp-json\/wp\/v2\/media\/247"}],"wp:attachment":[{"href":"http:\/\/dertheatermacher.ch\/theaterobertor\/fraz\/wp-json\/wp\/v2\/media?parent=10"}],"curies":[{"name":"wp","href":"https:\/\/api.w.org\/{rel}","templated":true}]}}